{"id":51002,"date":"2025-03-24T13:48:21","date_gmt":"2025-03-24T18:48:21","guid":{"rendered":"https:\/\/firstcallkc.org\/?page_id=51002"},"modified":"2026-03-16T13:48:48","modified_gmt":"2026-03-16T18:48:48","slug":"desayuno-comunitario-de-gratitud","status":"publish","type":"page","link":"https:\/\/www.firstcallkc.org\/es\/desayuno-comunitario-de-gratitud\/","title":{"rendered":"Desayuno Comunitario de Gratitud"},"content":{"rendered":"<p>[et_pb_section fb_built=\u00bb1&#8243; _builder_version=\u00bb4.27.4&#8243; _module_preset=\u00bbdefault\u00bb background_color=\u00bb#003B71&#8243; custom_padding=\u00bb40px||40px||true|false\u00bb global_module=\u00bb49900&#8243; global_colors_info=\u00bb{}\u00bb][et_pb_row _builder_version=\u00bb4.27.4&#8243; _module_preset=\u00bbdefault\u00bb positioning=\u00bbnone\u00bb position_origin_a=\u00bbcenter_left\u00bb custom_margin=\u00bb0px||0px||false|false\u00bb custom_padding=\u00bb0px||||false|false\u00bb animation_style=\u00bbfade\u00bb animation_delay=\u00bb500ms\u00bb animation_speed_curve=\u00bbease\u00bb global_colors_info=\u00bb{}\u00bb][et_pb_column type=\u00bb4_4&#8243; _builder_version=\u00bb4.26.1&#8243; _module_preset=\u00bbdefault\u00bb global_colors_info=\u00bb{}\u00bb][et_pb_text _builder_version=\u00bb4.27.4&#8243; _dynamic_attributes=\u00bbcontent\u00bb _module_preset=\u00bbdefault\u00bb header_text_color=\u00bb#FFFFFF\u00bb header_letter_spacing=\u00bb1px\u00bb custom_margin=\u00bb32px||17px||false|false\u00bb header_font_size_tablet=\u00bb69px\u00bb header_font_size_phone=\u00bb40px\u00bb global_colors_info=\u00bb{}\u00bb]@ET-DC@eyJkeW5hbWljIjp0cnVlLCJjb250ZW50IjoicG9zdF90aXRsZSIsInNldHRpbmdzIjp7ImJlZm9yZSI6IjxoMT4iLCJhZnRlciI6IjxcL2gxPiJ9fQ==@[\/et_pb_text][\/et_pb_column][\/et_pb_row][\/et_pb_section][et_pb_section fb_built=\u00bb1&#8243; _builder_version=\u00bb4.27.4&#8243; _module_preset=\u00bbdefault\u00bb global_colors_info=\u00bb{}\u00bb][et_pb_row column_structure=\u00bb1_2,1_2&#8243; _builder_version=\u00bb4.27.4&#8243; _module_preset=\u00bbdefault\u00bb global_colors_info=\u00bb{}\u00bb][et_pb_column type=\u00bb1_2&#8243; _builder_version=\u00bb4.27.4&#8243; _module_preset=\u00bbdefault\u00bb global_colors_info=\u00bb{}\u00bb][et_pb_image src=\u00bbhttps:\/\/www.firstcallkc.org\/wp-content\/uploads\/breakfast-7.png\u00bb title_text=\u00bbdesayuno (7)\u00bb _builder_version=\u00bb4.27.4&#8243; _module_preset=\u00bbdefault\u00bb global_colors_info=\u00bb{}\u00bb][\/et_pb_image][\/et_pb_column][et_pb_column type=\u00bb1_2&#8243; _builder_version=\u00bb4.27.4&#8243; _module_preset=\u00bbdefault\u00bb global_colors_info=\u00bb{}\u00bb][et_pb_text _builder_version=\u00bb4.27.4&#8243; _module_preset=\u00bbdefault\u00bb global_colors_info=\u00bb{}\u00bb]<\/p>\n<p class=\"font_2 wixui-rich-text__text\"><span class=\"color_29 wixui-rich-text__text\"><span class=\"wixui-rich-text__text\"><span style=\"color: #003b71;\"><strong>31 DE MARZO DE 2026<\/strong><\/span><br \/><span style=\"color: #003b71;\"><strong>Apertura de puertas y desayuno a las 8:00, <\/strong>el programa comienza a las 8:30<\/span><br \/><span style=\"color: #003b71;\">Grand Street Cafe \u2013 Plaza Location<\/span><br \/><span style=\"color: #003b71;\">4740 Grand Ave, Kansas City, Misuri 64112<\/span><\/span><\/span><span class=\"color_29 wixui-rich-text__text\"><span class=\"wixui-rich-text__text\"><\/span><\/span><\/p>\n<h4 class=\"font_2 wixui-rich-text__text\"><span class=\"color_29 wixui-rich-text__text\"><span class=\"wixui-rich-text__text\">First CallEl Desayuno Anual de Gratitud a la Comunidad celebra a quienes trabajan incansablemente para reducir el impacto del alcohol, las drogas y la adicci\u00f3n, reconociendo a los campeones en este campo.<\/span><\/span><\/h4>\n<p><span class=\"color_29 wixui-rich-text__text\"><span class=\"wixui-rich-text__text\"><\/span><\/span><\/p>\n<p>[\/et_pb_text][\/et_pb_column][\/et_pb_row][\/et_pb_section][et_pb_section fb_built=\u00bb1&#8243; _builder_version=\u00bb4.27.4&#8243; _module_preset=\u00bbdefault\u00bb use_background_color_gradient=\u00bbon\u00bb background_color_gradient_stops=\u00bbrgba(255,255,255,0.23) 0%|rgba(255,255,255,0.58) 100%\u00bb background_color_gradient_overlays_image=\u00bbon\u00bb background_image=\u00bbhttps:\/\/www.firstcallkc.org\/wp-content\/uploads\/blue-watercolor-texture-with-copyspace-right_24972-147.jpg\u00bb custom_margin=\u00bb0px||0px||false|false\u00bb global_colors_info=\u00bb{}\u00bb][et_pb_row _builder_version=\u00bb4.27.4&#8243; _module_preset=\u00bbdefault\u00bb global_colors_info=\u00bb{}\u00bb][et_pb_column type=\u00bb4_4&#8243; _builder_version=\u00bb4.27.4&#8243; _module_preset=\u00bbdefault\u00bb global_colors_info=\u00bb{}\u00bb][et_pb_text module_id=\u00bbsponsor\u00bb _builder_version=\u00bb4.27.4&#8243; _module_preset=\u00bb91d8e51b-3457-48d8-810d-1c5603cbcc1e\u00bb global_colors_info=\u00bb{}\u00bb]<\/p>\n<div id=\"comp-lw58ce4p\" class=\"HcOXKn c9GqVL QxJLC3 lq2cno YQcXTT comp-lw58ce4p wixui-rich-text\" data-testid=\"richTextElement\" ariaattributes=\"[object Object]\">\n<h3 class=\"font_8 wixui-rich-text__text\" style=\"text-align: center;\"><span class=\"wixui-rich-text__text\"><span class=\"color_29 wixui-rich-text__text\">Oportunidades de patrocinio<\/span><\/span><\/h3>\n<\/div>\n<div id=\"comp-lw58g6am\" class=\"HcOXKn c9GqVL QxJLC3 lq2cno YQcXTT comp-lw58g6am wixui-rich-text\" data-testid=\"richTextElement\" ariaattributes=\"[object Object]\"><\/div>\n<p>[\/et_pb_text][\/et_pb_column][\/et_pb_row][et_pb_row column_structure=\u00bb1_5,3_5,1_5&#8243; _builder_version=\u00bb4.27.4&#8243; _module_preset=\u00bbdefault\u00bb global_colors_info=\u00bb{}\u00bb][et_pb_column type=\u00bb1_5&#8243; _builder_version=\u00bb4.27.4&#8243; _module_preset=\u00bbdefault\u00bb global_colors_info=\u00bb{}\u00bb][\/et_pb_column][et_pb_column type=\u00bb3_5&#8243; _builder_version=\u00bb4.27.4&#8243; _module_preset=\u00bbdefault\u00bb global_colors_info=\u00bb{}\u00bb][et_pb_text _builder_version=\u00bb4.27.4&#8243; _module_preset=\u00bb91d8e51b-3457-48d8-810d-1c5603cbcc1e\u00bb custom_padding=\u00bb0px||50px||false|false\u00bb global_colors_info=\u00bb{}\u00bb]<\/p>\n<div id=\"comp-lw58g6am\" class=\"HcOXKn c9GqVL QxJLC3 lq2cno YQcXTT comp-lw58g6am wixui-rich-text\" data-testid=\"richTextElement\" ariaattributes=\"[object Object]\" style=\"text-align: center;\">\n<p class=\"cvGsUA direction-ltr align-center para-style-body\"><span class=\"a_GcMg font-feature-liga-off font-feature-clig-off font-feature-calt-off text-decoration-none text-strikethrough-none\"><strong>5.000 $<\/strong><br \/><\/span><span class=\"a_GcMg font-feature-liga-off font-feature-clig-off font-feature-calt-off text-decoration-none text-strikethrough-none\">Patrocinador principal<br \/><\/span><span class=\"a_GcMg font-feature-liga-off font-feature-clig-off font-feature-calt-off text-decoration-none text-strikethrough-none\">dos mesas de 10 personas<br \/>oportunidad de intervenci\u00f3n en el evento<br \/>inclusi\u00f3n en difusi\u00f3n en medios (redes sociales y prensa)<br \/>reconocimiento destacado como patrocinador en el evento.<\/span><\/p>\n<p class=\"font_2 wixui-rich-text__text\"><span class=\"color_29 wixui-rich-text__text\"><span class=\"wixui-rich-text__text\"><strong><\/strong><\/span><\/span><\/p>\n<p class=\"font_2 wixui-rich-text__text\"><span class=\"color_29 wixui-rich-text__text\"><span class=\"wixui-rich-text__text\"><strong>2.500 $<\/strong><br class=\"wixui-rich-text__text\">Patrocinador del Campe\u00f3n de la Esperanza<br class=\"wixui-rich-text__text\">una mesa de 10<br class=\"wixui-rich-text__text\">reconocimiento en el escenario<br class=\"wixui-rich-text__text\">inclusi\u00f3n en la difusi\u00f3n medi\u00e1tica (medios sociales y prensa)<br class=\"wixui-rich-text__text\">reconocimiento del patrocinador en el evento<br class=\"wixui-rich-text__text\"><br class=\"wixui-rich-text__text\"><strong> 1.500 $<\/strong><br class=\"wixui-rich-text__text\">Patrocinador de la Celebraci\u00f3n<br class=\"wixui-rich-text__text\">una mesa de 10<br class=\"wixui-rich-text__text\">inclusi\u00f3n en la difusi\u00f3n medi\u00e1tica (medios sociales y prensa)<\/span><\/span><br class=\"wixui-rich-text__text\"><span class=\"color_29 wixui-rich-text__text\"><span class=\"wixui-rich-text__text\">reconocimiento del patrocinador en el acto<\/span><\/span><\/p>\n<\/div>\n<p>[\/et_pb_text][et_pb_code _builder_version=\u00bb4.27.4&#8243; _module_preset=\u00bbdefault\u00bb global_colors_info=\u00bb{}\u00bb]<\/p>\n<div id=\"blackbaud-donation-form_8c907d9b-8242-49a6-99ce-c15e3e752319\"><\/div>\n<p> <script src=\"https:\/\/sky.blackbaudcdn.net\/static\/donor-form-loader\/2\/main.js\"><\/script> <script>BBDonorFormLoader.newBlackbaudDonationFormZoned('tcs', 'p-0SCtFotm8UiFsAE8fyNAWA', '8c907d9b-8242-49a6-99ce-c15e3e752319', 'usa')<\/script>[\/et_pb_code][\/et_pb_column][et_pb_column type=\u00bb1_5&#8243; _builder_version=\u00bb4.27.4&#8243; _module_preset=\u00bbdefault\u00bb global_colors_info=\u00bb{}\u00bb][\/et_pb_column][\/et_pb_row][et_pb_row _builder_version=\u00bb4.27.4&#8243; _module_preset=\u00bbdefault\u00bb global_colors_info=\u00bb{}\u00bb][et_pb_column type=\u00bb4_4&#8243; _builder_version=\u00bb4.27.4&#8243; _module_preset=\u00bbdefault\u00bb global_colors_info=\u00bb{}\u00bb][et_pb_divider color=\u00bb#003B71&#8243; divider_style=\u00bbdotted\u00bb divider_weight=\u00bb3px\u00bb _builder_version=\u00bb4.27.4&#8243; _module_preset=\u00bbdefault\u00bb custom_padding=\u00bb30px||30px||false|false\u00bb global_colors_info=\u00bb{}\u00bb][\/et_pb_divider][et_pb_text module_id=\u00bbtickets\u00bb _builder_version=\u00bb4.27.4&#8243; _module_preset=\u00bb91d8e51b-3457-48d8-810d-1c5603cbcc1e\u00bb link_option_url=\u00bb#register\u00bb global_colors_info=\u00bb{}\u00bb]<\/p>\n<h3 style=\"text-align: center;\">El registro ya est\u00e1 cerrado.<\/h3>\n<p>[\/et_pb_text][\/et_pb_column][\/et_pb_row][et_pb_row column_structure=\u00bb1_5,3_5,1_5&#8243; _builder_version=\u00bb4.27.4&#8243; _module_preset=\u00bbdefault\u00bb global_colors_info=\u00bb{}\u00bb][et_pb_column type=\u00bb1_5&#8243; _builder_version=\u00bb4.27.4&#8243; _module_preset=\u00bbdefault\u00bb global_colors_info=\u00bb{}\u00bb][\/et_pb_column][et_pb_column type=\u00bb3_5&#8243; _builder_version=\u00bb4.27.4&#8243; _module_preset=\u00bbdefault\u00bb global_colors_info=\u00bb{}\u00bb][\/et_pb_column][et_pb_column type=\u00bb1_5&#8243; _builder_version=\u00bb4.27.4&#8243; _module_preset=\u00bbdefault\u00bb global_colors_info=\u00bb{}\u00bb][\/et_pb_column][\/et_pb_row][et_pb_row _builder_version=\u00bb4.27.4&#8243; _module_preset=\u00bbdefault\u00bb global_colors_info=\u00bb{}\u00bb][et_pb_column type=\u00bb4_4&#8243; _builder_version=\u00bb4.27.4&#8243; _module_preset=\u00bbdefault\u00bb global_colors_info=\u00bb{}\u00bb][\/et_pb_column][\/et_pb_row][\/et_pb_section]<\/p>\n","protected":false},"excerpt":{"rendered":"<p>31 DE MARZO DE 2026Apertura de puertas y desayuno a las 8:00, el programa comienza a las 8:30Grand Street Cafe \u2013 Plaza Location4740 Grand Ave, Kansas City, Misuri 64112 First CallEl Desayuno Anual de Gratitud a la Comunidad celebra a quienes trabajan incansablemente para reducir el impacto del alcohol, las drogas y la adicci\u00f3n, reconociendo a los campeones en este campo. Oportunidades de patrocinio 5.000 $Patrocinador principaldos mesas de 10 personasoportunidad de intervenci\u00f3n en el eventoinclusi\u00f3n en difusi\u00f3n en medios (redes sociales y prensa)reconocimiento destacado como patrocinador en el evento. 2.500 $Patrocinador del Campe\u00f3n de la Esperanzauna mesa de 10reconocimiento en el escenarioinclusi\u00f3n en la difusi\u00f3n medi\u00e1tica (medios sociales y prensa)reconocimiento del patrocinador en el evento 1.500 $Patrocinador de la Celebraci\u00f3nuna mesa de 10inclusi\u00f3n en la difusi\u00f3n medi\u00e1tica (medios sociales y prensa)reconocimiento del patrocinador en el acto El registro ya est\u00e1 cerrado.<\/p>\n","protected":false},"author":3,"featured_media":0,"parent":0,"menu_order":0,"comment_status":"closed","ping_status":"closed","template":"","meta":{"_et_pb_use_builder":"on","_et_pb_old_content":"","_et_gb_content_width":"","_price":"","_stock":"","_tribe_ticket_header":"","_tribe_default_ticket_provider":"TEC\\Tickets\\Commerce\\Module","_tribe_ticket_capacity":"0","_ticket_start_date":"","_ticket_end_date":"","_tribe_ticket_show_description":"","_tribe_ticket_show_not_going":false,"_tribe_ticket_use_global_stock":"","_tribe_ticket_global_stock_level":"","_global_stock_mode":"","_global_stock_cap":"","_tribe_rsvp_for_event":"","_tribe_ticket_going_count":"","_tribe_ticket_not_going_count":"","_tribe_tickets_list":"[]","_tribe_ticket_has_attendee_info_fields":false,"footnotes":"","_tec_slr_enabled":"","_tec_slr_layout":""},"class_list":["post-51002","page","type-page","status-publish","hentry"],"ticketed":false,"_links":{"self":[{"href":"https:\/\/www.firstcallkc.org\/es\/wp-json\/wp\/v2\/pages\/51002","targetHints":{"allow":["GET"]}}],"collection":[{"href":"https:\/\/www.firstcallkc.org\/es\/wp-json\/wp\/v2\/pages"}],"about":[{"href":"https:\/\/www.firstcallkc.org\/es\/wp-json\/wp\/v2\/types\/page"}],"author":[{"embeddable":true,"href":"https:\/\/www.firstcallkc.org\/es\/wp-json\/wp\/v2\/users\/3"}],"replies":[{"embeddable":true,"href":"https:\/\/www.firstcallkc.org\/es\/wp-json\/wp\/v2\/comments?post=51002"}],"version-history":[{"count":41,"href":"https:\/\/www.firstcallkc.org\/es\/wp-json\/wp\/v2\/pages\/51002\/revisions"}],"predecessor-version":[{"id":55203,"href":"https:\/\/www.firstcallkc.org\/es\/wp-json\/wp\/v2\/pages\/51002\/revisions\/55203"}],"wp:attachment":[{"href":"https:\/\/www.firstcallkc.org\/es\/wp-json\/wp\/v2\/media?parent=51002"}],"curies":[{"name":"wp","href":"https:\/\/api.w.org\/{rel}","templated":true}]}}