{"id":51006,"date":"2025-03-24T13:48:18","date_gmt":"2025-03-24T18:48:18","guid":{"rendered":"https:\/\/firstcallkc.org\/?page_id=51006"},"modified":"2025-07-29T15:00:18","modified_gmt":"2025-07-29T20:00:18","slug":"dona","status":"publish","type":"page","link":"https:\/\/www.firstcallkc.org\/es\/dona\/","title":{"rendered":"Dona"},"content":{"rendered":"<p>[et_pb_section fb_built=\u00bb1&#8243; _builder_version=\u00bb4.27.4&#8243; _module_preset=\u00bbdefault\u00bb background_color=\u00bb#D3E6F4&#8243; custom_padding=\u00bb||||false|false\u00bb global_colors_info=\u00bb{}\u00bb][et_pb_row _builder_version=\u00bb4.27.4&#8243; _module_preset=\u00bbdefault\u00bb positioning=\u00bbnone\u00bb position_origin_a=\u00bbcenter_left\u00bb custom_margin=\u00bb0px||0px||false|false\u00bb custom_padding=\u00bb0px||||false|false\u00bb animation_style=\u00bbfade\u00bb animation_delay=\u00bb500ms\u00bb animation_speed_curve=\u00bbease\u00bb global_colors_info=\u00bb{}\u00bb][et_pb_column type=\u00bb4_4&#8243; _builder_version=\u00bb4.26.1&#8243; _module_preset=\u00bbdefault\u00bb global_colors_info=\u00bb{}\u00bb][et_pb_text _builder_version=\u00bb4.27.4&#8243; _module_preset=\u00bbdefault\u00bb custom_margin=\u00bb32px||17px||false|false\u00bb header_font_size_tablet=\u00bb69px\u00bb header_font_size_phone=\u00bb40px\u00bb global_colors_info=\u00bb{}\u00bb]<\/p>\n<h1>Colabora con nuestra misi\u00f3n de salvar vidas<\/h1>\n<p>[\/et_pb_text][et_pb_button button_url=\u00bb#donate\u00bb button_text=\u00bbdona ahora\u00bb _builder_version=\u00bb4.27.4&#8243; _module_preset=\u00bb23b6e5b5-f6d3-4366-a64a-f8aa5ee0621f\u00bb button_font=\u00bb\u2013et_global_heading_font|500||on|||||\u00bb custom_margin=\u00bb50px|20px|0px|20px|false|true\u00bb global_colors_info=\u00bb{}\u00bb][\/et_pb_button][\/et_pb_column][\/et_pb_row][\/et_pb_section][et_pb_section fb_built=\u00bb1&#8243; _builder_version=\u00bb4.27.4&#8243; _module_preset=\u00bbdefault\u00bb background_color=\u00bb#003B71&#8243; custom_padding=\u00bb30px||30px||true|\u00bb global_colors_info=\u00bb{}\u00bb][et_pb_row _builder_version=\u00bb4.27.4&#8243; _module_preset=\u00bbdefault\u00bb global_colors_info=\u00bb{}\u00bb][et_pb_column type=\u00bb4_4&#8243; _builder_version=\u00bb4.27.4&#8243; _module_preset=\u00bbdefault\u00bb global_colors_info=\u00bb{}\u00bb][dsm_typing_effect typing_effect=\u00bbTu apoyo es fundamental.\u00bb typing_loop=\u00bboff\u00bb typing_speed=\u00bb80ms\u00bb typing_backspeed=\u00bb14ms\u00bb typing_fadeout=\u00bbon\u00bb _builder_version=\u00bb4.27.4&#8243; _module_preset=\u00bbdefault\u00bb header_level=\u00bbh2&#8243; header_font=\u00bb\u2013et_global_heading_font|||on|||||\u00bb header_text_align=\u00bbcenter\u00bb header_text_color=\u00bb#FFFFFF\u00bb header_font_size=\u00bb40px\u00bb global_colors_info=\u00bb{}\u00bb][\/dsm_typing_effect][\/et_pb_column][\/et_pb_row][\/et_pb_section][et_pb_section fb_built=\u00bb1&#8243; _builder_version=\u00bb4.27.4&#8243; _module_preset=\u00bbdefault\u00bb global_colors_info=\u00bb{}\u00bb][et_pb_row column_structure=\u00bb1_2,1_2&#8243; _builder_version=\u00bb4.27.4&#8243; _module_preset=\u00bbdefault\u00bb global_colors_info=\u00bb{}\u00bb][et_pb_column type=\u00bb1_2&#8243; _builder_version=\u00bb4.27.4&#8243; _module_preset=\u00bbdefault\u00bb global_colors_info=\u00bb{}\u00bb][et_pb_text _builder_version=\u00bb4.27.4&#8243; _module_preset=\u00bbdefault\u00bb hover_enabled=\u00bb0&#8243; global_colors_info=\u00bb{}\u00bb sticky_enabled=\u00bb0&#8243;]<\/p>\n<div id=\"bgLayers_comp-lx0w1cza\" data-hook=\"bgLayers\" data-motion-part=\"BG_LAYER comp-lx0w1cza\" class=\"MW5IWV\">\n<div id=\"bgMedia_comp-lx0w1cza\" data-motion-part=\"BG_MEDIA comp-lx0w1cza\" class=\"VgO9Yg\"><\/div>\n<\/div>\n<div data-mesh-id=\"comp-lx0w1czainlineContent\" data-testid=\"inline-content\" class=\"\">\n<div data-mesh-id=\"comp-lx0w1czainlineContent-gridContainer\" data-testid=\"mesh-container-content\">\n<div id=\"comp-ko37223c\" class=\"MazNVa comp-ko37223c wixui-image\">\n<div data-testid=\"linkElement\" class=\"j7pOnl\">Querido amigo<\/div>\n<div data-testid=\"linkElement\" class=\"j7pOnl\"><\/div>\n<div data-testid=\"linkElement\" class=\"j7pOnl\"><\/div>\n<div data-testid=\"linkElement\" class=\"j7pOnl\"><\/div>\n<\/div>\n<div id=\"comp-lqciftbl\" class=\"HcOXKn c9GqVL QxJLC3 lq2cno YQcXTT comp-lqciftbl wixui-rich-text\" data-testid=\"richTextElement\" ariaattributes=\"[object Object]\">\n<p class=\"font_8 wixui-rich-text__text\"><span class=\"color_43 wixui-rich-text__text\"><span class=\"wixui-rich-text__text\"><\/span><\/span><\/p>\n<p class=\"font_8 wixui-rich-text__text\"><span class=\"color_43 wixui-rich-text__text\"><span class=\"wixui-rich-text__text\">\u00a1Su donaci\u00f3n de hoy le convierte en un campe\u00f3n de First Call<img loading=\"lazy\" decoding=\"async\" src=\"https:\/\/www.firstcallkc.org\/wp-content\/uploads\/Emily-Hage_PNG-225x300.jpg\" width=\"225\" height=\"300\" alt=\"\" class=\"wp-image-49892 alignnone size-medium\" style=\"float: right;\" srcset=\"https:\/\/www.firstcallkc.org\/wp-content\/uploads\/Emily-Hage_PNG-225x300.jpg 225w, https:\/\/www.firstcallkc.org\/wp-content\/uploads\/Emily-Hage_PNG.avif 466w\" sizes=\"(max-width: 225px) 100vw, 225px\" \/>!<\/span><\/span> <strong><span class=\"color_43 wixui-rich-text__text\"><span class=\"wixui-rich-text__text\">Su contribuci\u00f3n nos ayudar\u00e1 a brindar ayuda <\/span><\/span><\/strong><span class=\"color_43 wixui-rich-text__text\"><span class=\"wixui-rich-text__text\"><strong>vital y transformadora a m\u00e1s de 50.000 personas y familias en nuestra regi\u00f3n<\/strong>.<\/span><\/span><span class=\"color_43 wixui-rich-text__text\"><span class=\"wixui-rich-text__text\"> <\/span><\/span><\/p>\n<p class=\"font_8 wixui-rich-text__text\"><span class=\"color_43 wixui-rich-text__text\"><span class=\"wixui-rich-text__text\">Considera la posibilidad de hacer un donativo mensual recurrente.<\/span><\/span><\/p>\n<p class=\"font_8 wixui-rich-text__text\"><span class=\"color_43 wixui-rich-text__text\"><span class=\"wixui-rich-text__text\">Tu compromiso de apoyo mensual ayuda a garantizar que los fondos  <\/span><\/span><span class=\"color_43 wixui-rich-text__text\"><span class=\"wixui-rich-text__text\">est\u00e1n disponibles todo el a\u00f1o. La sostenibilidad es fundamental para la comunidad   <\/span><\/span><span class=\"color_43 wixui-rich-text__text\"><span class=\"wixui-rich-text__text\">coaliciones a las que servimos; las escuelas donde impartimos habilidades para la vida y <\/span><\/span><span class=\"color_43 wixui-rich-text__text\"><span class=\"wixui-rich-text__text\">apoyo para j\u00f3venes en recuperaci\u00f3n; y las personas y familias <\/span><\/span><span class=\"color_43 wixui-rich-text__text\"><span class=\"wixui-rich-text__text\">que llaman a la l\u00ednea de crisis 24\/7 de First Call para acceder a ayuda inmediata, <\/span><\/span><span class=\"color_43 wixui-rich-text__text\"><span class=\"wixui-rich-text__text\">evaluaciones, apoyo cl\u00ednico individual y clases grupales<\/span>.<\/span><span class=\"color_43 wixui-rich-text__text\"><span class=\"wixui-rich-text__text\"> <\/span><\/span><\/p>\n<p class=\"font_8 wixui-rich-text__text\"><span class=\"color_43 wixui-rich-text__text\"><span class=\"wixui-rich-text__text\">Mi bandeja de entrada y mi l\u00ednea telef\u00f3nica est\u00e1n siempre abiertas para ti. No dudes en enviarme un correo electr\u00f3nico a <span> <\/span><a data-auto-recognition=\"true\" href=\"mailto:emilyh@firstcallkc.org\" class=\"wixui-rich-text__text\">emilyh@firstcallkc.org,<\/a> o ll\u00e1mame al 816-800-8052 si tienes alguna pregunta o si quieres designar tu donativo para un fin concreto.<\/span><\/span><\/p>\n<p class=\"font_8 wixui-rich-text__text\"><span class=\"color_43 wixui-rich-text__text\"><span class=\"wixui-rich-text__text\"><\/span><\/span><\/p>\n<p class=\"font_8 wixui-rich-text__text\"><span class=\"color_43 wixui-rich-text__text\"><span class=\"wixui-rich-text__text\"><\/span><\/span><\/p>\n<p class=\"font_8 wixui-rich-text__text\"><span class=\"color_43 wixui-rich-text__text\"><span class=\"wixui-rich-text__text\">Con mucha gratitud,<\/span><\/span><\/p>\n<p class=\"font_8 wixui-rich-text__text\"><strong><span class=\"color_43 wixui-rich-text__text\"><span class=\"wixui-rich-text__text\">Emily Hage  <\/span><\/span><\/strong><\/p>\n<\/div>\n<\/div>\n<\/div>\n<p>[\/et_pb_text][dsm_perspective_image _builder_version=\u00bb4.27.4&#8243; _module_preset=\u00bbdefault\u00bb global_colors_info=\u00bb{}\u00bb][\/dsm_perspective_image][\/et_pb_column][et_pb_column type=\u00bb1_2&#8243; _builder_version=\u00bb4.27.4&#8243; _module_preset=\u00bbdefault\u00bb global_colors_info=\u00bb{}\u00bb][et_pb_code module_id=\u00bbdonate\u00bb _builder_version=\u00bb4.27.4&#8243; _module_preset=\u00bbdefault\u00bb global_colors_info=\u00bb{}\u00bb]<\/p>\n<div id=\"blackbaud-donation-form_8946b7bd-5b04-4fad-97dc-8e622fc45e3a\"><\/div>\n<p><!-- [et_pb_line_break_holder] -->        <script src=\"https:\/\/sky.blackbaudcdn.net\/static\/donor-form-loader\/2\/main.js\"><\/script><!-- [et_pb_line_break_holder] -->        <script>BBDonorFormLoader.newBlackbaudDonationFormZoned('renxt', 'p-0SCtFotm8UiFsAE8fyNAWA', '8946b7bd-5b04-4fad-97dc-8e622fc45e3a', 'usa')<\/script>[\/et_pb_code][\/et_pb_column][\/et_pb_row][\/et_pb_section]<\/p>\n","protected":false},"excerpt":{"rendered":"<p>Colabora con nuestra misi\u00f3n de salvar vidas<div class=\"et_pb_module dsm_typing_effect dsm_typing_effect_0 et_pb_bg_layout_light \">\n\t\t\t\t\n\t\t\t\t\n\t\t\t\t\n\t\t\t\t\n\t\t\t\t\n\t\t\t\t\n\t\t\t\t<div class=\"et_pb_module_inner\">\n\t\t\t\t\t<h2 class=\"dsm-typing-effect et_pb_module_header\" aria-label=\"Tu apoyo es fundamental.\"> <span class=\"dsm-typing-wrapper\"><span class=\"dsm-typing-strings\">Tu apoyo es fundamental.<\/span><span class=\"dsm-typing\" aria-hidden=\"true\" data-dsm-typing-cursor=\"|\" data-dsm-typing-strings=\"Tu apoyo es fundamental.\" data-dsm-typing-speed=80ms data-dsm-typing-backspeed=14ms data-dsm-typing-backdelay=700ms data-dsm-typing-loop=false data-dsm-typing-remove-cursor=off data-dsm-typing-fadeout=true data-dsm-typing-shuffle=false data-dsm-typing-delay=0ms data-dsm-typing-viewport=80% data-dsm-typing-repeat=on><\/span><\/span><\/h2>\n\t\t\t\t<\/div>\n\t\t\t<\/div> Querido amigo \u00a1Su donaci\u00f3n de hoy le convierte en un campe\u00f3n de First Call! Su contribuci\u00f3n nos ayudar\u00e1 a brindar ayuda vital y transformadora a m\u00e1s de 50.000 personas y familias en nuestra regi\u00f3n. Considera la posibilidad de hacer un donativo mensual recurrente. Tu compromiso de apoyo mensual ayuda a garantizar que los fondos est\u00e1n disponibles todo el a\u00f1o. La sostenibilidad es fundamental para la comunidad coaliciones a las que servimos; las escuelas donde impartimos habilidades para la vida y apoyo para j\u00f3venes en recuperaci\u00f3n; y las personas y familias que llaman a la l\u00ednea de crisis 24\/7 de First Call para acceder a ayuda inmediata, evaluaciones, apoyo cl\u00ednico individual y clases grupales. Mi bandeja de entrada y mi l\u00ednea telef\u00f3nica est\u00e1n siempre abiertas para ti. No dudes en enviarme un correo electr\u00f3nico a emilyh@firstcallkc.org, o ll\u00e1mame al 816-800-8052 si tienes alguna pregunta o si quieres designar tu donativo para un fin concreto. Con mucha gratitud, Emily Hage <div class=\"et_pb_module dsm_perspective_image dsm_perspective_image_0\">\n\t\t\t\t\n\t\t\t\t\n\t\t\t\t\n\t\t\t\t\n\t\t\t\t\n\t\t\t\t\n\t\t\t\t<div class=\"et_pb_module_inner\">\n\t\t\t\t\t<div class=\"dsm-perspective-image-wrapper et_always_center_on_mobile\">\n\t\t\t\t\n\t\t\t\t\n\t\t\t\t<span class=\"et_pb_image_wrap \"><img decoding=\"async\" src=\"\" alt=\"\" \/><\/span>\n\t\t\t<\/div>\n\t\t\t\t<\/div>\n\t\t\t<\/div><\/p>\n","protected":false},"author":3,"featured_media":0,"parent":0,"menu_order":0,"comment_status":"closed","ping_status":"closed","template":"","meta":{"_et_pb_use_builder":"on","_et_pb_old_content":"","_et_gb_content_width":"","_price":"","_stock":"","_tribe_ticket_header":"","_tribe_default_ticket_provider":"","_tribe_ticket_capacity":"0","_ticket_start_date":"","_ticket_end_date":"","_tribe_ticket_show_description":"","_tribe_ticket_show_not_going":false,"_tribe_ticket_use_global_stock":"","_tribe_ticket_global_stock_level":"","_global_stock_mode":"","_global_stock_cap":"","_tribe_rsvp_for_event":"","_tribe_ticket_going_count":"","_tribe_ticket_not_going_count":"","_tribe_tickets_list":"[]","_tribe_ticket_has_attendee_info_fields":false,"footnotes":"","_tec_slr_enabled":"","_tec_slr_layout":""},"class_list":["post-51006","page","type-page","status-publish","hentry"],"ticketed":false,"_links":{"self":[{"href":"https:\/\/www.firstcallkc.org\/es\/wp-json\/wp\/v2\/pages\/51006","targetHints":{"allow":["GET"]}}],"collection":[{"href":"https:\/\/www.firstcallkc.org\/es\/wp-json\/wp\/v2\/pages"}],"about":[{"href":"https:\/\/www.firstcallkc.org\/es\/wp-json\/wp\/v2\/types\/page"}],"author":[{"embeddable":true,"href":"https:\/\/www.firstcallkc.org\/es\/wp-json\/wp\/v2\/users\/3"}],"replies":[{"embeddable":true,"href":"https:\/\/www.firstcallkc.org\/es\/wp-json\/wp\/v2\/comments?post=51006"}],"version-history":[{"count":3,"href":"https:\/\/www.firstcallkc.org\/es\/wp-json\/wp\/v2\/pages\/51006\/revisions"}],"predecessor-version":[{"id":53412,"href":"https:\/\/www.firstcallkc.org\/es\/wp-json\/wp\/v2\/pages\/51006\/revisions\/53412"}],"wp:attachment":[{"href":"https:\/\/www.firstcallkc.org\/es\/wp-json\/wp\/v2\/media?parent=51006"}],"curies":[{"name":"wp","href":"https:\/\/api.w.org\/{rel}","templated":true}]}}