{"id":51028,"date":"2025-03-22T16:40:44","date_gmt":"2025-03-22T21:40:44","guid":{"rendered":"https:\/\/firstcallkc.org\/ponte-en-contacto-con\/"},"modified":"2025-09-03T11:42:14","modified_gmt":"2025-09-03T16:42:14","slug":"ponte-en-contacto-con","status":"publish","type":"page","link":"https:\/\/www.firstcallkc.org\/es\/ponte-en-contacto-con\/","title":{"rendered":"Ponte en contacto con"},"content":{"rendered":"<p>[et_pb_section fb_built=\u00bb1&#8243; _builder_version=\u00bb4.27.4&#8243; _module_preset=\u00bbdefault\u00bb background_color=\u00bb#003B71&#8243; custom_padding=\u00bb40px||40px||true|false\u00bb global_module=\u00bb49900&#8243; global_colors_info=\u00bb{}\u00bb][et_pb_row _builder_version=\u00bb4.27.4&#8243; _module_preset=\u00bbdefault\u00bb positioning=\u00bbnone\u00bb position_origin_a=\u00bbcenter_left\u00bb custom_margin=\u00bb0px||0px||false|false\u00bb custom_padding=\u00bb0px||||false|false\u00bb animation_style=\u00bbfade\u00bb animation_delay=\u00bb500ms\u00bb animation_speed_curve=\u00bbease\u00bb global_colors_info=\u00bb{}\u00bb][et_pb_column type=\u00bb4_4&#8243; _builder_version=\u00bb4.26.1&#8243; _module_preset=\u00bbdefault\u00bb global_colors_info=\u00bb{}\u00bb][et_pb_text _builder_version=\u00bb4.27.4&#8243; _dynamic_attributes=\u00bbcontent\u00bb _module_preset=\u00bbdefault\u00bb header_text_color=\u00bb#FFFFFF\u00bb header_letter_spacing=\u00bb1px\u00bb custom_margin=\u00bb32px||17px||false|false\u00bb header_font_size_tablet=\u00bb69px\u00bb header_font_size_phone=\u00bb40px\u00bb global_colors_info=\u00bb{}\u00bb]@ET-DC@eyJkeW5hbWljIjp0cnVlLCJjb250ZW50IjoicG9zdF90aXRsZSIsInNldHRpbmdzIjp7ImJlZm9yZSI6IjxoMT4iLCJhZnRlciI6IjxcL2gxPiJ9fQ==@[\/et_pb_text][\/et_pb_column][\/et_pb_row][\/et_pb_section][et_pb_section fb_built=\u00bb1&#8243; _builder_version=\u00bb4.27.4&#8243; _module_preset=\u00bbdefault\u00bb background_color=\u00bbgcid-e3b30804-98c5-4528-8663-76f4e5b210ad\u00bb custom_margin=\u00bb0px||0px||false|false\u00bb custom_padding=\u00bb||||false|false\u00bb global_module=\u00bb52062&#8243; global_colors_info=\u00bb{%22gcid-e3b30804-98c5-4528-8663-76f4e5b210ad%22:%91%22background_color%22%93}\u00bb][et_pb_row _builder_version=\u00bb4.27.4&#8243; _module_preset=\u00bbdefault\u00bb max_width=\u00bb800px\u00bb custom_padding=\u00bb0px||0px||false|false\u00bb animation_style=\u00bbfade\u00bb animation_delay=\u00bb500ms\u00bb animation_speed_curve=\u00bbease\u00bb locked=\u00bboff\u00bb global_colors_info=\u00bb{}\u00bb][et_pb_column type=\u00bb4_4&#8243; _builder_version=\u00bb4.26.1&#8243; _module_preset=\u00bbdefault\u00bb global_colors_info=\u00bb{}\u00bb][et_pb_text _builder_version=\u00bb4.27.4&#8243; _module_preset=\u00bbdefault\u00bb header_4_font=\u00bb||||||||\u00bb header_4_text_align=\u00bbcenter\u00bb header_4_text_color=\u00bb#6786B8&#8243; header_4_line_height=\u00bb1.2em\u00bb custom_margin=\u00bb||0px||false|false\u00bb custom_margin_tablet=\u00bb32px||0px||false|false\u00bb custom_margin_phone=\u00bb25px||0px||false|false\u00bb custom_padding=\u00bb||||false|false\u00bb header_4_font_size_tablet=\u00bb24px\u00bb header_4_font_size_phone=\u00bb22px\u00bb global_colors_info=\u00bb{}\u00bb]<\/p>\n<h4>L\u00ednea gratuita de crisis 24\/7<\/h4>\n<p>[\/et_pb_text][et_pb_text _builder_version=\u00bb4.27.4&#8243; _module_preset=\u00bbdefault\u00bb header_2_text_align=\u00bbcenter\u00bb header_2_font_size=\u00bb92px\u00bb custom_margin=\u00bb-16px||-18px||false|false\u00bb custom_margin_tablet=\u00bb-16px||-18px||false|false\u00bb custom_margin_phone=\u00bb-12px||-14px||false|false\u00bb custom_padding=\u00bb||||false|false\u00bb header_2_font_size_tablet=\u00bb82px\u00bb header_2_font_size_phone=\u00bb54px\u00bb global_colors_info=\u00bb{}\u00bb header_2_text_color__hover_enabled=\u00bbon|desktop\u00bb]<\/p>\n<h2><strong><a href=\"tel:816.361.5900\">816.361.5900<\/a><\/strong><\/h2>\n<p>[\/et_pb_text][et_pb_text _builder_version=\u00bb4.27.4&#8243; _module_preset=\u00bbdefault\u00bb header_4_font=\u00bb||||||||\u00bb header_4_text_align=\u00bbcenter\u00bb header_4_text_color=\u00bb#6786B8&#8243; header_4_line_height=\u00bb1.2em\u00bb custom_margin=\u00bb0px||||false|false\u00bb custom_margin_tablet=\u00bb0px||20px||false|false\u00bb custom_margin_phone=\u00bb0px||15px||false|false\u00bb header_4_font_size_tablet=\u00bb24px\u00bb header_4_font_size_phone=\u00bb22px\u00bb global_colors_info=\u00bb{}\u00bb]<\/p>\n<h4>Una llamada puede salvar una vida<\/h4>\n<p>[\/et_pb_text][\/et_pb_column][\/et_pb_row][\/et_pb_section][et_pb_section fb_built=\u00bb1&#8243; _builder_version=\u00bb4.27.4&#8243; _module_preset=\u00bbdefault\u00bb use_background_color_gradient=\u00bbon\u00bb background_color_gradient_stops=\u00bbrgba(255,255,255,0.23) 0%|rgba(255,255,255,0.58) 100%\u00bb background_color_gradient_overlays_image=\u00bbon\u00bb background_image=\u00bbhttps:\/\/www.firstcallkc.org\/wp-content\/uploads\/blue-watercolor-texture-with-copyspace-right_24972-147.jpg\u00bb custom_margin=\u00bb0px||0px||false|false\u00bb global_colors_info=\u00bb{}\u00bb][et_pb_row _builder_version=\u00bb4.27.4&#8243; _module_preset=\u00bbdefault\u00bb max_width=\u00bb632px\u00bb global_colors_info=\u00bb{}\u00bb][et_pb_column type=\u00bb4_4&#8243; _builder_version=\u00bb4.27.4&#8243; _module_preset=\u00bbdefault\u00bb global_colors_info=\u00bb{}\u00bb][et_pb_text _builder_version=\u00bb4.27.4&#8243; _module_preset=\u00bb91d8e51b-3457-48d8-810d-1c5603cbcc1e\u00bb global_colors_info=\u00bb{}\u00bb]<\/p>\n<h2>No est\u00e1 solo. La esperanza empieza aqu\u00ed, su First Call. <\/h2>\n<p>Rellene este formulario y First Call se pondr\u00e1 en contacto con usted en breve.<\/p>\n<p><span style=\"text-decoration: underline;\"><strong>*<\/strong><\/span><span class=\"color_29 wixui-rich-text__text\"><span class=\"wixui-rich-text__text\"><span style=\"text-decoration: underline;\"><strong>Ten en cuenta que las consultas a los formularios no se supervisan 24 horas al d\u00eda, 7 d\u00edas a la semana<\/strong> <\/span>y puedes esperar una respuesta durante el horario laboral administrativo habitual (de lunes a viernes, de 9 a 17 h). Si est\u00e1s en crisis,   <\/span><\/span><span class=\"color_29 wixui-rich-text__text\"><span class=\"wixui-rich-text__text\">llama a nuestra L\u00ednea de Crisis 24\/7<span> <\/span>al 816-361-5900.  <\/span><\/span><\/p>\n<p>&nbsp;<\/p>\n<p>[\/et_pb_text][et_pb_contact_form captcha=\u00bboff\u00bb success_message=\u00bb&lt;p&gt;\u00a1Gracias por enviar su consulta! Nos pondremos en contacto con usted en breve.  &lt;\/p&gt;\u00bb _builder_version=\u00bb4.27.4&#8243; _module_preset=\u00bbdefault\u00bb _unique_id=\u00bbGeneral Contact Form \u2013 Contact Page\u00bb form_field_background_color=\u00bb#D3E6F4&#8243; form_field_text_color=\u00bbgcid-4dfaa29b-4e10-4b7b-b09c-d7e44840f401&#8243; form_field_font=\u00bb\u2013et_global_body_font||||||||\u00bb form_field_font_size=\u00bb20px\u00bb form_field_line_height=\u00bb1.4em\u00bb custom_button=\u00bbon\u00bb button_text_size=\u00bb13px\u00bb button_text_color=\u00bbgcid-a619ccf1-db75-42ca-81f1-0f19d5dadeca\u00bb button_bg_color=\u00bb#003B71&#8243; button_border_width=\u00bb1px\u00bb button_border_color=\u00bb#6786B8&#8243; button_border_radius=\u00bb30px\u00bb button_letter_spacing=\u00bb2px\u00bb button_font=\u00bb\u2013et_global_heading_font|||on|||||\u00bb button_custom_padding=\u00bb10px|50px|10px|50px|true|true\u00bb custom_margin=\u00bb|||||false\u00bb custom_padding=\u00bb|||||true\u00bb hover_enabled=\u00bb0&#8243; use_custom_message_richtext=\u00bbon\u00bb use_conditional_emails=\u00bbon\u00bb conditional_email_pattern=\u00bbI_am::In Crisis &#038; Need Help:deborahl@firstcallkc.local, I_am::A Community Member\/Corporate Partner: ldumas@firstcallkc.local , I_am::A Family\/Loved One:deborahl@firstcallkc.local, I_am::Other:deborahl@firstcallkc.local\u00bb border_radii=\u00bbon|30px|30px|30px|30px\u00bb border_width_all=\u00bb1px\u00bb border_color_all=\u00bbgcid-4dfaa29b-4e10-4b7b-b09c-d7e44840f401&#8243; global_colors_info=\u00bb{%22gcid-4dfaa29b-4e10-4b7b-b09c-d7e44840f401%22:%91%22form_field_text_color%22,%22border_color_all%22,%22form_field_text_color%22,%22border_color_all%22%93,%22gcid-a619ccf1-db75-42ca-81f1-0f19d5dadeca%22:%91%22button_text_color%22,%22button_text_color%22%93}\u00bb sticky_enabled=\u00bb0&#8243;][et_pb_contact_field field_id=\u00bbName\u00bb field_title=\u00bbNombre\u00bb _builder_version=\u00bb4.27.4&#8243; global_colors_info=\u00bb{}\u00bb button_text_size__hover_enabled=\u00bboff\u00bb button_one_text_size__hover_enabled=\u00bboff\u00bb button_two_text_size__hover_enabled=\u00bboff\u00bb button_text_color__hover_enabled=\u00bboff\u00bb button_one_text_color__hover_enabled=\u00bboff\u00bb button_two_text_color__hover_enabled=\u00bboff\u00bb button_border_width__hover_enabled=\u00bboff\u00bb button_one_border_width__hover_enabled=\u00bboff\u00bb button_two_border_width__hover_enabled=\u00bboff\u00bb button_border_color__hover_enabled=\u00bboff\u00bb button_one_border_color__hover_enabled=\u00bboff\u00bb button_two_border_color__hover_enabled=\u00bboff\u00bb button_border_radius__hover_enabled=\u00bboff\u00bb button_one_border_radius__hover_enabled=\u00bboff\u00bb button_two_border_radius__hover_enabled=\u00bboff\u00bb button_letter_spacing__hover_enabled=\u00bboff\u00bb button_one_letter_spacing__hover_enabled=\u00bboff\u00bb button_two_letter_spacing__hover_enabled=\u00bboff\u00bb button_bg_color__hover_enabled=\u00bboff\u00bb button_one_bg_color__hover_enabled=\u00bboff\u00bb button_two_bg_color__hover_enabled=\u00bboff\u00bb][\/et_pb_contact_field][et_pb_contact_field field_id=\u00bbEmail\u00bb field_title=\u00bbDirecci\u00f3n de correo electr\u00f3nico\u00bb field_type=\u00bbemail\u00bb _builder_version=\u00bb4.27.4&#8243; global_colors_info=\u00bb{}\u00bb button_text_size__hover_enabled=\u00bboff\u00bb button_one_text_size__hover_enabled=\u00bboff\u00bb button_two_text_size__hover_enabled=\u00bboff\u00bb button_text_color__hover_enabled=\u00bboff\u00bb button_one_text_color__hover_enabled=\u00bboff\u00bb button_two_text_color__hover_enabled=\u00bboff\u00bb button_border_width__hover_enabled=\u00bboff\u00bb button_one_border_width__hover_enabled=\u00bboff\u00bb button_two_border_width__hover_enabled=\u00bboff\u00bb button_border_color__hover_enabled=\u00bboff\u00bb button_one_border_color__hover_enabled=\u00bboff\u00bb button_two_border_color__hover_enabled=\u00bboff\u00bb button_border_radius__hover_enabled=\u00bboff\u00bb button_one_border_radius__hover_enabled=\u00bboff\u00bb button_two_border_radius__hover_enabled=\u00bboff\u00bb button_letter_spacing__hover_enabled=\u00bboff\u00bb button_one_letter_spacing__hover_enabled=\u00bboff\u00bb button_two_letter_spacing__hover_enabled=\u00bboff\u00bb button_bg_color__hover_enabled=\u00bboff\u00bb button_one_bg_color__hover_enabled=\u00bboff\u00bb button_two_bg_color__hover_enabled=\u00bboff\u00bb][\/et_pb_contact_field][et_pb_contact_field field_id=\u00bbI_am\u00bb field_title=\u00bbSoy: (Selecciona de la lista desplegable)\u00bb field_type=\u00bbselect\u00bb select_options=\u00bb%91{%22value%22:%22En crisis y necesitas ayuda%22,%22checked%22:0,%22dragID%22:-1},{%22value%22:%22Un Miembro de la Comunidad%92\/Socio Corporativo%22,%22checked%22:0,%22dragID%22:0},{%22value%22:%22Una familia%92\/un ser querido%22,%22checked%22:0,%22dragID%22:1},{%22value%22:%22Otros%22,%22checked%22:0,%22dragID%22:2}%93&#8243; fullwidth_field=\u00bbon\u00bb _builder_version=\u00bb4.27.4&#8243; _module_preset=\u00bbdefault\u00bb global_colors_info=\u00bb{}\u00bb][\/et_pb_contact_field][et_pb_contact_field field_id=\u00bbIn_Crisis_Options\u00bb field_title=\u00bbEn Crisis Opciones\u00bb field_type=\u00bbcheckbox\u00bb checkbox_options=\u00bb%91{%22value%22:%22Programa una evaluaci\u00f3n confidencial%22,%22checked%22:0,%22dragID%22:-1},{%22value%22:%22Que te llame un asesor%22,%22checked%22:0,%22dragID%22:0},{%22value%22:%22Necesito iniciar el camino de la recuperaci\u00f3n %92\/ Necesito un centro de tratamiento  %22,%22checked%22:0,%22dragID%22:1},{%22value%22:%22No estoy seguro de lo que necesito \u2013 ay\u00fadame a empezar  %22,%22checked%22:0,%22dragID%22:2},{%22value%22:%22Otros%22,%22checked%22:0,%22dragID%22:3}%93&#8243; required_mark=\u00bboff\u00bb fullwidth_field=\u00bbon\u00bb conditional_logic=\u00bbon\u00bb conditional_logic_rules=\u00bb%91{%22field%22:%22i_am%22,%22condition%22:%22is%22,%22value%22:%22In Crisis &#038; Need Help%22}%93&#8243; _builder_version=\u00bb4.27.4&#8243; _module_preset=\u00bbdefault\u00bb use_field_label_cr=\u00bboff\u00bb field_description=\u00bbCheck all that apply.\u00bb field_description_location=\u00bbabove\u00bb global_colors_info=\u00bb{}\u00bb][\/et_pb_contact_field][et_pb_contact_field field_id=\u00bbFamily_Options\u00bb field_title=\u00bbOpciones familiares\u00bb field_type=\u00bbcheckbox\u00bb checkbox_options=\u00bb%91{%22value%22:%22Que te llame un asesor%22,%22checked%22:0,%22dragID%22:0},{%22value%22:%22No estoy seguro de lo que necesito \u2013 ay\u00fadame a empezar  %22,%22checked%22:0,%22dragID%22:2},{%22value%22:%22Necesitan acceso a recursos%22,%22checked%22:0,%22dragID%22:1},{%22value%22:%22Otros%22,%22checked%22:0,%22dragID%22:3}%93&#8243; required_mark=\u00bboff\u00bb fullwidth_field=\u00bbon\u00bb conditional_logic=\u00bbon\u00bb conditional_logic_rules=\u00bb%91{%22field%22:%22i_am%22,%22condition%22:%22is%22,%22value%22:%22A Family\/Loved One%22}%93&#8243; _builder_version=\u00bb4.27.4&#8243; _module_preset=\u00bbdefault\u00bb use_field_label_cr=\u00bboff\u00bb field_description=\u00bbCheck all that apply.\u00bb field_description_location=\u00bbabove\u00bb global_colors_info=\u00bb{}\u00bb][\/et_pb_contact_field][et_pb_contact_field field_id=\u00bbCommunity_Options\u00bb field_title=\u00bbOpciones comunitarias\u00bb field_type=\u00bbcheckbox\u00bb checkbox_options=\u00bb%91{%22value%22:%22Programa una presentaci\u00f3n gratuita%22,%22checked%22:0,%22dragID%22:-1},{%22value%22:%22Programar una formaci\u00f3n%22,%22checked%22:0,%22dragID%22:0},{%22value%22:%22Explore la posibilidad de colaborar con First Call%22,%22checked%22:0,%22dragID%22:1},{%22value%22:%22H\u00e1gase voluntario de First Call %22,%22checked%22:0,%22dragID%22:2},{%22value%22:%22Otros%22,%22checked%22:0,%22dragID%22:3}%93&#8243; required_mark=\u00bboff\u00bb fullwidth_field=\u00bbon\u00bb conditional_logic=\u00bbon\u00bb conditional_logic_rules=\u00bb%91{%22field%22:%22i_am%22,%22condition%22:%22is%22,%22value%22:%22A Community Member\/Corporate Partner%22}%93&#8243; _builder_version=\u00bb4.27.4&#8243; _module_preset=\u00bbdefault\u00bb field_description=\u00bbCheck all that apply.\u00bb field_description_location=\u00bbabove\u00bb global_colors_info=\u00bb{}\u00bb][\/et_pb_contact_field][et_pb_contact_field field_id=\u00bbOther\u00bb field_title=\u00bbOtro (por favor, escr\u00edbelo)\u00bb required_mark=\u00bboff\u00bb fullwidth_field=\u00bbon\u00bb conditional_logic=\u00bbon\u00bb conditional_logic_rules=\u00bb%91{%22field%22:%22i_am%22,%22condition%22:%22is%22,%22value%22:%22Other%22}%93&#8243; _builder_version=\u00bb4.27.4&#8243; _module_preset=\u00bbdefault\u00bb field_placeholder=\u00bbAdd note\u00bb global_colors_info=\u00bb{}\u00bb][\/et_pb_contact_field][et_pb_contact_field field_id=\u00bbMessage\u00bb field_title=\u00bbMensaje\u00bb field_type=\u00bbtext\u00bb required_mark=\u00bboff\u00bb fullwidth_field=\u00bbon\u00bb _builder_version=\u00bb4.27.4&#8243; global_colors_info=\u00bb{}\u00bb button_text_size__hover_enabled=\u00bboff\u00bb button_one_text_size__hover_enabled=\u00bboff\u00bb button_two_text_size__hover_enabled=\u00bboff\u00bb button_text_color__hover_enabled=\u00bboff\u00bb button_one_text_color__hover_enabled=\u00bboff\u00bb button_two_text_color__hover_enabled=\u00bboff\u00bb button_border_width__hover_enabled=\u00bboff\u00bb button_one_border_width__hover_enabled=\u00bboff\u00bb button_two_border_width__hover_enabled=\u00bboff\u00bb button_border_color__hover_enabled=\u00bboff\u00bb button_one_border_color__hover_enabled=\u00bboff\u00bb button_two_border_color__hover_enabled=\u00bboff\u00bb button_border_radius__hover_enabled=\u00bboff\u00bb button_one_border_radius__hover_enabled=\u00bboff\u00bb button_two_border_radius__hover_enabled=\u00bboff\u00bb button_letter_spacing__hover_enabled=\u00bboff\u00bb button_one_letter_spacing__hover_enabled=\u00bboff\u00bb button_two_letter_spacing__hover_enabled=\u00bboff\u00bb button_bg_color__hover_enabled=\u00bboff\u00bb button_one_bg_color__hover_enabled=\u00bboff\u00bb button_two_bg_color__hover_enabled=\u00bboff\u00bb][\/et_pb_contact_field][\/et_pb_contact_form][\/et_pb_column][\/et_pb_row][et_pb_row _builder_version=\u00bb4.27.4&#8243; _module_preset=\u00bbdefault\u00bb global_colors_info=\u00bb{}\u00bb][et_pb_column type=\u00bb4_4&#8243; _builder_version=\u00bb4.27.4&#8243; _module_preset=\u00bbdefault\u00bb global_colors_info=\u00bb{}\u00bb][et_pb_divider color=\u00bb#003B71&#8243; divider_style=\u00bbdotted\u00bb divider_weight=\u00bb3px\u00bb _builder_version=\u00bb4.27.4&#8243; _module_preset=\u00bbdefault\u00bb global_colors_info=\u00bb{}\u00bb][\/et_pb_divider][\/et_pb_column][\/et_pb_row][et_pb_row _builder_version=\u00bb4.27.4&#8243; _module_preset=\u00bbdefault\u00bb max_width=\u00bb480px\u00bb global_colors_info=\u00bb{}\u00bb][et_pb_column type=\u00bb4_4&#8243; _builder_version=\u00bb4.27.4&#8243; _module_preset=\u00bbdefault\u00bb global_colors_info=\u00bb{}\u00bb][et_pb_text _builder_version=\u00bb4.27.4&#8243; _module_preset=\u00bb91d8e51b-3457-48d8-810d-1c5603cbcc1e\u00bb global_colors_info=\u00bb{}\u00bb]<\/p>\n<h3 style=\"text-align: center;\">\u00bfTienes preguntas?<\/h3>\n<p>Por curiosidad:<\/p>\n<ul>\n<li>\u00bfA qui\u00e9n sirve First Call?  <\/li>\n<li>\u00bfEs First Call un centro de tratamiento?<\/li>\n<li>\u00bfNecesito un seguro para recibir ayuda?  <\/li>\n<li>\u00bfHay alg\u00fan requisito de sobriedad?<\/li>\n<li>\u00a1y mucho m\u00e1s!  <\/li>\n<\/ul>\n<p>&nbsp;<\/p>\n<p>[\/et_pb_text][et_pb_button button_url=\u00bbhttps:\/\/www.firstcallkc.org\/es\/preguntas-frecuentes\/\u00bb url_new_window=\u00bbon\u00bb button_text=\u00bbConsulta nuestras Preguntas frecuentes\u00bb button_alignment=\u00bbcenter\u00bb _builder_version=\u00bb4.27.4&#8243; _module_preset=\u00bb23b6e5b5-f6d3-4366-a64a-f8aa5ee0621f\u00bb button_font=\u00bb\u2013et_global_heading_font|500||on|||||\u00bb custom_margin=\u00bb0px|21px|20px|21px|false|true\u00bb global_colors_info=\u00bb{}\u00bb][\/et_pb_button][\/et_pb_column][\/et_pb_row][\/et_pb_section][et_pb_section fb_built=\u00bb1&#8243; _builder_version=\u00bb4.27.4&#8243; _module_preset=\u00bbdefault\u00bb background_color=\u00bbgcid-e3b30804-98c5-4528-8663-76f4e5b210ad\u00bb custom_margin=\u00bb0px||0px||false|false\u00bb custom_padding=\u00bb||||false|false\u00bb locked=\u00bboff\u00bb global_colors_info=\u00bb{%22gcid-e3b30804-98c5-4528-8663-76f4e5b210ad%22:%91%22background_color%22%93}\u00bb][et_pb_row _builder_version=\u00bb4.27.4&#8243; _module_preset=\u00bbdefault\u00bb max_width=\u00bb800px\u00bb custom_padding=\u00bb0px||0px||false|false\u00bb animation_style=\u00bbfade\u00bb animation_delay=\u00bb500ms\u00bb animation_speed_curve=\u00bbease\u00bb locked=\u00bboff\u00bb global_colors_info=\u00bb{}\u00bb][et_pb_column type=\u00bb4_4&#8243; _builder_version=\u00bb4.26.1&#8243; _module_preset=\u00bbdefault\u00bb global_colors_info=\u00bb{}\u00bb][et_pb_text _builder_version=\u00bb4.27.4&#8243; _module_preset=\u00bbdefault\u00bb header_4_font=\u00bb||||||||\u00bb header_4_text_align=\u00bbcenter\u00bb header_4_text_color=\u00bb#6786B8&#8243; header_4_line_height=\u00bb1.2em\u00bb custom_margin=\u00bb||0px||false|false\u00bb custom_margin_tablet=\u00bb32px||0px||false|false\u00bb custom_margin_phone=\u00bb25px||0px||false|false\u00bb custom_padding=\u00bb||||false|false\u00bb header_4_font_size_tablet=\u00bb24px\u00bb header_4_font_size_phone=\u00bb22px\u00bb global_colors_info=\u00bb{}\u00bb]<\/p>\n<h4>L\u00ednea gratuita de crisis 24\/7<\/h4>\n<p>[\/et_pb_text][et_pb_text _builder_version=\u00bb4.27.4&#8243; _module_preset=\u00bbdefault\u00bb header_2_text_align=\u00bbcenter\u00bb header_2_font_size=\u00bb92px\u00bb custom_margin=\u00bb-16px||-18px||false|false\u00bb custom_margin_tablet=\u00bb-16px||-18px||false|false\u00bb custom_margin_phone=\u00bb-12px||-14px||false|false\u00bb custom_padding=\u00bb||||false|false\u00bb header_2_font_size_tablet=\u00bb82px\u00bb header_2_font_size_phone=\u00bb54px\u00bb global_colors_info=\u00bb{}\u00bb header_2_text_color__hover_enabled=\u00bbon|desktop\u00bb]<\/p>\n<h2><strong><a href=\"tel:816.361.5900\">816.361.5900<\/a><\/strong><\/h2>\n<p>[\/et_pb_text][et_pb_text _builder_version=\u00bb4.27.4&#8243; _module_preset=\u00bbdefault\u00bb header_4_font=\u00bb||||||||\u00bb header_4_text_align=\u00bbcenter\u00bb header_4_text_color=\u00bb#6786B8&#8243; header_4_line_height=\u00bb1.2em\u00bb custom_margin=\u00bb0px||||false|false\u00bb custom_margin_tablet=\u00bb0px||20px||false|false\u00bb custom_margin_phone=\u00bb0px||15px||false|false\u00bb header_4_font_size_tablet=\u00bb24px\u00bb header_4_font_size_phone=\u00bb22px\u00bb global_colors_info=\u00bb{}\u00bb]<\/p>\n<h4>Una llamada puede salvar una vida<\/h4>\n<p>[\/et_pb_text][et_pb_button button_url=\u00bbhttps:\/\/www.firstcallkc.org\/es\/linea-telefonica-de-crisis\/\u00bb button_text=\u00bbQu\u00e9 esperar en una llamada de crisis\u00bb button_alignment=\u00bbcenter\u00bb button_text_tablet=\u00bbQu\u00e9 esperar en una llamada de crisis\u00bb button_text_phone=\u00bbQu\u00e9 esperar en una llamada de crisis\u00bb button_text_last_edited=\u00bbon|desktop\u00bb _builder_version=\u00bb4.27.4&#8243; _module_preset=\u00bb23b6e5b5-f6d3-4366-a64a-f8aa5ee0621f\u00bb button_font=\u00bb\u2013et_global_heading_font|500||on|||||\u00bb custom_margin=\u00bb0px|20px|20px|20px|false|true\u00bb global_colors_info=\u00bb{}\u00bb][\/et_pb_button][\/et_pb_column][\/et_pb_row][\/et_pb_section]<\/p>\n","protected":false},"excerpt":{"rendered":"<p>L\u00ednea gratuita de crisis 24\/7816.361.5900Una llamada puede salvar una vidaNo est\u00e1 solo. La esperanza empieza aqu\u00ed, su First Call. Rellene este formulario y First Call se pondr\u00e1 en contacto con usted en breve. *Ten en cuenta que las consultas a los formularios no se supervisan 24 horas al d\u00eda, 7 d\u00edas a la semana y puedes esperar una respuesta durante el horario laboral administrativo habitual (de lunes a viernes, de 9 a 17 h). Si est\u00e1s en crisis, llama a nuestra L\u00ednea de Crisis 24\/7 al 816-361-5900. &nbsp;\u00bfTienes preguntas? Por curiosidad: \u00bfA qui\u00e9n sirve First Call? \u00bfEs First Call un centro de tratamiento? \u00bfNecesito un seguro para recibir ayuda? \u00bfHay alg\u00fan requisito de sobriedad? \u00a1y mucho m\u00e1s! &nbsp;L\u00ednea gratuita de crisis 24\/7816.361.5900Una llamada puede salvar una vida<\/p>\n","protected":false},"author":3,"featured_media":0,"parent":0,"menu_order":0,"comment_status":"closed","ping_status":"closed","template":"","meta":{"_et_pb_use_builder":"on","_et_pb_old_content":"","_et_gb_content_width":"","_price":"","_stock":"","_tribe_ticket_header":"","_tribe_default_ticket_provider":"TEC\\Tickets\\Commerce\\Module","_tribe_ticket_capacity":"0","_ticket_start_date":"","_ticket_end_date":"","_tribe_ticket_show_description":"","_tribe_ticket_show_not_going":false,"_tribe_ticket_use_global_stock":"","_tribe_ticket_global_stock_level":"","_global_stock_mode":"","_global_stock_cap":"","_tribe_rsvp_for_event":"","_tribe_ticket_going_count":"","_tribe_ticket_not_going_count":"","_tribe_tickets_list":"[]","_tribe_ticket_has_attendee_info_fields":false,"footnotes":"","_tec_slr_enabled":"","_tec_slr_layout":""},"class_list":["post-51028","page","type-page","status-publish","hentry"],"ticketed":false,"_links":{"self":[{"href":"https:\/\/www.firstcallkc.org\/es\/wp-json\/wp\/v2\/pages\/51028","targetHints":{"allow":["GET"]}}],"collection":[{"href":"https:\/\/www.firstcallkc.org\/es\/wp-json\/wp\/v2\/pages"}],"about":[{"href":"https:\/\/www.firstcallkc.org\/es\/wp-json\/wp\/v2\/types\/page"}],"author":[{"embeddable":true,"href":"https:\/\/www.firstcallkc.org\/es\/wp-json\/wp\/v2\/users\/3"}],"replies":[{"embeddable":true,"href":"https:\/\/www.firstcallkc.org\/es\/wp-json\/wp\/v2\/comments?post=51028"}],"version-history":[{"count":19,"href":"https:\/\/www.firstcallkc.org\/es\/wp-json\/wp\/v2\/pages\/51028\/revisions"}],"predecessor-version":[{"id":53857,"href":"https:\/\/www.firstcallkc.org\/es\/wp-json\/wp\/v2\/pages\/51028\/revisions\/53857"}],"wp:attachment":[{"href":"https:\/\/www.firstcallkc.org\/es\/wp-json\/wp\/v2\/media?parent=51028"}],"curies":[{"name":"wp","href":"https:\/\/api.w.org\/{rel}","templated":true}]}}