{"id":51029,"date":"2025-03-22T09:40:16","date_gmt":"2025-03-22T14:40:16","guid":{"rendered":"https:\/\/firstcallkc.org\/crear-un-monumento-conmemorativo\/"},"modified":"2026-01-27T13:19:40","modified_gmt":"2026-01-27T19:19:40","slug":"crear-un-monumento-conmemorativo","status":"publish","type":"page","link":"https:\/\/www.firstcallkc.org\/es\/crear-un-monumento-conmemorativo\/","title":{"rendered":"Crear un monumento conmemorativo"},"content":{"rendered":"<p>[et_pb_section fb_built=\u00bb1&#8243; _builder_version=\u00bb4.27.4&#8243; _module_preset=\u00bbdefault\u00bb background_color=\u00bb#D3E6F4&#8243; custom_padding=\u00bb||||false|false\u00bb global_colors_info=\u00bb{}\u00bb][et_pb_row _builder_version=\u00bb4.27.4&#8243; _module_preset=\u00bbdefault\u00bb positioning=\u00bbnone\u00bb position_origin_a=\u00bbcenter_left\u00bb custom_margin=\u00bb0px||0px||false|false\u00bb custom_padding=\u00bb0px||||false|false\u00bb animation_style=\u00bbfade\u00bb animation_delay=\u00bb500ms\u00bb animation_speed_curve=\u00bbease\u00bb global_colors_info=\u00bb{}\u00bb][et_pb_column type=\u00bb4_4&#8243; _builder_version=\u00bb4.26.1&#8243; _module_preset=\u00bbdefault\u00bb global_colors_info=\u00bb{}\u00bb][et_pb_text _builder_version=\u00bb4.27.4&#8243; _module_preset=\u00bbdefault\u00bb custom_margin=\u00bb32px||17px||false|false\u00bb header_font_size_tablet=\u00bb69px\u00bb header_font_size_phone=\u00bb40px\u00bb global_colors_info=\u00bb{}\u00bb]<\/p>\n<h1>Nuestros seres queridos<\/h1>\n<p>[\/et_pb_text][et_pb_button button_url=\u00bb#form\u00bb button_text=\u00bbcrear un monumento conmemorativo\u00bb _builder_version=\u00bb4.27.4&#8243; _module_preset=\u00bb23b6e5b5-f6d3-4366-a64a-f8aa5ee0621f\u00bb button_font=\u00bb\u2013et_global_heading_font|500||on|||||\u00bb custom_margin=\u00bb50px|20px|0px|20px|false|true\u00bb global_colors_info=\u00bb{}\u00bb][\/et_pb_button][\/et_pb_column][\/et_pb_row][\/et_pb_section][et_pb_section fb_built=\u00bb1&#8243; _builder_version=\u00bb4.27.4&#8243; _module_preset=\u00bbdefault\u00bb global_colors_info=\u00bb{}\u00bb][et_pb_row column_structure=\u00bb1_3,1_3,1_3&#8243; _builder_version=\u00bb4.27.4&#8243; _module_preset=\u00bbdefault\u00bb global_colors_info=\u00bb{}\u00bb][et_pb_column type=\u00bb1_3&#8243; _builder_version=\u00bb4.27.4&#8243; _module_preset=\u00bbdefault\u00bb global_colors_info=\u00bb{}\u00bb][\/et_pb_column][et_pb_column type=\u00bb1_3&#8243; _builder_version=\u00bb4.27.4&#8243; _module_preset=\u00bbdefault\u00bb global_colors_info=\u00bb{}\u00bb][dsm_perspective_image _builder_version=\u00bb4.27.4&#8243; _module_preset=\u00bbdefault\u00bb global_colors_info=\u00bb{}\u00bb][\/dsm_perspective_image][dsm_card title=\u00bbJonneair Roades\u00bb image=\u00bbhttps:\/\/www.firstcallkc.org\/wp-content\/uploads\/branch.png\u00bb image_as_background=\u00bboff\u00bb image_width=\u00bb37%\u00bb image_alignment=\u00bbcenter\u00bb badge_position=\u00bbcenter\u00bb badge_background_color=\u00bb#003B71&#8243; content_padding=\u00bb25px|25px|25px|25px|true|true\u00bb button_url_new_window=\u00bb1&#8243; _builder_version=\u00bb4.27.4&#8243; _module_preset=\u00bbdefault\u00bb badge_font=\u00bbBrandon Grotesque Regular||||||||\u00bb header_level=\u00bbh1&#8243; header_font=\u00bbBrandon Grotesque Bold||||||||\u00bb header_text_align=\u00bbcenter\u00bb header_font_size=\u00bb48px\u00bb subhead_font=\u00bbBrandon Grotesque Bold||||||||\u00bb subhead_font_size=\u00bb24px\u00bb background_color=\u00bb#FFFFFF\u00bb custom_css_free_form=\u00bbselector .dsm_card_img ||{margin-bottom: -35px;||margin-top: 20px;}\u00bb border_radii=\u00bbon|10px|10px|10px|10px\u00bb border_width_all=\u00bb2px\u00bb box_shadow_style=\u00bbpreset2&#8243; box_shadow_horizontal=\u00bb3px\u00bb box_shadow_vertical=\u00bb3px\u00bb box_shadow_blur=\u00bb9px\u00bb box_shadow_color=\u00bb#003B71&#8243; global_colors_info=\u00bb{}\u00bb]<\/p>\n<h3 class=\"font_2 wixui-rich-text__text\" style=\"text-align: center;\"><span class=\"color_43 wixui-rich-text__text\"><span class=\"wixui-rich-text__text\">Hija dulce, cari\u00f1osa y tranquila;<br class=\"wixui-rich-text__text\">muy cari\u00f1osa y respetada<\/span><\/span><\/h3>\n<section id=\"comp-lujzkthm\" class=\"Oqnisf comp-lujzkthm wixui-section\" data-block-level-container=\"ClassicSection\" tabindex=\"-1\">\n<div class=\"\" data-mesh-id=\"comp-lujzkthminlineContent\" data-testid=\"inline-content\">\n<div data-mesh-id=\"comp-lujzkthminlineContent-gridContainer\" data-testid=\"mesh-container-content\">\n<div id=\"comp-m3oy5ev5\" class=\"KaEeLN comp-m3oy5ev5\">\n<div class=\"\" data-mesh-id=\"comp-m3oy5ev5inlineContent\" data-testid=\"inline-content\">\n<div data-mesh-id=\"comp-m3oy5ev5inlineContent-gridContainer\" data-testid=\"mesh-container-content\">\n<div id=\"comp-m3oyc0ro\" class=\"HcOXKn c9GqVL QxJLC3 lq2cno YQcXTT comp-m3oyc0ro wixui-rich-text\" data-testid=\"richTextElement\">\n<h5 class=\"font_2 wixui-rich-text__text\" style=\"text-align: center;\"><span class=\"wixui-rich-text__text\">4 de septiembre de 1995-8 de agosto de 2018<\/span><\/h5>\n<h5 class=\"font_2 wixui-rich-text__text\" style=\"text-align: center;\"><span class=\"wixui-rich-text__text\">Edad 22 a\u00f1os<\/span><\/h5>\n<\/div>\n<\/div>\n<\/div>\n<\/div>\n<\/div>\n<\/div>\n<\/section>\n<p>[\/dsm_card][\/et_pb_column][et_pb_column type=\u00bb1_3&#8243; _builder_version=\u00bb4.27.4&#8243; _module_preset=\u00bbdefault\u00bb global_colors_info=\u00bb{}\u00bb][\/et_pb_column][\/et_pb_row][\/et_pb_section][et_pb_section fb_built=\u00bb1&#8243; _builder_version=\u00bb4.27.4&#8243; _module_preset=\u00bbdefault\u00bb use_background_color_gradient=\u00bbon\u00bb background_color_gradient_stops=\u00bbrgba(255,255,255,0.23) 0%|rgba(255,255,255,0.58) 100%\u00bb background_color_gradient_overlays_image=\u00bbon\u00bb background_image=\u00bbhttps:\/\/www.firstcallkc.org\/wp-content\/uploads\/blue-watercolor-texture-with-copyspace-right_24972-147.jpg\u00bb custom_margin=\u00bb0px||0px||false|false\u00bb global_colors_info=\u00bb{}\u00bb][et_pb_row column_structure=\u00bb1_4,1_2,1_4&#8243; module_id=\u00bbform\u00bb _builder_version=\u00bb4.27.4&#8243; _module_preset=\u00bbdefault\u00bb global_colors_info=\u00bb{}\u00bb][et_pb_column type=\u00bb1_4&#8243; _builder_version=\u00bb4.27.4&#8243; _module_preset=\u00bbdefault\u00bb global_colors_info=\u00bb{}\u00bb][\/et_pb_column][et_pb_column type=\u00bb1_2&#8243; _builder_version=\u00bb4.27.4&#8243; _module_preset=\u00bbdefault\u00bb global_colors_info=\u00bb{}\u00bb][et_pb_text _builder_version=\u00bb4.27.4&#8243; _module_preset=\u00bbdefault\u00bb text_font=\u00bb|\u2013et_global_body_font_weight|||||||\u00bb text_line_height=\u00bb1.8em\u00bb global_colors_info=\u00bb{}\u00bb]<\/p>\n<div id=\"comp-lq2sas0f\" class=\"HcOXKn c9GqVL QxJLC3 lq2cno YQcXTT comp-lq2sas0f wixui-rich-text\" data-testid=\"richTextElement\">\n<h2 class=\"font_8 wixui-rich-text__text\"><span class=\"wixui-rich-text__text\">H\u00e1blanos de tu ser querido:  <\/span><\/h2>\n<\/div>\n<p id=\"comp-lq2sc7oz\" class=\"MpKiNN comp-lq2sc7oz wixui-text-input qzvPmW lPl_oN\">[\/et_pb_text][et_pb_contact_form captcha=\u00bboff\u00bb _builder_version=\u00bb4.27.4&#8243; _module_preset=\u00bbdefault\u00bb _unique_id=\u00bbe81afb8c-e20a-447b-b261-09521d20fded\u00bb form_field_background_color=\u00bb#D3E6F4&#8243; form_field_text_color=\u00bbgcid-4dfaa29b-4e10-4b7b-b09c-d7e44840f401&#8243; form_field_font=\u00bbBrandon Grotesque Light||||||||\u00bb form_field_font_size=\u00bb20px\u00bb form_field_line_height=\u00bb1.4em\u00bb custom_button=\u00bbon\u00bb button_text_size=\u00bb13px\u00bb button_text_color=\u00bbgcid-a619ccf1-db75-42ca-81f1-0f19d5dadeca\u00bb button_bg_color=\u00bb#003B71&#8243; button_border_width=\u00bb1px\u00bb button_border_color=\u00bb#6786B8&#8243; button_border_radius=\u00bb30px\u00bb button_letter_spacing=\u00bb2px\u00bb button_font=\u00bb\u2013et_global_heading_font|||on|||||\u00bb button_custom_padding=\u00bb10px|50px|10px|50px|true|true\u00bb custom_margin=\u00bb|||||false\u00bb custom_padding=\u00bb|||||true\u00bb border_radii=\u00bbon|30px|30px|30px|30px\u00bb border_width_all=\u00bb1px\u00bb border_color_all=\u00bbgcid-4dfaa29b-4e10-4b7b-b09c-d7e44840f401&#8243; global_colors_info=\u00bb{%22gcid-4dfaa29b-4e10-4b7b-b09c-d7e44840f401%22:%91%22form_field_text_color%22,%22border_color_all%22%93,%22gcid-a619ccf1-db75-42ca-81f1-0f19d5dadeca%22:%91%22button_text_color%22%93}\u00bb][et_pb_contact_field field_id=\u00bbFirst_Name\u00bb field_title=\u00bbSu nombre\u00bb _builder_version=\u00bb4.27.4&#8243; global_colors_info=\u00bb{}\u00bb button_text_size__hover_enabled=\u00bboff\u00bb button_one_text_size__hover_enabled=\u00bboff\u00bb button_two_text_size__hover_enabled=\u00bboff\u00bb button_text_color__hover_enabled=\u00bboff\u00bb button_one_text_color__hover_enabled=\u00bboff\u00bb button_two_text_color__hover_enabled=\u00bboff\u00bb button_border_width__hover_enabled=\u00bboff\u00bb button_one_border_width__hover_enabled=\u00bboff\u00bb button_two_border_width__hover_enabled=\u00bboff\u00bb button_border_color__hover_enabled=\u00bboff\u00bb button_one_border_color__hover_enabled=\u00bboff\u00bb button_two_border_color__hover_enabled=\u00bboff\u00bb button_border_radius__hover_enabled=\u00bboff\u00bb button_one_border_radius__hover_enabled=\u00bboff\u00bb button_two_border_radius__hover_enabled=\u00bboff\u00bb button_letter_spacing__hover_enabled=\u00bboff\u00bb button_one_letter_spacing__hover_enabled=\u00bboff\u00bb button_two_letter_spacing__hover_enabled=\u00bboff\u00bb button_bg_color__hover_enabled=\u00bboff\u00bb button_one_bg_color__hover_enabled=\u00bboff\u00bb button_two_bg_color__hover_enabled=\u00bboff\u00bb][\/et_pb_contact_field][et_pb_contact_field field_id=\u00bbLast_Name\u00bb field_title=\u00bbSu apellido\u00bb field_type=\u00bbemail\u00bb _builder_version=\u00bb4.27.4&#8243; global_colors_info=\u00bb{}\u00bb button_text_size__hover_enabled=\u00bboff\u00bb button_one_text_size__hover_enabled=\u00bboff\u00bb button_two_text_size__hover_enabled=\u00bboff\u00bb button_text_color__hover_enabled=\u00bboff\u00bb button_one_text_color__hover_enabled=\u00bboff\u00bb button_two_text_color__hover_enabled=\u00bboff\u00bb button_border_width__hover_enabled=\u00bboff\u00bb button_one_border_width__hover_enabled=\u00bboff\u00bb button_two_border_width__hover_enabled=\u00bboff\u00bb button_border_color__hover_enabled=\u00bboff\u00bb button_one_border_color__hover_enabled=\u00bboff\u00bb button_two_border_color__hover_enabled=\u00bboff\u00bb button_border_radius__hover_enabled=\u00bboff\u00bb button_one_border_radius__hover_enabled=\u00bboff\u00bb button_two_border_radius__hover_enabled=\u00bboff\u00bb button_letter_spacing__hover_enabled=\u00bboff\u00bb button_one_letter_spacing__hover_enabled=\u00bboff\u00bb button_two_letter_spacing__hover_enabled=\u00bboff\u00bb button_bg_color__hover_enabled=\u00bboff\u00bb button_one_bg_color__hover_enabled=\u00bboff\u00bb button_two_bg_color__hover_enabled=\u00bboff\u00bb][\/et_pb_contact_field][et_pb_contact_field field_id=\u00bbDate_of_Birth\u00bb field_title=\u00bbFecha de nacimiento\u00bb _builder_version=\u00bb4.27.4&#8243; _module_preset=\u00bbdefault\u00bb use_datetime=\u00bbon\u00bb datetime_type=\u00bbdate\u00bb global_colors_info=\u00bb{}\u00bb][\/et_pb_contact_field][et_pb_contact_field field_id=\u00bbDate_of_Death\u00bb field_title=\u00bbFecha de defunci\u00f3n\u00bb _builder_version=\u00bb4.27.4&#8243; _module_preset=\u00bbdefault\u00bb use_datetime=\u00bbon\u00bb datetime_type=\u00bbdate\u00bb global_colors_info=\u00bb{}\u00bb][\/et_pb_contact_field][et_pb_contact_field field_id=\u00bbTell_us\u00bb field_title=\u00bbH\u00e1blanos de tu ser querido.  \u00bb field_type=\u00bbtext\u00bb required_mark=\u00bboff\u00bb fullwidth_field=\u00bbon\u00bb _builder_version=\u00bb4.27.4&#8243; global_colors_info=\u00bb{}\u00bb button_text_size__hover_enabled=\u00bboff\u00bb button_one_text_size__hover_enabled=\u00bboff\u00bb button_two_text_size__hover_enabled=\u00bboff\u00bb button_text_color__hover_enabled=\u00bboff\u00bb button_one_text_color__hover_enabled=\u00bboff\u00bb button_two_text_color__hover_enabled=\u00bboff\u00bb button_border_width__hover_enabled=\u00bboff\u00bb button_one_border_width__hover_enabled=\u00bboff\u00bb button_two_border_width__hover_enabled=\u00bboff\u00bb button_border_color__hover_enabled=\u00bboff\u00bb button_one_border_color__hover_enabled=\u00bboff\u00bb button_two_border_color__hover_enabled=\u00bboff\u00bb button_border_radius__hover_enabled=\u00bboff\u00bb button_one_border_radius__hover_enabled=\u00bboff\u00bb button_two_border_radius__hover_enabled=\u00bboff\u00bb button_letter_spacing__hover_enabled=\u00bboff\u00bb button_one_letter_spacing__hover_enabled=\u00bboff\u00bb button_two_letter_spacing__hover_enabled=\u00bboff\u00bb button_bg_color__hover_enabled=\u00bboff\u00bb button_one_bg_color__hover_enabled=\u00bboff\u00bb button_two_bg_color__hover_enabled=\u00bboff\u00bb][\/et_pb_contact_field][et_pb_contact_field field_id=\u00bbMiss\u00bb field_title=\u00bb\u00bfQu\u00e9 es lo que m\u00e1s echar\u00e1s de menos de ellos?\u00bb field_type=\u00bbtext\u00bb required_mark=\u00bboff\u00bb fullwidth_field=\u00bbon\u00bb _builder_version=\u00bb4.27.4&#8243; _module_preset=\u00bbdefault\u00bb global_colors_info=\u00bb{}\u00bb][\/et_pb_contact_field][et_pb_contact_field field_id=\u00bbRemember\u00bb field_title=\u00bbDinos c\u00f3mo te gustar\u00eda que se les recordara.\u00bb field_type=\u00bbtext\u00bb required_mark=\u00bboff\u00bb fullwidth_field=\u00bbon\u00bb _builder_version=\u00bb4.27.4&#8243; _module_preset=\u00bbdefault\u00bb global_colors_info=\u00bb{}\u00bb][\/et_pb_contact_field][et_pb_contact_field field_id=\u00bbInclude_a_link_to_your_loved_one&#8217;s_obituary\u00bb field_title=\u00bbIncluye un enlace a la necrol\u00f3gica de tu ser querido (introduce aqu\u00ed la URL)\u00bb required_mark=\u00bboff\u00bb fullwidth_field=\u00bbon\u00bb _builder_version=\u00bb4.27.4&#8243; _module_preset=\u00bbdefault\u00bb global_colors_info=\u00bb{}\u00bb][\/et_pb_contact_field][et_pb_contact_field field_id=\u00bbUpload_a_file\u00bb field_title=\u00bbSube una foto de tu ser querido.  \u00bb required_mark=\u00bboff\u00bb fullwidth_field=\u00bbon\u00bb _builder_version=\u00bb4.27.4&#8243; _module_preset=\u00bbdefault\u00bb use_field_label=\u00bbon\u00bb show_field_labels_left=\u00bbon\u00bb use_file_upload=\u00bbon\u00bb global_colors_info=\u00bb{}\u00bb][\/et_pb_contact_field][\/et_pb_contact_form][\/et_pb_column][et_pb_column type=\u00bb1_4&#8243; _builder_version=\u00bb4.27.4&#8243; _module_preset=\u00bbdefault\u00bb global_colors_info=\u00bb{}\u00bb][\/et_pb_column][\/et_pb_row][\/et_pb_section][et_pb_section fb_built=\u00bb1&#8243; _builder_version=\u00bb4.27.4&#8243; _module_preset=\u00bbdefault\u00bb background_color=\u00bb#6786B8&#8243; custom_margin=\u00bb0px||0px||false|false\u00bb custom_padding=\u00bb||||false|false\u00bb global_module=\u00bb52052&#8243; global_colors_info=\u00bb{}\u00bb][et_pb_row _builder_version=\u00bb4.27.4&#8243; _module_preset=\u00bbdefault\u00bb max_width=\u00bb800px\u00bb custom_padding=\u00bb0px||0px||false|false\u00bb animation_style=\u00bbfade\u00bb animation_delay=\u00bb500ms\u00bb animation_speed_curve=\u00bbease\u00bb locked=\u00bboff\u00bb global_colors_info=\u00bb{}\u00bb][et_pb_column type=\u00bb4_4&#8243; _builder_version=\u00bb4.26.1&#8243; _module_preset=\u00bbdefault\u00bb global_colors_info=\u00bb{}\u00bb][et_pb_text _builder_version=\u00bb4.27.4&#8243; _module_preset=\u00bbdefault\u00bb header_4_font=\u00bb||||||||\u00bb header_4_text_align=\u00bbcenter\u00bb header_4_text_color=\u00bb#D3E6F4&#8243; header_4_line_height=\u00bb1.2em\u00bb custom_margin=\u00bb||0px||false|false\u00bb custom_margin_tablet=\u00bb32px||0px||false|false\u00bb custom_margin_phone=\u00bb25px||0px||false|false\u00bb custom_padding=\u00bb||||false|false\u00bb header_4_font_size_tablet=\u00bb24px\u00bb header_4_font_size_phone=\u00bb22px\u00bb global_colors_info=\u00bb{}\u00bb]<\/p>\n<h4>L\u00ednea gratuita de crisis 24\/7<\/h4>\n<p>[\/et_pb_text][et_pb_text _builder_version=\u00bb4.27.4&#8243; _module_preset=\u00bbdefault\u00bb header_2_text_align=\u00bbcenter\u00bb header_2_text_color=\u00bb#FFFFFF\u00bb header_2_font_size=\u00bb92px\u00bb custom_margin=\u00bb-16px||-18px||false|false\u00bb custom_margin_tablet=\u00bb-16px||-18px||false|false\u00bb custom_margin_phone=\u00bb-12px||-14px||false|false\u00bb custom_padding=\u00bb||||false|false\u00bb header_2_font_size_tablet=\u00bb82px\u00bb header_2_font_size_phone=\u00bb54px\u00bb global_colors_info=\u00bb{}\u00bb header_2_text_color__hover_enabled=\u00bbon|desktop\u00bb header_2_text_color__hover=\u00bb#FFFFFF\u00bb]<\/p>\n<h2><strong><a href=\"tel:816.361.5900\">816.361.5900<\/a><\/strong><\/h2>\n<p>[\/et_pb_text][et_pb_text _builder_version=\u00bb4.27.4&#8243; _module_preset=\u00bbdefault\u00bb header_4_font=\u00bb||||||||\u00bb header_4_text_align=\u00bbcenter\u00bb header_4_text_color=\u00bb#D3E6F4&#8243; header_4_line_height=\u00bb1.2em\u00bb custom_margin=\u00bb0px||||false|false\u00bb custom_margin_tablet=\u00bb0px||20px||false|false\u00bb custom_margin_phone=\u00bb0px||15px||false|false\u00bb header_4_font_size_tablet=\u00bb24px\u00bb header_4_font_size_phone=\u00bb22px\u00bb global_colors_info=\u00bb{}\u00bb]<\/p>\n<h4>Una llamada puede salvar una vida<\/h4>\n<p>[\/et_pb_text][\/et_pb_column][\/et_pb_row][\/et_pb_section]<\/p>\n","protected":false},"excerpt":{"rendered":"<p>Nuestros seres queridos <div class=\"et_pb_module dsm_perspective_image dsm_perspective_image_0\">\n\t\t\t\t\n\t\t\t\t\n\t\t\t\t\n\t\t\t\t\n\t\t\t\t\n\t\t\t\t\n\t\t\t\t<div class=\"et_pb_module_inner\">\n\t\t\t\t\t<div class=\"dsm-perspective-image-wrapper et_always_center_on_mobile\">\n\t\t\t\t\n\t\t\t\t\n\t\t\t\t<span class=\"et_pb_image_wrap \"><img decoding=\"async\" src=\"\" alt=\"\" \/><\/span>\n\t\t\t<\/div>\n\t\t\t\t<\/div>\n\t\t\t<\/div><div class=\"et_pb_with_border et_pb_module dsm_card dsm_card_0 et_pb_bg_layout_light  dsm_card_layout_stacked\">\n\t\t\t\t\n\t\t\t\t\n\t\t\t\t\n\t\t\t\t\n\t\t\t\t\n\t\t\t\t\n\t\t\t\t<div class=\"et_pb_module_inner\">\n\t\t\t\t\t\n\t\t\t\n\t\t\t<figure class=\"dsm_card_image_wrapper dsm_card_badge_center\"><img decoding=\"async\" src=\"https:\/\/www.firstcallkc.org\/wp-content\/uploads\/branch.png\" alt=\"\" srcset=\"https:\/\/www.firstcallkc.org\/wp-content\/uploads\/branch.png 500w, https:\/\/www.firstcallkc.org\/wp-content\/uploads\/branch-480x480.png 480w\" sizes=\"(min-width: 0px) and (max-width: 480px) 480px, (min-width: 481px) 500px, 100vw\" class=\"dsm_card_img dsm_card_image_stretch\" \/><\/figure>\n\t\t\t<div class=\"et_pb_module dsm_card_wrapper et_pb_text_align_left\">\n\t\t\t\t\t\n\t\t\t\t\t<h1 class=\"dsm_card_title et_pb_module_header\">Jonneair Roades<\/h1>\n\t\t\t\t\t\n\t\t\t\t\t<div class=\"dsm_card_description\">Hija dulce, cari\u00f1osa y tranquila;muy cari\u00f1osa y respetada 4 de septiembre de 1995-8 de agosto de 2018 Edad 22 a\u00f1os <\/div>\n\t\t\t\t\t\n\t\t\t\t<\/div>\n\t\t\t\n\t\t\t\t<\/div>\n\t\t\t<\/div> H\u00e1blanos de tu ser querido: L\u00ednea gratuita de crisis 24\/7816.361.5900Una llamada puede salvar una vida<\/p>\n","protected":false},"author":3,"featured_media":0,"parent":0,"menu_order":0,"comment_status":"closed","ping_status":"closed","template":"","meta":{"_et_pb_use_builder":"on","_et_pb_old_content":"","_et_gb_content_width":"","_price":"","_stock":"","_tribe_ticket_header":"","_tribe_default_ticket_provider":"TEC\\Tickets\\Commerce\\Module","_tribe_ticket_capacity":"0","_ticket_start_date":"","_ticket_end_date":"","_tribe_ticket_show_description":"","_tribe_ticket_show_not_going":false,"_tribe_ticket_use_global_stock":"","_tribe_ticket_global_stock_level":"","_global_stock_mode":"","_global_stock_cap":"","_tribe_rsvp_for_event":"","_tribe_ticket_going_count":"","_tribe_ticket_not_going_count":"","_tribe_tickets_list":"[]","_tribe_ticket_has_attendee_info_fields":false,"footnotes":"","_tec_slr_enabled":"","_tec_slr_layout":""},"class_list":["post-51029","page","type-page","status-publish","hentry"],"ticketed":false,"_links":{"self":[{"href":"https:\/\/www.firstcallkc.org\/es\/wp-json\/wp\/v2\/pages\/51029","targetHints":{"allow":["GET"]}}],"collection":[{"href":"https:\/\/www.firstcallkc.org\/es\/wp-json\/wp\/v2\/pages"}],"about":[{"href":"https:\/\/www.firstcallkc.org\/es\/wp-json\/wp\/v2\/types\/page"}],"author":[{"embeddable":true,"href":"https:\/\/www.firstcallkc.org\/es\/wp-json\/wp\/v2\/users\/3"}],"replies":[{"embeddable":true,"href":"https:\/\/www.firstcallkc.org\/es\/wp-json\/wp\/v2\/comments?post=51029"}],"version-history":[{"count":18,"href":"https:\/\/www.firstcallkc.org\/es\/wp-json\/wp\/v2\/pages\/51029\/revisions"}],"predecessor-version":[{"id":54847,"href":"https:\/\/www.firstcallkc.org\/es\/wp-json\/wp\/v2\/pages\/51029\/revisions\/54847"}],"wp:attachment":[{"href":"https:\/\/www.firstcallkc.org\/es\/wp-json\/wp\/v2\/media?parent=51029"}],"curies":[{"name":"wp","href":"https:\/\/api.w.org\/{rel}","templated":true}]}}