{"id":51037,"date":"2025-03-24T13:48:24","date_gmt":"2025-03-24T18:48:24","guid":{"rendered":"https:\/\/firstcallkc.org\/?page_id=51037"},"modified":"2025-07-13T17:52:34","modified_gmt":"2025-07-13T22:52:34","slug":"presentaciones-comunitarias","status":"publish","type":"page","link":"https:\/\/www.firstcallkc.org\/es\/presentaciones-comunitarias\/","title":{"rendered":"Presentaciones comunitarias"},"content":{"rendered":"<p>[et_pb_section fb_built=\u00bb1&#8243; _builder_version=\u00bb4.27.4&#8243; _module_preset=\u00bbdefault\u00bb background_color=\u00bb#003B71&#8243; custom_padding=\u00bb||||false|false\u00bb saved_tabs=\u00bball\u00bb global_colors_info=\u00bb{}\u00bb][et_pb_row _builder_version=\u00bb4.27.4&#8243; _module_preset=\u00bbdefault\u00bb positioning=\u00bbnone\u00bb position_origin_a=\u00bbcenter_left\u00bb custom_margin=\u00bb0px||0px||false|false\u00bb custom_padding=\u00bb0px||||false|false\u00bb animation_style=\u00bbfade\u00bb animation_delay=\u00bb500ms\u00bb animation_speed_curve=\u00bbease\u00bb global_colors_info=\u00bb{}\u00bb][et_pb_column type=\u00bb4_4&#8243; _builder_version=\u00bb4.26.1&#8243; _module_preset=\u00bbdefault\u00bb global_colors_info=\u00bb{}\u00bb][et_pb_text _builder_version=\u00bb4.27.4&#8243; _dynamic_attributes=\u00bbcontent\u00bb _module_preset=\u00bbdefault\u00bb header_text_color=\u00bb#FFFFFF\u00bb custom_margin=\u00bb32px||17px||false|false\u00bb header_font_size_tablet=\u00bb69px\u00bb header_font_size_phone=\u00bb40px\u00bb global_colors_info=\u00bb{}\u00bb]@ET-DC@eyJkeW5hbWljIjp0cnVlLCJjb250ZW50IjoicG9zdF90aXRsZSIsInNldHRpbmdzIjp7ImJlZm9yZSI6IjxoMT4iLCJhZnRlciI6IjwvaDE+IiwiZW5hYmxlX2h0bWwiOiJvZmYifX0=@[\/et_pb_text][\/et_pb_column][\/et_pb_row][et_pb_row disabled_on=\u00bboff|off|off\u00bb _builder_version=\u00bb4.27.4&#8243; _module_preset=\u00bbdefault\u00bb background_enable_color=\u00bboff\u00bb positioning=\u00bbabsolute\u00bb position_origin_a=\u00bbbottom_center\u00bb custom_margin=\u00bb||||false|false\u00bb custom_padding=\u00bb||0px||false|false\u00bb global_colors_info=\u00bb{}\u00bb][et_pb_column type=\u00bb4_4&#8243; _builder_version=\u00bb4.27.4&#8243; _module_preset=\u00bbdefault\u00bb custom_padding=\u00bb||||false|false\u00bb border_width_right=\u00bb1px\u00bb border_color_right=\u00bbrgba(0,59,113,0.3)\u00bb border_color_left=\u00bbrgba(255,255,255,0.3)\u00bb global_colors_info=\u00bb{}\u00bb][et_pb_text _builder_version=\u00bb4.27.4&#8243; _module_preset=\u00bbdefault\u00bb text_font=\u00bbBrandon Grotesque Regular||||||||\u00bb text_text_color=\u00bb#003B71&#8243; text_line_height=\u00bb1.6em\u00bb background_color=\u00bb#FFFFFF\u00bb text_orientation=\u00bbcenter\u00bb max_width=\u00bb250px\u00bb module_alignment=\u00bbright\u00bb custom_margin=\u00bb||||false|false\u00bb custom_padding=\u00bb20px||20px||true|false\u00bb module_alignment_tablet=\u00bbright\u00bb module_alignment_phone=\u00bbcenter\u00bb module_alignment_last_edited=\u00bbon|phone\u00bb border_radii=\u00bboff|20px|20px||\u00bb global_colors_info=\u00bb{}\u00bb]<\/p>\n<p><span style=\"display: block; margin-bottom: -32px; font-size: 28px; font-family: 'Brandon Grotesque Medium',Helvetica,Arial,Lucida,sans-serif;\"><strong>816.361.5900<\/strong><\/span><br \/>L\u00ednea de crisis 24\/7<\/p>\n<p>[\/et_pb_text][\/et_pb_column][\/et_pb_row][\/et_pb_section][et_pb_section fb_built=\u00bb1&#8243; _builder_version=\u00bb4.27.4&#8243; _module_preset=\u00bbdefault\u00bb custom_margin=\u00bb0px||0px||false|false\u00bb global_colors_info=\u00bb{}\u00bb][et_pb_row _builder_version=\u00bb4.27.4&#8243; _module_preset=\u00bbdefault\u00bb max_width=\u00bb800px\u00bb custom_margin=\u00bb|auto|40px|auto|false|false\u00bb custom_padding=\u00bb0px||0px||false|false\u00bb animation_style=\u00bbfade\u00bb animation_delay=\u00bb500ms\u00bb animation_speed_curve=\u00bbease\u00bb global_colors_info=\u00bb{}\u00bb][et_pb_column type=\u00bb4_4&#8243; _builder_version=\u00bb4.26.1&#8243; _module_preset=\u00bbdefault\u00bb global_colors_info=\u00bb{}\u00bb][et_pb_text _builder_version=\u00bb4.27.4&#8243; _module_preset=\u00bb0c5fed36-2ce4-4d9b-b5f4-96e2ad2f40e8&#8243; custom_margin=\u00bb0px||30px|-1px|false|false\u00bb hover_enabled=\u00bb0&#8243; global_colors_info=\u00bb{}\u00bb header_2_font_size_last_edited=\u00bbon|phone\u00bb sticky_enabled=\u00bb0&#8243;]<\/p>\n<h2>First Call ofrece presentaciones comunitarias y corporativas GRATUITAS para los habitantes del \u00e1rea metropolitana de Kansas City.<\/h2>\n<p>[\/et_pb_text][et_pb_button button_url=\u00bbhttps:\/\/www.firstcallkc.org\/es\/ponte-en-contacto-con\/\u00bb button_text=\u00bbProgramar una presentaci\u00f3n\u00bb button_alignment=\u00bbcenter\u00bb _builder_version=\u00bb4.27.4&#8243; _module_preset=\u00bb23b6e5b5-f6d3-4366-a64a-f8aa5ee0621f\u00bb custom_margin=\u00bb0px||30px||false|false\u00bb global_colors_info=\u00bb{}\u00bb][\/et_pb_button][et_pb_text _builder_version=\u00bb4.27.4&#8243; _module_preset=\u00bbdefault\u00bb text_font=\u00bbBrandon Grotesque Light||||||||\u00bb text_line_height=\u00bb1.8em\u00bb global_colors_info=\u00bb{}\u00bb]<\/p>\n<p><span class=\"color_29 wixui-rich-text__text\"><span class=\"wixui-rich-text__text\">Las presentaciones son impartidas por los equipos cl\u00ednicos y de prevenci\u00f3n de First Call, e incluyen temas sobre trastornos por consumo de sustancias, salud mental y tendencias actuales en materia de drogas. Cada presentaci\u00f3n dura aproximadamente 60 minutos.   <\/span><\/span><\/p>\n<p><span class=\"color_29 wixui-rich-text__text\"><span class=\"wixui-rich-text__text\"><\/span><\/span><\/p>\n<p class=\"font_8 wixui-rich-text__text\"><span class=\"color_29 wixui-rich-text__text\"><span class=\"wixui-rich-text__text\">Las presentaciones tambi\u00e9n pueden personalizarse para tu empresa o agencia.  <\/span><\/span><\/p>\n<p class=\"font_8 wixui-rich-text__text\"><span class=\"color_29 wixui-rich-text__text\"><span class=\"wixui-rich-text__text\"><\/span><\/span><\/p>\n<h4 class=\"font_8 wixui-rich-text__text\"><span class=\"color_29 wixui-rich-text__text\"><span class=\"wixui-rich-text__text\">Ponte en contacto con nosotros en el formulario de arriba, o llama al 816-361-5900.  <\/span><\/span><\/h4>\n<p>[\/et_pb_text][\/et_pb_column][\/et_pb_row][\/et_pb_section][et_pb_section fb_built=\u00bb1&#8243; custom_padding_last_edited=\u00bbon|tablet\u00bb _builder_version=\u00bb4.27.4&#8243; _module_preset=\u00bbdefault\u00bb background_color=\u00bb#D3E6F4&#8243; background_enable_image=\u00bboff\u00bb custom_margin=\u00bb0px||0px||false|false\u00bb custom_padding=\u00bb71px||71px||true|false\u00bb custom_padding_tablet=\u00bb130px||130px||false|false\u00bb custom_padding_phone=\u00bb90px||90px||false|false\u00bb global_colors_info=\u00bb{}\u00bb][et_pb_row _builder_version=\u00bb4.26.1&#8243; _module_preset=\u00bbdefault\u00bb max_width=\u00bb695px\u00bb custom_margin=\u00bb0px|auto|-69px|auto|false|false\u00bb custom_padding=\u00bb0px||0px||false|false\u00bb animation_style=\u00bbfade\u00bb animation_delay=\u00bb500ms\u00bb animation_speed_curve=\u00bbease\u00bb global_colors_info=\u00bb{}\u00bb][et_pb_column type=\u00bb4_4&#8243; _builder_version=\u00bb4.26.1&#8243; _module_preset=\u00bbdefault\u00bb global_colors_info=\u00bb{}\u00bb][et_pb_text _builder_version=\u00bb4.27.4&#8243; _module_preset=\u00bbe2cb4f5e-7332-43cc-9dd8-a78806f51ec1&#8243; header_font=\u00bbBrandon Grotesque Bold||||||||\u00bb header_2_font=\u00bbBrandon Grotesque Bold||||||||\u00bb header_2_font_size=\u00bb40px\u00bb global_colors_info=\u00bb{}\u00bb]<\/p>\n<h2>First Call proporciona formaci\u00f3n nacional basada en pruebas.<\/h2>\n<p>[\/et_pb_text][\/et_pb_column][\/et_pb_row][\/et_pb_section][et_pb_section fb_built=\u00bb1&#8243; custom_padding_last_edited=\u00bbon|tablet\u00bb _builder_version=\u00bb4.27.4&#8243; _module_preset=\u00bbdefault\u00bb use_background_color_gradient=\u00bbon\u00bb background_color_gradient_stops=\u00bbrgba(250,250,250,0.44) 0%|rgba(250,250,250,0.6) 100%\u00bb background_color_gradient_overlays_image=\u00bbon\u00bb background_image=\u00bbhttps:\/\/www.firstcallkc.org\/wp-content\/uploads\/blue-watercolor-texture-with-copyspace-right_24972-147.jpg\u00bb custom_margin=\u00bb1px||1px||true|false\u00bb custom_padding=\u00bb60px||60px||true|false\u00bb custom_padding_tablet=\u00bb130px||130px||false|false\u00bb custom_padding_phone=\u00bb90px||90px||false|false\u00bb global_colors_info=\u00bb{%22gcid-a619ccf1-db75-42ca-81f1-0f19d5dadeca%22:%91%22background_color%22%93}\u00bb][et_pb_row _builder_version=\u00bb4.27.4&#8243; _module_preset=\u00bbdefault\u00bb custom_margin=\u00bb|auto|40px|auto||\u00bb global_colors_info=\u00bb{}\u00bb][et_pb_column type=\u00bb4_4&#8243; _builder_version=\u00bb4.27.4&#8243; _module_preset=\u00bbdefault\u00bb global_colors_info=\u00bb{}\u00bb][et_pb_text _builder_version=\u00bb4.27.4&#8243; _module_preset=\u00bb91d8e51b-3457-48d8-810d-1c5603cbcc1e\u00bb header_2_font=\u00bb||||||||\u00bb max_width=\u00bb590px\u00bb global_colors_info=\u00bb{}\u00bb]<\/p>\n<h2>Temas de presentaci\u00f3n<\/h2>\n<p>[\/et_pb_text][\/et_pb_column][\/et_pb_row][et_pb_row column_structure=\u00bb1_3,1_3,1_3&#8243; use_custom_gutter=\u00bbon\u00bb gutter_width=\u00bb2&#8243; make_equal=\u00bbon\u00bb _builder_version=\u00bb4.27.4&#8243; _module_preset=\u00bbdefault\u00bb max_width_tablet=\u00bb420px\u00bb max_width_phone=\u00bb420px\u00bb max_width_last_edited=\u00bbon|phone\u00bb custom_margin=\u00bb0px||70px||false|false\u00bb custom_margin_tablet=\u00bb0px||70px||false|false\u00bb custom_margin_phone=\u00bb0px||50px||false|false\u00bb custom_margin_last_edited=\u00bbon|phone\u00bb custom_padding=\u00bb0px||0px||false|false\u00bb animation_style=\u00bbfade\u00bb animation_delay=\u00bb500ms\u00bb animation_speed_curve=\u00bbease\u00bb global_colors_info=\u00bb{}\u00bb][et_pb_column type=\u00bb1_3&#8243; _builder_version=\u00bb4.27.4&#8243; _module_preset=\u00bbdefault\u00bb use_background_color_gradient=\u00bbon\u00bb background_color_gradient_stops=\u00bbrgba(0,0,0,0.08) 0%|rgba(3,34,55,0.97) 100%\u00bb background_color_gradient_overlays_image=\u00bbon\u00bb background_image=\u00bbhttps:\/\/www.firstcallkc.org\/wp-content\/uploads\/teen.avif\u00bb custom_padding=\u00bb30px|30px|30px|30px|false|false\u00bb link_option_url=\u00bb#\u00bb custom_css_free_form=\u00bb.selector {||  height: 560px;||}\u00bb border_radii=\u00bbon|20px|20px|20px|20px\u00bb global_colors_info=\u00bb{}\u00bb background__hover_enabled=\u00bboff|desktop\u00bb background_color_gradient_stops__hover=\u00bbrgba(0,0,0,0.3) 0%|rgba(0,0,0,0.3) 100%\u00bb use_background_color_gradient__hover=\u00bbon\u00bb][et_pb_text _builder_version=\u00bb4.27.4&#8243; _module_preset=\u00bb6d7cc716-06c9-422c-bc2e-b333a846db54&#8243; position_origin_a=\u00bbtop_left\u00bb vertical_offset=\u00bb300px\u00bb global_colors_info=\u00bb{}\u00bb]<\/p>\n<h3>\u00bfQu\u00e9 le pasa a tu hijo adolescente?<\/h3>\n<p class=\"font_8 wixui-rich-text__text\"><span class=\"wixui-rich-text__text\">Descubre los primeros signos y s\u00edntomas de los ni\u00f1os con problemas de salud mental, as\u00ed como la forma de abordar a un ni\u00f1o que presenta alguna de estas caracter\u00edsticas. Los participantes tambi\u00e9n reciben recursos de ayuda. <\/span><\/p>\n<p>[\/et_pb_text][\/et_pb_column][et_pb_column type=\u00bb1_3&#8243; _builder_version=\u00bb4.27.4&#8243; _module_preset=\u00bbdefault\u00bb use_background_color_gradient=\u00bbon\u00bb background_color_gradient_stops=\u00bbrgba(0,0,0,0.08) 0%|rgba(3,34,55,0.97) 100%\u00bb background_color_gradient_overlays_image=\u00bbon\u00bb background_image=\u00bbhttps:\/\/www.firstcallkc.org\/wp-content\/uploads\/child-mental-health.avif\u00bb custom_padding=\u00bb30px|30px|30px|30px|false|false\u00bb link_option_url=\u00bb#\u00bb custom_css_free_form=\u00bb.selector {||  height: 560px;||}\u00bb border_radii=\u00bbon|20px|20px|20px|20px\u00bb global_colors_info=\u00bb{}\u00bb background__hover_enabled=\u00bboff|desktop\u00bb background_color_gradient_stops__hover=\u00bbrgba(0,0,0,0.3) 0%|rgba(0,0,0,0.3) 100%\u00bb use_background_color_gradient__hover=\u00bbon\u00bb][et_pb_text _builder_version=\u00bb4.27.4&#8243; _module_preset=\u00bb6d7cc716-06c9-422c-bc2e-b333a846db54&#8243; position_origin_a=\u00bbtop_left\u00bb vertical_offset=\u00bb300px\u00bb global_colors_info=\u00bb{}\u00bb]<\/p>\n<h3>C\u00f3mo hablar con tu hijo sobre salud mental<\/h3>\n<p class=\"font_8 wixui-rich-text__text\"><span class=\"wixui-rich-text__text\">Descubre los primeros signos y s\u00edntomas de los ni\u00f1os con problemas de salud mental, as\u00ed como la forma de abordar a un ni\u00f1o que presenta alguna de estas caracter\u00edsticas. Los participantes tambi\u00e9n reciben recursos de ayuda. <\/span><\/p>\n<p>[\/et_pb_text][\/et_pb_column][et_pb_column type=\u00bb1_3&#8243; _builder_version=\u00bb4.27.4&#8243; _module_preset=\u00bbdefault\u00bb use_background_color_gradient=\u00bbon\u00bb background_color_gradient_stops=\u00bbrgba(0,0,0,0.08) 0%|rgba(3,34,55,0.97) 100%\u00bb background_color_gradient_overlays_image=\u00bbon\u00bb background_image=\u00bbhttps:\/\/www.firstcallkc.org\/wp-content\/uploads\/mental-health-facts-for-adults.avif\u00bb custom_padding=\u00bb30px|30px|30px|30px|false|false\u00bb link_option_url=\u00bb#\u00bb custom_css_free_form=\u00bb.selector {||  height: 560px;||}\u00bb border_radii=\u00bbon|20px|20px|20px|20px\u00bb global_colors_info=\u00bb{}\u00bb background__hover_enabled=\u00bboff|desktop\u00bb background_color_gradient_stops__hover=\u00bbrgba(0,0,0,0.3) 0%|rgba(0,0,0,0.3) 100%\u00bb use_background_color_gradient__hover=\u00bbon\u00bb][et_pb_text _builder_version=\u00bb4.27.4&#8243; _module_preset=\u00bb6d7cc716-06c9-422c-bc2e-b333a846db54&#8243; position_origin_a=\u00bbtop_left\u00bb vertical_offset=\u00bb300px\u00bb global_colors_info=\u00bb{}\u00bb]<\/p>\n<h3>Datos sobre salud mental para adultos<\/h3>\n<p class=\"font_8 wixui-rich-text__text\"><span class=\"wixui-rich-text__text\">Una visi\u00f3n general de los problemas habituales de salud mental que afectan a los adultos, incluidas las situaciones de crisis. Descubre los primeros signos y s\u00edntomas y aprende a poner a alguien en contacto con los recursos locales adecuados. <\/span><\/p>\n<p>[\/et_pb_text][\/et_pb_column][\/et_pb_row][et_pb_row column_structure=\u00bb1_2,1_2&#8243; use_custom_gutter=\u00bbon\u00bb gutter_width=\u00bb2&#8243; make_equal=\u00bbon\u00bb _builder_version=\u00bb4.27.4&#8243; _module_preset=\u00bbdefault\u00bb max_width=\u00bb800px\u00bb max_width_tablet=\u00bb420px\u00bb max_width_phone=\u00bb420px\u00bb max_width_last_edited=\u00bbon|phone\u00bb custom_margin=\u00bb0px|auto|40px|auto|false|false\u00bb custom_margin_tablet=\u00bb0px||70px||false|false\u00bb custom_margin_phone=\u00bb0px||50px||false|false\u00bb custom_margin_last_edited=\u00bbon|phone\u00bb custom_padding=\u00bb0px||0px||false|false\u00bb animation_style=\u00bbfade\u00bb animation_delay=\u00bb500ms\u00bb animation_speed_curve=\u00bbease\u00bb global_colors_info=\u00bb{}\u00bb][et_pb_column type=\u00bb1_2&#8243; _builder_version=\u00bb4.27.4&#8243; _module_preset=\u00bbdefault\u00bb use_background_color_gradient=\u00bbon\u00bb background_color_gradient_stops=\u00bbrgba(0,0,0,0.08) 0%|rgba(3,34,55,0.97) 100%\u00bb background_color_gradient_overlays_image=\u00bbon\u00bb background_image=\u00bbhttps:\/\/www.firstcallkc.org\/wp-content\/uploads\/substance-use-young-mind.avif\u00bb custom_padding=\u00bb30px|30px|30px|30px|false|false\u00bb link_option_url=\u00bb#\u00bb custom_css_free_form=\u00bb.selector {||  height: 560px;||}\u00bb border_radii=\u00bbon|20px|20px|20px|20px\u00bb global_colors_info=\u00bb{}\u00bb background__hover_enabled=\u00bboff|desktop\u00bb background_color_gradient_stops__hover=\u00bbrgba(0,0,0,0.3) 0%|rgba(0,0,0,0.3) 100%\u00bb use_background_color_gradient__hover=\u00bbon\u00bb][et_pb_text _builder_version=\u00bb4.27.4&#8243; _module_preset=\u00bb6d7cc716-06c9-422c-bc2e-b333a846db54&#8243; header_3_font_size=\u00bb24px\u00bb position_origin_a=\u00bbtop_left\u00bb vertical_offset=\u00bb300px\u00bb global_colors_info=\u00bb{}\u00bb]<\/p>\n<h3>El consumo de sustancias y la mente joven<\/h3>\n<p class=\"font_8 wixui-rich-text__text\"><span class=\"wixui-rich-text__text\">Una visi\u00f3n general del trastorno por consumo de sustancias que incluye su progresi\u00f3n en el tiempo, y c\u00f3mo el consumo temprano de sustancias puede afectar al desarrollo cerebral del adolescente.<\/span><\/p>\n<p>[\/et_pb_text][\/et_pb_column][et_pb_column type=\u00bb1_2&#8243; _builder_version=\u00bb4.27.4&#8243; _module_preset=\u00bbdefault\u00bb use_background_color_gradient=\u00bbon\u00bb background_color_gradient_stops=\u00bbrgba(0,0,0,0.08) 0%|rgba(3,34,55,0.97) 100%\u00bb background_color_gradient_overlays_image=\u00bbon\u00bb background_image=\u00bbhttps:\/\/www.firstcallkc.org\/wp-content\/uploads\/current-drug-trends.avif\u00bb custom_padding=\u00bb30px|30px|30px|30px|false|false\u00bb link_option_url=\u00bb#\u00bb custom_css_free_form=\u00bb.selector {||  height: 560px;||}\u00bb border_radii=\u00bbon|20px|20px|20px|20px\u00bb global_colors_info=\u00bb{}\u00bb background__hover_enabled=\u00bboff|desktop\u00bb background_color_gradient_stops__hover=\u00bbrgba(0,0,0,0.3) 0%|rgba(0,0,0,0.3) 100%\u00bb use_background_color_gradient__hover=\u00bbon\u00bb][et_pb_text _builder_version=\u00bb4.27.4&#8243; _module_preset=\u00bb6d7cc716-06c9-422c-bc2e-b333a846db54&#8243; header_3_font_size=\u00bb24px\u00bb position_origin_a=\u00bbtop_left\u00bb vertical_offset=\u00bb300px\u00bb global_colors_info=\u00bb{}\u00bb]<\/p>\n<h3>Tendencias actuales de los medicamentos<\/h3>\n<p class=\"font_8 wixui-rich-text__text\"><span class=\"wixui-rich-text__text\">Es especialmente importante que los padres de preadolescentes y adolescentes est\u00e9n al corriente de las modas y tendencias actuales en materia de drogas. Esta presentaci\u00f3n incluye las tendencias actuales de las drogas en el pa\u00eds, as\u00ed como en nuestra comunidad en concreto, los signos de advertencia del consumo y qu\u00e9 hacer si sospechas que se consumen. <\/span><\/p>\n<p>[\/et_pb_text][\/et_pb_column][\/et_pb_row][\/et_pb_section][et_pb_section fb_built=\u00bb1&#8243; custom_padding_last_edited=\u00bbon|tablet\u00bb _builder_version=\u00bb4.27.4&#8243; _module_preset=\u00bbdefault\u00bb background_color=\u00bb#D3E6F4&#8243; background_enable_image=\u00bboff\u00bb custom_margin=\u00bb0px||0px||false|false\u00bb custom_padding=\u00bb59px||59px||true|false\u00bb custom_padding_tablet=\u00bb130px||130px||false|false\u00bb custom_padding_phone=\u00bb90px||90px||false|false\u00bb global_colors_info=\u00bb{}\u00bb][et_pb_row _builder_version=\u00bb4.26.1&#8243; _module_preset=\u00bbdefault\u00bb max_width=\u00bb695px\u00bb custom_margin=\u00bb0px||0px||false|false\u00bb custom_padding=\u00bb0px||0px||false|false\u00bb animation_style=\u00bbfade\u00bb animation_delay=\u00bb500ms\u00bb animation_speed_curve=\u00bbease\u00bb global_colors_info=\u00bb{}\u00bb][et_pb_column type=\u00bb4_4&#8243; _builder_version=\u00bb4.26.1&#8243; _module_preset=\u00bbdefault\u00bb global_colors_info=\u00bb{}\u00bb][et_pb_text _builder_version=\u00bb4.27.4&#8243; _module_preset=\u00bbe2cb4f5e-7332-43cc-9dd8-a78806f51ec1&#8243; global_colors_info=\u00bb{}\u00bb]<\/p>\n<h4>\u00danete a nosotros en nuestra misi\u00f3n.<\/h4>\n<p>[\/et_pb_text][et_pb_text _builder_version=\u00bb4.27.4&#8243; _module_preset=\u00bb030020c5-fdf1-4076-8cd1-8db77fbcd136&#8243; custom_padding=\u00bb0px||30px||false|false\u00bb global_colors_info=\u00bb{}\u00bb]<\/p>\n<h2>La recuperaci\u00f3n es posible.<br \/><span style=\"color: #003b71;\"><strong>First Call est\u00e1 aqu\u00ed para ayudarte.<\/strong><\/span><\/h2>\n<p>[\/et_pb_text][et_pb_button button_url=\u00bbhttps:\/\/www.firstcallkc.org\/es\/dona\/\u00bb button_text=\u00bbRegala hoy\u00bb _builder_version=\u00bb4.27.4&#8243; _module_preset=\u00bb2ca1904e-7236-45c7-9329-21f98ed14110&#8243; global_colors_info=\u00bb{}\u00bb][\/et_pb_button][\/et_pb_column][\/et_pb_row][\/et_pb_section]<\/p>\n","protected":false},"excerpt":{"rendered":"<p>816.361.5900L\u00ednea de crisis 24\/7First Call ofrece presentaciones comunitarias y corporativas GRATUITAS para los habitantes del \u00e1rea metropolitana de Kansas City.Las presentaciones son impartidas por los equipos cl\u00ednicos y de prevenci\u00f3n de First Call, e incluyen temas sobre trastornos por consumo de sustancias, salud mental y tendencias actuales en materia de drogas. Cada presentaci\u00f3n dura aproximadamente 60 minutos. Las presentaciones tambi\u00e9n pueden personalizarse para tu empresa o agencia. Ponte en contacto con nosotros en el formulario de arriba, o llama al 816-361-5900. First Call proporciona formaci\u00f3n nacional basada en pruebas.Temas de presentaci\u00f3n\u00bfQu\u00e9 le pasa a tu hijo adolescente? Descubre los primeros signos y s\u00edntomas de los ni\u00f1os con problemas de salud mental, as\u00ed como la forma de abordar a un ni\u00f1o que presenta alguna de estas caracter\u00edsticas. Los participantes tambi\u00e9n reciben recursos de ayuda. C\u00f3mo hablar con tu hijo sobre salud mental Descubre los primeros signos y s\u00edntomas de los ni\u00f1os con problemas de salud mental, as\u00ed como la forma de abordar a un ni\u00f1o que presenta alguna de estas caracter\u00edsticas. Los participantes tambi\u00e9n reciben recursos de ayuda. Datos sobre salud mental para adultos Una visi\u00f3n general de los problemas habituales de salud mental que afectan a los adultos, incluidas las [&hellip;]<\/p>\n","protected":false},"author":3,"featured_media":0,"parent":0,"menu_order":0,"comment_status":"closed","ping_status":"closed","template":"","meta":{"_et_pb_use_builder":"on","_et_pb_old_content":"","_et_gb_content_width":"","_price":"","_stock":"","_tribe_ticket_header":"","_tribe_default_ticket_provider":"TEC\\Tickets\\Commerce\\Module","_tribe_ticket_capacity":"0","_ticket_start_date":"","_ticket_end_date":"","_tribe_ticket_show_description":"","_tribe_ticket_show_not_going":false,"_tribe_ticket_use_global_stock":"","_tribe_ticket_global_stock_level":"","_global_stock_mode":"","_global_stock_cap":"","_tribe_rsvp_for_event":"","_tribe_ticket_going_count":"","_tribe_ticket_not_going_count":"","_tribe_tickets_list":"[]","_tribe_ticket_has_attendee_info_fields":false,"footnotes":"","_tec_slr_enabled":"","_tec_slr_layout":""},"class_list":["post-51037","page","type-page","status-publish","hentry"],"ticketed":false,"_links":{"self":[{"href":"https:\/\/www.firstcallkc.org\/es\/wp-json\/wp\/v2\/pages\/51037","targetHints":{"allow":["GET"]}}],"collection":[{"href":"https:\/\/www.firstcallkc.org\/es\/wp-json\/wp\/v2\/pages"}],"about":[{"href":"https:\/\/www.firstcallkc.org\/es\/wp-json\/wp\/v2\/types\/page"}],"author":[{"embeddable":true,"href":"https:\/\/www.firstcallkc.org\/es\/wp-json\/wp\/v2\/users\/3"}],"replies":[{"embeddable":true,"href":"https:\/\/www.firstcallkc.org\/es\/wp-json\/wp\/v2\/comments?post=51037"}],"version-history":[{"count":9,"href":"https:\/\/www.firstcallkc.org\/es\/wp-json\/wp\/v2\/pages\/51037\/revisions"}],"predecessor-version":[{"id":53236,"href":"https:\/\/www.firstcallkc.org\/es\/wp-json\/wp\/v2\/pages\/51037\/revisions\/53236"}],"wp:attachment":[{"href":"https:\/\/www.firstcallkc.org\/es\/wp-json\/wp\/v2\/media?parent=51037"}],"curies":[{"name":"wp","href":"https:\/\/api.w.org\/{rel}","templated":true}]}}