{"id":51053,"date":"2025-03-22T12:15:18","date_gmt":"2025-03-22T17:15:18","guid":{"rendered":"https:\/\/firstcallkc.org\/preguntas-frecuentes\/"},"modified":"2025-07-29T15:05:36","modified_gmt":"2025-07-29T20:05:36","slug":"preguntas-frecuentes","status":"publish","type":"page","link":"https:\/\/www.firstcallkc.org\/es\/preguntas-frecuentes\/","title":{"rendered":"Preguntas frecuentes"},"content":{"rendered":"<p>[et_pb_section fb_built=\u00bb1&#8243; _builder_version=\u00bb4.27.4&#8243; _module_preset=\u00bbdefault\u00bb background_color=\u00bb#D3E6F4&#8243; custom_padding=\u00bb||||false|false\u00bb global_colors_info=\u00bb{}\u00bb][et_pb_row _builder_version=\u00bb4.27.4&#8243; _module_preset=\u00bbdefault\u00bb positioning=\u00bbnone\u00bb position_origin_a=\u00bbcenter_left\u00bb custom_margin=\u00bb0px||0px||false|false\u00bb custom_padding=\u00bb0px||||false|false\u00bb animation_style=\u00bbfade\u00bb animation_delay=\u00bb500ms\u00bb animation_speed_curve=\u00bbease\u00bb global_colors_info=\u00bb{}\u00bb][et_pb_column type=\u00bb4_4&#8243; _builder_version=\u00bb4.26.1&#8243; _module_preset=\u00bbdefault\u00bb global_colors_info=\u00bb{}\u00bb][et_pb_text _builder_version=\u00bb4.27.4&#8243; _module_preset=\u00bb91d8e51b-3457-48d8-810d-1c5603cbcc1e\u00bb custom_margin=\u00bb32px||17px||false|false\u00bb global_colors_info=\u00bb{}\u00bb]<\/p>\n<h1>Preguntas frecuentes<\/h1>\n<p>[\/et_pb_text][\/et_pb_column][\/et_pb_row][\/et_pb_section][et_pb_section fb_built=\u00bb1&#8243; _builder_version=\u00bb4.27.4&#8243; _module_preset=\u00bbdefault\u00bb use_background_color_gradient=\u00bbon\u00bb background_color_gradient_stops=\u00bbrgba(255,255,255,0.23) 0%|rgba(255,255,255,0.58) 100%\u00bb background_color_gradient_overlays_image=\u00bbon\u00bb background_image=\u00bbhttps:\/\/www.firstcallkc.org\/wp-content\/uploads\/blue-watercolor-texture-with-copyspace-right_24972-147.jpg\u00bb custom_margin=\u00bb0px||0px||false|false\u00bb global_colors_info=\u00bb{}\u00bb][et_pb_row _builder_version=\u00bb4.27.4&#8243; _module_preset=\u00bbdefault\u00bb hover_enabled=\u00bb0&#8243; global_colors_info=\u00bb{}\u00bb max_width=\u00bb620px\u00bb sticky_enabled=\u00bb0&#8243;][et_pb_column type=\u00bb4_4&#8243; _builder_version=\u00bb4.27.4&#8243; _module_preset=\u00bbdefault\u00bb global_colors_info=\u00bb{}\u00bb][et_pb_text _builder_version=\u00bb4.27.4&#8243; _module_preset=\u00bb91d8e51b-3457-48d8-810d-1c5603cbcc1e\u00bb global_colors_info=\u00bb{}\u00bb]<\/p>\n<h4><b>\u00bfA qui\u00e9n ayuda First Call?<\/b><\/h4>\n<p><span style=\"font-weight: 400;\">First Call atiende a personas que luchan contra la adicci\u00f3n, a sus familias y a la comunidad en general a trav\u00e9s de la educaci\u00f3n para la prevenci\u00f3n, el asesoramiento y la defensa.<\/span><span style=\"font-weight: 400;\"><\/span><\/p>\n<hr>\n<h4><b><\/b><\/h4>\n<h4><b>\u00bfEs First Call un centro de tratamiento?<\/b><span style=\"font-weight: 400;\"> <\/span><\/h4>\n<p><span style=\"font-weight: 400;\">No.   <\/span><i><span style=\"font-weight: 400;\">conectar<\/span><\/i><span style=\"font-weight: 400;\"> con un centro de tratamiento que se adapte a tus necesidades individuales, y <\/span><i><span style=\"font-weight: 400;\">abogamos<\/span><\/i><span style=\"font-weight: 400;\"> por ti durante tu tratamiento, te proporcionamos apoyo durante y despu\u00e9s del mismo.<\/span><\/p>\n<hr>\n<h4><b><\/b><\/h4>\n<h4><b><\/b><\/h4>\n<h4><b>\u00bfCu\u00e1nto cuestan los servicios de First Call? <\/b><\/h4>\n<p><span style=\"font-weight: 400;\">La mayor\u00eda de los servicios son <\/span><b>gratuitos<\/b><span style=\"font-weight: 400;\">  u ofrecidos a un coste reducido seg\u00fan una escala m\u00f3vil. Ponte en contacto con nosotros para saber m\u00e1s sobre tus opciones. <\/span><\/p>\n<hr>\n<h4><b><\/b><\/h4>\n<h4><b><\/b><\/h4>\n<h4><b>\u00bfNecesito un seguro para recibir ayuda?<\/b><\/h4>\n<p><b> <\/b><span style=\"font-weight: 400;\">No. First Call proporciona apoyo independientemente de la situaci\u00f3n del seguro. <\/span><\/p>\n<hr>\n<h4><b><\/b><\/h4>\n<h4><b>\u00bfHay alg\u00fan requisito de sobriedad?  <\/b><\/h4>\n<p><span style=\"font-weight: 400;\">No. First Call proporciona apoyo independientemente de la situaci\u00f3n. De hecho, sabemos que en momentos de recurrencia, necesita nuestro apoyo m\u00e1s que nunca.  <\/span><\/p>\n<hr>\n<h4><b><\/b><\/h4>\n<h4><b>\u00bfQu\u00e9 ocurre si yo personalmente no tengo una adicci\u00f3n, pero s\u00e9 que un ser querido s\u00ed la tiene?<\/b><span style=\"font-weight: 400;\"> <\/span><\/h4>\n<p><span style=\"font-weight: 400;\">La mayor\u00eda de las personas que contactan con First Call NO son los propios individuos, sino un ser querido que busca ayuda. Tambi\u00e9n ofrecemos  <\/span><a href=\"http:\/\/www.firstcallkc.org\/families\"><span style=\"font-weight: 400;\">servicios para TI<\/span><\/a><span style=\"font-weight: 400;\">incluyendo asesoramiento, educaci\u00f3n y grupos de iguales, porque sabemos que su adicci\u00f3n tambi\u00e9n te afecta a ti.<\/span><\/p>\n<hr>\n<h4><b><\/b><\/h4>\n<h4><b>\u00bfTienes servicios para j\u00f3venes?  <\/b><\/h4>\n<p><span style=\"font-weight: 400;\">S\u00ed.  <\/span><a href=\"http:\/\/www.firstcallkc.org\/families\"><span style=\"font-weight: 400;\">First Call cuenta con un consejero juvenil dedicado<\/span><\/a><span style=\"font-weight: 400;\">. El programa juvenil de First Call proporciona educaci\u00f3n y apoyo a los j\u00f3venes para ayudar a abordar las razones subyacentes del consumo de sustancias en lugar de simplemente desalentar el consumo. Ofrecemos servicios apropiados para la edad para desentra\u00f1ar la adicci\u00f3n de un ser querido y c\u00f3mo afecta a ese ni\u00f1o. <\/span><\/p>\n<hr>\n<h4><b><\/b><\/h4>\n<h4><b>\u00bfC\u00f3mo hablo con mis hijos sobre las drogas?<\/b><span style=\"font-weight: 400;\">  <\/span><\/h4>\n<p><a href=\"https:\/\/www.firstcallkc.org\/wp-content\/uploads\/August-Printed.pdf\"><span style=\"font-weight: 400;\">Aqu\u00ed<\/span><span style=\"font-weight: 400;\"> <\/span><\/a><span style=\"font-weight: 400;\"><a href=\"https:\/\/www.firstcallkc.org\/wp-content\/uploads\/August-Printed.pdf\">es una gu\u00eda r\u00e1pida<\/a> para hablar con tus hijos sobre las drogas. Para obtener informaci\u00f3n m\u00e1s detallada, llama al 816.361.5900 <\/span><\/p>\n<hr>\n<h4><b><\/b><\/h4>\n<h4><b>\u00bfFirst Call ofrece servicios en espa\u00f1ol?<\/b><\/h4>\n<p><span style=\"font-weight: 400;\">Algunos servicios pueden estar disponibles en espa\u00f1ol o con ayuda de traducci\u00f3n.<\/span><\/p>\n<hr>\n<h4><b>\u00bfY si no quiero dejar de consumir, sino s\u00f3lo consumir con menos frecuencia o de forma m\u00e1s segura?  <\/b><\/h4>\n<p><span style=\"font-weight: 400;\">First Call proporciona servicios de reducci\u00f3n de da\u00f1os, como <\/span><a href=\"https:\/\/www.firstcallkc.org\/es\/reduccion-de-danos\/\"><b>naloxona gratuita<\/b><span style=\"font-weight: 400;\"> y tiras reactivas para pruebas de sustancias<\/span><\/a><span style=\"font-weight: 400;\">. Sabemos que aquellos que participan en esos servicios tienen 3 veces m\u00e1s probabilidades de alcanzar la sobriedad con el tiempo. <\/span><\/p>\n<hr>\n<h4><b><\/b><\/h4>\n<h4><b>\u00bfC\u00f3mo s\u00e9 si yo o mi ser querido necesitamos ayuda?  <\/b><\/h4>\n<p><span style=\"font-weight: 400;\">Si el consumo de sustancias est\u00e1 afectando a su salud, sus relaciones, su trabajo o su vida diaria, puede que sea el momento de buscar apoyo. First Call ofrece evaluaciones, asesoramiento y recursos. <\/span><span style=\"font-weight: 400;\"><\/span><\/p>\n<hr>\n<p><b><\/b><\/p>\n<h4><b>\u00bfC\u00f3mo puedo apoyar la labor de First Call? <\/b><\/h4>\n<p><span style=\"font-weight: 400;\">Puede apoyar a First Call a trav\u00e9s del <\/span><a href=\"http:\/\/www.firstcallkc.org\/volunteer\"><span style=\"font-weight: 400;\">voluntariado<\/span><\/a><span style=\"font-weight: 400;\">, asistiendo a eventos, <\/span><a href=\"http:\/\/www.firstcallkc.org\/donate\"><span style=\"font-weight: 400;\">donando<\/span><\/a><span style=\"font-weight: 400;\"> o <\/span><a href=\"http:\/\/www.firstcallkc.org\/volunteer\"><span style=\"font-weight: 400;\">difundiendo la concienciaci\u00f3n<\/span><\/a><span style=\"font-weight: 400;\">. <\/span> <span style=\"font-weight: 400;\"><\/span><\/p>\n<hr>\n<p><b><\/b><\/p>\n<h4><b>\u00bfMi donaci\u00f3n es deducible de impuestos?  <\/b><\/h4>\n<p><span style=\"font-weight: 400;\">S\u00ed, como organizaci\u00f3n sin \u00e1nimo de lucro, las donaciones a First Call son deducibles de impuestos.<\/span><\/p>\n<hr>\n<p>&nbsp;<\/p>\n<h4><b>\u00bfPuedo establecer una donaci\u00f3n peri\u00f3dica?  <\/b><\/h4>\n<p><span style=\"font-weight: 400;\">S\u00ed, First Call ofrece opciones para <\/span><a href=\"http:\/\/www.firstcallkc.org\/gem\"><span style=\"font-weight: 400;\">donaciones mensuales recurrentes.<\/span><\/a><\/p>\n<p>[\/et_pb_text][\/et_pb_column][\/et_pb_row][\/et_pb_section][et_pb_section fb_built=\u00bb1&#8243; _builder_version=\u00bb4.27.4&#8243; _module_preset=\u00bbdefault\u00bb background_color=\u00bbgcid-e3b30804-98c5-4528-8663-76f4e5b210ad\u00bb custom_margin=\u00bb0px||0px||false|false\u00bb custom_padding=\u00bb||||false|false\u00bb global_colors_info=\u00bb{%22gcid-e3b30804-98c5-4528-8663-76f4e5b210ad%22:%91%22background_color%22%93}\u00bb][et_pb_row _builder_version=\u00bb4.27.4&#8243; _module_preset=\u00bbdefault\u00bb max_width=\u00bb800px\u00bb custom_padding=\u00bb0px||0px||false|false\u00bb animation_style=\u00bbfade\u00bb animation_delay=\u00bb500ms\u00bb animation_speed_curve=\u00bbease\u00bb hover_enabled=\u00bb0&#8243; global_colors_info=\u00bb{}\u00bb sticky_enabled=\u00bb0&#8243;][et_pb_column type=\u00bb4_4&#8243; _builder_version=\u00bb4.26.1&#8243; _module_preset=\u00bbdefault\u00bb global_colors_info=\u00bb{}\u00bb][et_pb_text _builder_version=\u00bb4.27.4&#8243; _module_preset=\u00bbdefault\u00bb header_2_font_size=\u00bb40px\u00bb custom_margin=\u00bb50px||0px||false|false\u00bb hover_enabled=\u00bb0&#8243; global_colors_info=\u00bb{}\u00bb sticky_enabled=\u00bb0&#8243; header_2_font_size_last_edited=\u00bbon|phone\u00bb header_2_font_size_tablet=\u00bb40px\u00bb header_2_font_size_phone=\u00bb40px\u00bb]<\/p>\n<h2 style=\"text-align: center;\">\u00bfNecesitas ayuda y no sabes por d\u00f3nde empezar?<\/h2>\n<p>[\/et_pb_text][et_pb_text _builder_version=\u00bb4.27.4&#8243; _module_preset=\u00bbdefault\u00bb header_4_font=\u00bb||||||||\u00bb header_4_text_align=\u00bbcenter\u00bb header_4_text_color=\u00bb#D3E6F4&#8243; header_4_line_height=\u00bb1.2em\u00bb custom_margin=\u00bb0px||||false|false\u00bb custom_margin_tablet=\u00bb0px||20px||false|false\u00bb custom_margin_phone=\u00bb0px||15px||false|false\u00bb header_4_font_size_tablet=\u00bb24px\u00bb header_4_font_size_phone=\u00bb22px\u00bb global_colors_info=\u00bb{}\u00bb]<\/p>\n<h4 style=\"text-align: center;\"><span style=\"color: #6786b8;\">Estamos aqu\u00ed para ayudarte.<\/span><\/h4>\n<p style=\"text-align: center;\"><span style=\"color: #6786b8;\">D\u00e9janos ser tu First Call.  <\/span><\/p>\n<p style=\"text-align: center;\">[\/et_pb_text][et_pb_button button_url=\u00bbhttps:\/\/www.firstcallkc.org\/es\/ponte-en-contacto-con\/\u00bb url_new_window=\u00bbon\u00bb button_text=\u00bbContacta con nosotros\u00bb button_alignment=\u00bbcenter\u00bb _builder_version=\u00bb4.27.4&#8243; _module_preset=\u00bb23b6e5b5-f6d3-4366-a64a-f8aa5ee0621f\u00bb button_font=\u00bb\u2013et_global_heading_font|500||on|||||\u00bb custom_margin=\u00bb0px|20px|20px|20px|false|true\u00bb global_colors_info=\u00bb{}\u00bb][\/et_pb_button][\/et_pb_column][\/et_pb_row][\/et_pb_section]<\/p>\n","protected":false},"excerpt":{"rendered":"<p>Preguntas frecuentes\u00bfA qui\u00e9n ayuda First Call? First Call atiende a personas que luchan contra la adicci\u00f3n, a sus familias y a la comunidad en general a trav\u00e9s de la educaci\u00f3n para la prevenci\u00f3n, el asesoramiento y la defensa. \u00bfEs First Call un centro de tratamiento? No. conectar con un centro de tratamiento que se adapte a tus necesidades individuales, y abogamos por ti durante tu tratamiento, te proporcionamos apoyo durante y despu\u00e9s del mismo. \u00bfCu\u00e1nto cuestan los servicios de First Call? La mayor\u00eda de los servicios son gratuitos u ofrecidos a un coste reducido seg\u00fan una escala m\u00f3vil. Ponte en contacto con nosotros para saber m\u00e1s sobre tus opciones. \u00bfNecesito un seguro para recibir ayuda? No. First Call proporciona apoyo independientemente de la situaci\u00f3n del seguro. \u00bfHay alg\u00fan requisito de sobriedad? No. First Call proporciona apoyo independientemente de la situaci\u00f3n. De hecho, sabemos que en momentos de recurrencia, necesita nuestro apoyo m\u00e1s que nunca. \u00bfQu\u00e9 ocurre si yo personalmente no tengo una adicci\u00f3n, pero s\u00e9 que un ser querido s\u00ed la tiene? La mayor\u00eda de las personas que contactan con First Call NO son los propios individuos, sino un ser querido que busca ayuda. Tambi\u00e9n ofrecemos servicios para TIincluyendo asesoramiento, [&hellip;]<\/p>\n","protected":false},"author":3,"featured_media":0,"parent":0,"menu_order":0,"comment_status":"closed","ping_status":"closed","template":"","meta":{"_et_pb_use_builder":"on","_et_pb_old_content":"","_et_gb_content_width":"","_price":"","_stock":"","_tribe_ticket_header":"","_tribe_default_ticket_provider":"","_tribe_ticket_capacity":"0","_ticket_start_date":"","_ticket_end_date":"","_tribe_ticket_show_description":"","_tribe_ticket_show_not_going":false,"_tribe_ticket_use_global_stock":"","_tribe_ticket_global_stock_level":"","_global_stock_mode":"","_global_stock_cap":"","_tribe_rsvp_for_event":"","_tribe_ticket_going_count":"","_tribe_ticket_not_going_count":"","_tribe_tickets_list":"[]","_tribe_ticket_has_attendee_info_fields":false,"footnotes":"","_tec_slr_enabled":"","_tec_slr_layout":""},"class_list":["post-51053","page","type-page","status-publish","hentry"],"ticketed":false,"_links":{"self":[{"href":"https:\/\/www.firstcallkc.org\/es\/wp-json\/wp\/v2\/pages\/51053","targetHints":{"allow":["GET"]}}],"collection":[{"href":"https:\/\/www.firstcallkc.org\/es\/wp-json\/wp\/v2\/pages"}],"about":[{"href":"https:\/\/www.firstcallkc.org\/es\/wp-json\/wp\/v2\/types\/page"}],"author":[{"embeddable":true,"href":"https:\/\/www.firstcallkc.org\/es\/wp-json\/wp\/v2\/users\/3"}],"replies":[{"embeddable":true,"href":"https:\/\/www.firstcallkc.org\/es\/wp-json\/wp\/v2\/comments?post=51053"}],"version-history":[{"count":3,"href":"https:\/\/www.firstcallkc.org\/es\/wp-json\/wp\/v2\/pages\/51053\/revisions"}],"predecessor-version":[{"id":53646,"href":"https:\/\/www.firstcallkc.org\/es\/wp-json\/wp\/v2\/pages\/51053\/revisions\/53646"}],"wp:attachment":[{"href":"https:\/\/www.firstcallkc.org\/es\/wp-json\/wp\/v2\/media?parent=51053"}],"curies":[{"name":"wp","href":"https:\/\/api.w.org\/{rel}","templated":true}]}}