{"id":51081,"date":"2025-03-23T16:37:52","date_gmt":"2025-03-23T21:37:52","guid":{"rendered":"https:\/\/firstcallkc.org\/richard-rhyne\/"},"modified":"2025-07-29T15:00:08","modified_gmt":"2025-07-29T20:00:08","slug":"richard-rhyne","status":"publish","type":"page","link":"https:\/\/www.firstcallkc.org\/es\/richard-rhyne\/","title":{"rendered":"Richard Rhyne"},"content":{"rendered":"<p>[et_pb_section fb_built=\u00bb1&#8243; admin_label=\u00bbSection\u00bb _builder_version=\u00bb4.27.4&#8243; background_color=\u00bb#FFFFFF\u00bb custom_padding=\u00bb0px||0px||true\u00bb global_colors_info=\u00bb{}\u00bb][et_pb_row column_structure=\u00bb1_2,1_2&#8243; use_custom_gutter=\u00bbon\u00bb gutter_width=\u00bb1&#8243; make_equal=\u00bbon\u00bb padding_top_bottom_link_1=\u00bbtrue\u00bb padding_top_bottom_link_2=\u00bbtrue\u00bb padding_left_right_link_1=\u00bbtrue\u00bb padding_left_right_link_2=\u00bbtrue\u00bb module_class=\u00bb et_pb_row_fullwidth\u00bb _builder_version=\u00bb4.27.4&#8243; width=\u00bb100%\u00bb width_tablet=\u00bb100%\u00bb width_phone=\u00bb\u00bb width_last_edited=\u00bbon|desktop\u00bb max_width=\u00bb100%\u00bb max_width_tablet=\u00bb100%\u00bb max_width_phone=\u00bb\u00bb max_width_last_edited=\u00bbon|desktop\u00bb custom_padding=\u00bb0px||0px|\u00bb make_fullwidth=\u00bbon\u00bb global_colors_info=\u00bb{}\u00bb][et_pb_column type=\u00bb1_2&#8243; admin_label=\u00bbColumna\u00bb _builder_version=\u00bb4.27.4&#8243; background_color=\u00bb#003B71&#8243; background_enable_pattern_style=\u00bbon\u00bb background_pattern_style=\u00bbtufted\u00bb background_pattern_color=\u00bbrgba(0,0,0,0.13)\u00bb custom_padding=\u00bb7%|7%|7%|7%\u00bb global_colors_info=\u00bb{}\u00bb custom_padding__hover=\u00bb|||\u00bb][et_pb_text quote_border_weight=\u00bb0px\u00bb admin_label=\u00bbText\u00bb _builder_version=\u00bb4.27.4&#8243; _module_preset=\u00bb9191aef3-cae0-49af-a5a0-5aeb59386bf1&#8243; text_font=\u00bbBrandon Grotesque Medium||||||||\u00bb text_text_color=\u00bbgcid-a619ccf1-db75-42ca-81f1-0f19d5dadeca\u00bb text_font_size=\u00bb36px\u00bb quote_font=\u00bbBrandon Grotesque Medium||||||||\u00bb quote_text_color=\u00bbgcid-a619ccf1-db75-42ca-81f1-0f19d5dadeca\u00bb quote_font_size=\u00bb36px\u00bb module_alignment=\u00bbleft\u00bb custom_padding=\u00bb0px||0px|0px|false|false\u00bb global_colors_info=\u00bb{%22gcid-a619ccf1-db75-42ca-81f1-0f19d5dadeca%22:%91%22quote_text_color%22,%22text_text_color%22%93}\u00bb]<\/p>\n<p>En memoria<\/p>\n<p>[\/et_pb_text][et_pb_text admin_label=\u00bbText\u00bb _builder_version=\u00bb4.27.4&#8243; _module_preset=\u00bb91d8e51b-3457-48d8-810d-1c5603cbcc1e\u00bb header_text_color=\u00bb#FFFFFF\u00bb custom_margin=\u00bb32px||17px||false|false\u00bb header_font_size_tablet=\u00bb69px\u00bb header_font_size_phone=\u00bb40px\u00bb global_colors_info=\u00bb{}\u00bb]<\/p>\n<h1>Richard Rhyne<\/h1>\n<p>[\/et_pb_text][et_pb_text quote_border_weight=\u00bb0px\u00bb _builder_version=\u00bb4.27.4&#8243; _module_preset=\u00bb9191aef3-cae0-49af-a5a0-5aeb59386bf1&#8243; text_font=\u00bbBrandon Grotesque Medium||||||||\u00bb text_text_color=\u00bbgcid-a619ccf1-db75-42ca-81f1-0f19d5dadeca\u00bb text_font_size=\u00bb36px\u00bb quote_font=\u00bbBrandon Grotesque Medium||||||||\u00bb quote_text_color=\u00bbgcid-a619ccf1-db75-42ca-81f1-0f19d5dadeca\u00bb quote_font_size=\u00bb36px\u00bb module_alignment=\u00bbleft\u00bb custom_padding=\u00bb0px||0px|0px|false|false\u00bb global_colors_info=\u00bb{%22gcid-a619ccf1-db75-42ca-81f1-0f19d5dadeca%22:%91%22quote_text_color%22,%22text_text_color%22%93}\u00bb]<\/p>\n<p>1947-2024<\/p>\n<p>[\/et_pb_text][\/et_pb_column][et_pb_column type=\u00bb1_2&#8243; admin_label=\u00bbColumna\u00bb _builder_version=\u00bb4.27.4&#8243; background_image=\u00bbhttps:\/\/www.firstcallkc.org\/wp-content\/uploads\/Richard.avif\u00bb background_position=\u00bbtop_center\u00bb custom_padding=\u00bb|||\u00bb border_width_all=\u00bb50px\u00bb border_color_all=\u00bbgcid-a619ccf1-db75-42ca-81f1-0f19d5dadeca\u00bb global_colors_info=\u00bb{%22gcid-a619ccf1-db75-42ca-81f1-0f19d5dadeca%22:%91%22border_color_all%22%93}\u00bb custom_padding__hover=\u00bb|||\u00bb][et_pb_divider show_divider=\u00bboff\u00bb disabled_on=\u00bboff|off|off\u00bb admin_label=\u00bbDivider\u00bb _builder_version=\u00bb4.27.4&#8243; custom_padding=\u00bb35.8%||35.8%||true|\u00bb global_colors_info=\u00bb{}\u00bb][\/et_pb_divider][\/et_pb_column][\/et_pb_row][\/et_pb_section][et_pb_section fb_built=\u00bb1&#8243; admin_label=\u00bbSection\u00bb _builder_version=\u00bb4.27.4&#8243; _module_preset=\u00bbdefault\u00bb custom_margin=\u00bb0px||0px||false|false\u00bb custom_padding=\u00bb||0px|||\u00bb global_colors_info=\u00bb{}\u00bb][et_pb_row column_structure=\u00bb1_2,1_2&#8243; _builder_version=\u00bb4.27.4&#8243; _module_preset=\u00bbdefault\u00bb custom_padding=\u00bb0px||0px||false|false\u00bb animation_style=\u00bbfade\u00bb animation_delay=\u00bb500ms\u00bb animation_speed_curve=\u00bbease\u00bb global_colors_info=\u00bb{}\u00bb][et_pb_column type=\u00bb1_2&#8243; _builder_version=\u00bb4.27.4&#8243; _module_preset=\u00bbdefault\u00bb custom_padding=\u00bb||||false|false\u00bb global_colors_info=\u00bb{}\u00bb][et_pb_text quote_border_weight=\u00bb0px\u00bb _builder_version=\u00bb4.27.4&#8243; _module_preset=\u00bb9191aef3-cae0-49af-a5a0-5aeb59386bf1&#8243; quote_font=\u00bbBrandon Grotesque Medium||||||||\u00bb quote_text_color=\u00bb#003B71&#8243; quote_font_size=\u00bb36px\u00bb max_width=\u00bb100%\u00bb module_alignment=\u00bbcenter\u00bb global_colors_info=\u00bb{}\u00bb]<\/p>\n<p class=\"font_8 wixui-rich-text__text\"><span class=\"wixui-rich-text__text\">Con gran pesar anunciamos el fallecimiento de Dick Rhyne debido a complicaciones de ELA el 29 de diciembre de 2024. Dick naci\u00f3 el 23 de mayo de 1947 en St. Louis, MO, y se mud\u00f3 a Kansas City en 1971 para asistir a la facultad de derecho despu\u00e9s de graduarse de MIZZOU y servir con distinci\u00f3n como Primer Teniente en el Ej\u00e9rcito durante Vietnam. Dick pas\u00f3 sus m\u00e1s de 50 a\u00f1os como miembro de la comunidad de Kansas City retribuyendo a trav\u00e9s de varias organizaciones, incluyendo First Call.  <\/span><\/p>\n<p class=\"font_8 wixui-rich-text__text\"><span class=\"wixui-rich-text__text\">Dick llevaba casi 19 a\u00f1os de sobriedad en el momento de su fallecimiento, y dedic\u00f3 m\u00e1s de 14 de esos a\u00f1os a formar parte del Consejo de Administraci\u00f3n de First Call, incluyendo varios a\u00f1os como Presidente.<\/span><span class=\"wixui-rich-text__text\"><\/span><\/p>\n<p class=\"font_8 wixui-rich-text__text\"><span class=\"wixui-rich-text__text\"><\/span><\/p>\n<p class=\"font_8 wixui-rich-text__text\"><span class=\"wixui-rich-text__text\">En agradecimiento,<\/span><\/p>\n<p class=\"font_8 wixui-rich-text__text\"><span class=\"wixui-rich-text__text\">La familia Rhyne<\/span><\/p>\n<p class=\"font_8 wixui-rich-text__text\">\n<p class=\"font_8 wixui-rich-text__text\"><span class=\"wixui-rich-text__text\">\u200b<\/span><\/p>\n<p>[\/et_pb_text][\/et_pb_column][et_pb_column type=\u00bb1_2&#8243; _builder_version=\u00bb4.26.1&#8243; _module_preset=\u00bbdefault\u00bb global_colors_info=\u00bb{}\u00bb][et_pb_text quote_border_weight=\u00bb0px\u00bb _builder_version=\u00bb4.27.4&#8243; _module_preset=\u00bb9191aef3-cae0-49af-a5a0-5aeb59386bf1&#8243; text_font=\u00bbBrandon Grotesque Medium||||||||\u00bb text_text_color=\u00bb#003B71&#8243; text_font_size=\u00bb36px\u00bb quote_font=\u00bbBrandon Grotesque Medium||||||||\u00bb quote_text_color=\u00bb#003B71&#8243; quote_font_size=\u00bb36px\u00bb max_width=\u00bb100%\u00bb module_alignment=\u00bbcenter\u00bb text_font_size_tablet=\u00bb34px\u00bb text_font_size_phone=\u00bb28px\u00bb text_font_size_last_edited=\u00bbon|phone\u00bb global_colors_info=\u00bb{}\u00bb]<\/p>\n<p class=\"font_8 wixui-rich-text__text\"><span class=\"wixui-rich-text__text\">Sent\u00eda una gran pasi\u00f3n por la naturaleza transformadora de la recuperaci\u00f3n y el deber de los alcoh\u00f3licos de compartir su experiencia, fuerza y esperanza con la comunidad para garantizar que todos los que luchan contra la adicci\u00f3n tengan un camino hacia la ayuda que necesitan.<\/span><\/p>\n<p class=\"font_8 wixui-rich-text__text\"><span class=\"wixui-rich-text__text\"><span class=\"wixGuard wixui-rich-text__text\">\u200b<\/span><\/span><\/p>\n<p class=\"font_8 wixui-rich-text__text\"><span class=\"wixui-rich-text__text\">Agradeceremos cualquier donaci\u00f3n que hagas en su honor.<\/span><\/p>\n<p>[\/et_pb_text][\/et_pb_column][\/et_pb_row][\/et_pb_section][et_pb_section fb_built=\u00bb1&#8243; _builder_version=\u00bb4.27.4&#8243; _module_preset=\u00bbdefault\u00bb custom_padding=\u00bb0px|||||\u00bb global_colors_info=\u00bb{}\u00bb][et_pb_row _builder_version=\u00bb4.27.4&#8243; _module_preset=\u00bbdefault\u00bb global_colors_info=\u00bb{}\u00bb][et_pb_column type=\u00bb4_4&#8243; _builder_version=\u00bb4.27.4&#8243; _module_preset=\u00bbdefault\u00bb global_colors_info=\u00bb{}\u00bb][dsm_text_divider header=\u00bbRegala en memoria\u00bb _builder_version=\u00bb4.27.4&#8243; _module_preset=\u00bbdefault\u00bb header_level=\u00bbh1&#8243; header_font=\u00bbBrandon Grotesque Bold||||||||\u00bb header_text_color=\u00bb#003B71&#8243; global_colors_info=\u00bb{}\u00bb][\/dsm_text_divider][\/et_pb_column][\/et_pb_row][et_pb_row column_structure=\u00bb1_3,1_3,1_3&#8243; use_custom_gutter=\u00bbon\u00bb gutter_width=\u00bb1&#8243; _builder_version=\u00bb4.27.4&#8243; _module_preset=\u00bbdefault\u00bb global_colors_info=\u00bb{}\u00bb][et_pb_column type=\u00bb1_3&#8243; _builder_version=\u00bb4.27.4&#8243; _module_preset=\u00bbdefault\u00bb global_colors_info=\u00bb{}\u00bb][\/et_pb_column][et_pb_column type=\u00bb1_3&#8243; _builder_version=\u00bb4.27.4&#8243; _module_preset=\u00bbdefault\u00bb global_colors_info=\u00bb{}\u00bb][et_pb_code _builder_version=\u00bb4.27.4&#8243; _module_preset=\u00bbdefault\u00bb custom_css_free_form=\u00bbwidth: 75%!important;||margin-right: 2%!important;||margin-left: 2%!important;\u00bb global_colors_info=\u00bb{}\u00bb]<\/p>\n<div id=\"blackbaud-donation-form_17ef4f34-3e42-4b1e-8a78-818731e36a5c\"><\/div>\n<p><!-- [et_pb_line_break_holder] -->        <script src=\"https:\/\/sky.blackbaudcdn.net\/static\/donor-form-loader\/2\/main.js\"><\/script><!-- [et_pb_line_break_holder] -->        <script>BBDonorFormLoader.newBlackbaudDonationFormZoned('tcs', 'p-0SCtFotm8UiFsAE8fyNAWA', '17ef4f34-3e42-4b1e-8a78-818731e36a5c', 'usa')<\/script>[\/et_pb_code][\/et_pb_column][et_pb_column type=\u00bb1_3&#8243; _builder_version=\u00bb4.27.4&#8243; _module_preset=\u00bbdefault\u00bb global_colors_info=\u00bb{}\u00bb][\/et_pb_column][\/et_pb_row][\/et_pb_section][et_pb_section fb_built=\u00bb1&#8243; _builder_version=\u00bb4.27.4&#8243; _module_preset=\u00bbdefault\u00bb background_color=\u00bb#D3E6F4&#8243; custom_padding=\u00bb30px||30px||true|\u00bb locked=\u00bboff\u00bb global_colors_info=\u00bb{}\u00bb][et_pb_row _builder_version=\u00bb4.27.4&#8243; _module_preset=\u00bbdefault\u00bb max_width=\u00bb650px\u00bb max_width_tablet=\u00bb580px\u00bb max_width_phone=\u00bb580px\u00bb max_width_last_edited=\u00bbon|phone\u00bb global_colors_info=\u00bb{}\u00bb][et_pb_column type=\u00bb4_4&#8243; _builder_version=\u00bb4.27.4&#8243; _module_preset=\u00bbdefault\u00bb global_colors_info=\u00bb{}\u00bb][et_pb_text _builder_version=\u00bb4.27.4&#8243; _module_preset=\u00bb91d8e51b-3457-48d8-810d-1c5603cbcc1e\u00bb header_2_font=\u00bbBrandon Grotesque Light||||||||\u00bb header_2_text_align=\u00bbcenter\u00bb header_2_text_color=\u00bb#FFFFFF\u00bb custom_margin_tablet=\u00bb0px||0px||true|false\u00bb custom_margin_phone=\u00bb0px||0px||true|false\u00bb custom_margin_last_edited=\u00bbon|desktop\u00bb global_colors_info=\u00bb{}\u00bb]<\/p>\n<h3 style=\"text-align: center;\" light=\"\" text-weight:=\"\"><span style=\"color: #003b71;\">Proporcionamos recursos y relaciones<\/span> <span style=\"color: #003b71;\"> para que nadie se enfrente a la adicci\u00f3n en soledad.<\/span><\/h3>\n<p>[\/et_pb_text][\/et_pb_column][\/et_pb_row][\/et_pb_section]<\/p>\n","protected":false},"excerpt":{"rendered":"<p>En memoriaRichard Rhyne1947-2024Con gran pesar anunciamos el fallecimiento de Dick Rhyne debido a complicaciones de ELA el 29 de diciembre de 2024. Dick naci\u00f3 el 23 de mayo de 1947 en St. Louis, MO, y se mud\u00f3 a Kansas City en 1971 para asistir a la facultad de derecho despu\u00e9s de graduarse de MIZZOU y servir con distinci\u00f3n como Primer Teniente en el Ej\u00e9rcito durante Vietnam. Dick pas\u00f3 sus m\u00e1s de 50 a\u00f1os como miembro de la comunidad de Kansas City retribuyendo a trav\u00e9s de varias organizaciones, incluyendo First Call. Dick llevaba casi 19 a\u00f1os de sobriedad en el momento de su fallecimiento, y dedic\u00f3 m\u00e1s de 14 de esos a\u00f1os a formar parte del Consejo de Administraci\u00f3n de First Call, incluyendo varios a\u00f1os como Presidente. En agradecimiento, La familia Rhyne \u200bSent\u00eda una gran pasi\u00f3n por la naturaleza transformadora de la recuperaci\u00f3n y el deber de los alcoh\u00f3licos de compartir su experiencia, fuerza y esperanza con la comunidad para garantizar que todos los que luchan contra la adicci\u00f3n tengan un camino hacia la ayuda que necesitan. \u200b Agradeceremos cualquier donaci\u00f3n que hagas en su honor.<div class=\"et_pb_module dsm_text_divider dsm_text_divider_0\">\n\t\t\t\t\n\t\t\t\t\n\t\t\t\t\n\t\t\t\t\n\t\t\t\t\n\t\t\t\t\n\t\t\t\t<div class=\"et_pb_module_inner\">\n\t\t\t\t\t<div class=\"dsm-text-divider-wrapper dsm-text-divider-align-center et_pb_bg_layout_light\">\n\t\t\t\t\n\t\t\t\t\n\t\t\t\t<div class=\"dsm-text-divider-before dsm-divider\"><\/div>\n\t\t\t\t<h1 class=\"dsm-text-divider-header et_pb_module_header\"><span>Regala en memoria<\/span><\/h1>\n\t\t\t\t<div class=\"dsm-text-divider-after dsm-divider\"><\/div>\n\t\t\t<\/div>\n\t\t\t\t<\/div>\n\t\t\t<\/div>Proporcionamos recursos y relaciones para [&hellip;]<\/p>\n","protected":false},"author":3,"featured_media":0,"parent":0,"menu_order":0,"comment_status":"closed","ping_status":"closed","template":"","meta":{"_et_pb_use_builder":"on","_et_pb_old_content":"","_et_gb_content_width":"","_price":"","_stock":"","_tribe_ticket_header":"","_tribe_default_ticket_provider":"","_tribe_ticket_capacity":"0","_ticket_start_date":"","_ticket_end_date":"","_tribe_ticket_show_description":"","_tribe_ticket_show_not_going":false,"_tribe_ticket_use_global_stock":"","_tribe_ticket_global_stock_level":"","_global_stock_mode":"","_global_stock_cap":"","_tribe_rsvp_for_event":"","_tribe_ticket_going_count":"","_tribe_ticket_not_going_count":"","_tribe_tickets_list":"[]","_tribe_ticket_has_attendee_info_fields":false,"footnotes":"","_tec_slr_enabled":"","_tec_slr_layout":""},"class_list":["post-51081","page","type-page","status-publish","hentry"],"ticketed":false,"_links":{"self":[{"href":"https:\/\/www.firstcallkc.org\/es\/wp-json\/wp\/v2\/pages\/51081","targetHints":{"allow":["GET"]}}],"collection":[{"href":"https:\/\/www.firstcallkc.org\/es\/wp-json\/wp\/v2\/pages"}],"about":[{"href":"https:\/\/www.firstcallkc.org\/es\/wp-json\/wp\/v2\/types\/page"}],"author":[{"embeddable":true,"href":"https:\/\/www.firstcallkc.org\/es\/wp-json\/wp\/v2\/users\/3"}],"replies":[{"embeddable":true,"href":"https:\/\/www.firstcallkc.org\/es\/wp-json\/wp\/v2\/comments?post=51081"}],"version-history":[{"count":3,"href":"https:\/\/www.firstcallkc.org\/es\/wp-json\/wp\/v2\/pages\/51081\/revisions"}],"predecessor-version":[{"id":53396,"href":"https:\/\/www.firstcallkc.org\/es\/wp-json\/wp\/v2\/pages\/51081\/revisions\/53396"}],"wp:attachment":[{"href":"https:\/\/www.firstcallkc.org\/es\/wp-json\/wp\/v2\/media?parent=51081"}],"curies":[{"name":"wp","href":"https:\/\/api.w.org\/{rel}","templated":true}]}}