{"id":51089,"date":"2025-03-23T16:38:24","date_gmt":"2025-03-23T21:38:24","guid":{"rendered":"https:\/\/firstcallkc.org\/formacion\/"},"modified":"2026-01-22T11:00:31","modified_gmt":"2026-01-22T17:00:31","slug":"formacion","status":"publish","type":"page","link":"https:\/\/www.firstcallkc.org\/es\/formacion\/","title":{"rendered":"Formaci\u00f3n"},"content":{"rendered":"<p>[et_pb_section fb_built=\u00bb1&#8243; _builder_version=\u00bb4.27.4&#8243; _module_preset=\u00bbdefault\u00bb background_color=\u00bb#003B71&#8243; custom_padding=\u00bb40px||40px||true|false\u00bb global_module=\u00bb49900&#8243; global_colors_info=\u00bb{}\u00bb][et_pb_row _builder_version=\u00bb4.27.4&#8243; _module_preset=\u00bbdefault\u00bb positioning=\u00bbnone\u00bb position_origin_a=\u00bbcenter_left\u00bb custom_margin=\u00bb0px||0px||false|false\u00bb custom_padding=\u00bb0px||||false|false\u00bb animation_style=\u00bbfade\u00bb animation_delay=\u00bb500ms\u00bb animation_speed_curve=\u00bbease\u00bb global_colors_info=\u00bb{}\u00bb][et_pb_column type=\u00bb4_4&#8243; _builder_version=\u00bb4.26.1&#8243; _module_preset=\u00bbdefault\u00bb global_colors_info=\u00bb{}\u00bb][et_pb_text _builder_version=\u00bb4.27.4&#8243; _dynamic_attributes=\u00bbcontent\u00bb _module_preset=\u00bbdefault\u00bb header_text_color=\u00bb#FFFFFF\u00bb header_letter_spacing=\u00bb1px\u00bb custom_margin=\u00bb32px||17px||false|false\u00bb header_font_size_tablet=\u00bb69px\u00bb header_font_size_phone=\u00bb40px\u00bb global_colors_info=\u00bb{}\u00bb]@ET-DC@eyJkeW5hbWljIjp0cnVlLCJjb250ZW50IjoicG9zdF90aXRsZSIsInNldHRpbmdzIjp7ImJlZm9yZSI6IjxoMT4iLCJhZnRlciI6IjxcL2gxPiJ9fQ==@[\/et_pb_text][\/et_pb_column][\/et_pb_row][\/et_pb_section][et_pb_section fb_built=\u00bb1&#8243; _builder_version=\u00bb4.16&#8243; background_color=\u00bb#ffffff\u00bb custom_padding=\u00bb0px||0px||true\u00bb global_colors_info=\u00bb{}\u00bb][et_pb_row _builder_version=\u00bb4.27.4&#8243; _module_preset=\u00bbdefault\u00bb min_height=\u00bb62.3px\u00bb custom_padding=\u00bb96px|||||\u00bb global_colors_info=\u00bb{}\u00bb][et_pb_column type=\u00bb4_4&#8243; _builder_version=\u00bb4.27.4&#8243; _module_preset=\u00bbdefault\u00bb global_colors_info=\u00bb{}\u00bb][et_pb_text _builder_version=\u00bb4.27.4&#8243; _module_preset=\u00bbdefault\u00bb global_colors_info=\u00bb{}\u00bb]<\/p>\n<h2 style=\"text-align: center;\">Para programar una formaci\u00f3n, llame al 816-361-5900.<\/h2>\n<p>[\/et_pb_text][et_pb_text _builder_version=\u00bb4.27.4&#8243; _module_preset=\u00bbdefault\u00bb text_font_size=\u00bb24px\u00bb text_orientation=\u00bbcenter\u00bb global_colors_info=\u00bb{}\u00bb]<\/p>\n<p>Nuestro equipo de expertos de First Call est\u00e1 disponible para compartir nuestra experiencia basada en la evidencia con su organizaci\u00f3n.<\/p>\n<p>P\u00f3ngase en contacto con nosotros a continuaci\u00f3n para hablar sobre los precios y programar una formaci\u00f3n.<\/p>\n<p>&nbsp;<\/p>\n<p>[\/et_pb_text][et_pb_button button_url=\u00bbhttps:\/\/www.firstcallkc.org\/es\/ponte-en-contacto-con\/\u00bb url_new_window=\u00bbon\u00bb button_text=\u00bbProgramar una formaci\u00f3n\u00bb button_alignment=\u00bbcenter\u00bb _builder_version=\u00bb4.27.4&#8243; _module_preset=\u00bb23b6e5b5-f6d3-4366-a64a-f8aa5ee0621f\u00bb button_font=\u00bb\u2013et_global_heading_font|500||on|||||\u00bb custom_margin=\u00bb0px|20px|20px|20px|false|true\u00bb global_colors_info=\u00bb{}\u00bb][\/et_pb_button][\/et_pb_column][\/et_pb_row][\/et_pb_section][et_pb_section fb_built=\u00bb1&#8243; admin_label=\u00bbPricing\u00bb _builder_version=\u00bb4.25.1&#8243; _module_preset=\u00bbdefault\u00bb min_height=\u00bb1563.2px\u00bb custom_padding=\u00bb2px|||||\u00bb collapsed=\u00bbon\u00bb global_colors_info=\u00bb{}\u00bb][et_pb_row column_structure=\u00bb1_4,1_2,1_4&#8243; _builder_version=\u00bb4.27.4&#8243; _module_preset=\u00bbdefault\u00bb max_width=\u00bb1120px\u00bb custom_margin=\u00bb||20px||false|false\u00bb custom_padding=\u00bb20px|20px|20px|20px|true|true\u00bb background_color_tablet=\u00bb#F3F1F2&#8243; background_last_edited=\u00bbon|tablet\u00bb background_enable_color_tablet=\u00bbon\u00bb box_shadow_style=\u00bbpreset1&#8243; box_shadow_vertical=\u00bb20px\u00bb box_shadow_blur=\u00bb40px\u00bb box_shadow_color=\u00bbRGBA(255,255,255,0)\u00bb locked=\u00bboff\u00bb global_colors_info=\u00bb{}\u00bb custom_padding__hover_enabled=\u00bboff|desktop\u00bb custom_padding__hover=\u00bb|20px||20px|true|true\u00bb border_radii__hover_enabled=\u00bbon|desktop\u00bb border_radii__hover=\u00bbon|12px|12px|12px|12px\u00bb box_shadow_color__hover_enabled=\u00bbon|desktop\u00bb box_shadow_color__hover=\u00bbrgba(0,0,0,0.07)\u00bb][et_pb_column type=\u00bb1_4&#8243; _builder_version=\u00bb4.27.4&#8243; _module_preset=\u00bbdefault\u00bb custom_css_main_element=\u00bbmargin-bottom: 0 !important;\u00bb global_colors_info=\u00bb{}\u00bb][et_pb_text _builder_version=\u00bb4.27.4&#8243; _module_preset=\u00bbdefault\u00bb header_text_align=\u00bbright\u00bb header_2_text_align=\u00bbright\u00bb header_2_text_align_tablet=\u00bbleft\u00bb header_2_text_align_phone=\u00bbleft\u00bb header_2_text_align_last_edited=\u00bbon|tablet\u00bb global_colors_info=\u00bb{}\u00bb]<\/p>\n<h2>01<\/h2>\n<p>[\/et_pb_text][\/et_pb_column][et_pb_column type=\u00bb1_2&#8243; _builder_version=\u00bb4.25.1&#8243; _module_preset=\u00bbdefault\u00bb global_colors_info=\u00bb{}\u00bb][et_pb_text _builder_version=\u00bb4.27.4&#8243; _module_preset=\u00bbecaa6269-6035-4267-b9c2-769232496134&#8243; text_font=\u00bb\u2013et_global_body_font||||||||\u00bb global_colors_info=\u00bb{}\u00bb]<\/p>\n<h3 class=\"font_2 wixui-rich-text__text\" style=\"text-align: left;\"><span class=\"wixui-rich-text__text\"><span class=\"color_29 wixui-rich-text__text\">MHFA\/YMHFA  <\/span><\/span><\/h3>\n<p class=\"font_2 wixui-rich-text__text\"><span class=\"wixui-rich-text__text\"><span class=\"color_29 wixui-rich-text__text\">Primeros Auxilios en Salud Mental (MHFA) es un curso que te ense\u00f1a a identificar, comprender y responder a los signos de las enfermedades mentales y los trastornos por consumo de sustancias. La formaci\u00f3n te proporciona las habilidades que necesitas para tender la mano y proporcionar ayuda y apoyo iniciales a alguien que pueda estar desarrollando un problema de salud mental o de consumo de sustancias, o experimentando una crisis. <\/span><\/span><\/p>\n<p>[\/et_pb_text][\/et_pb_column][et_pb_column type=\u00bb1_4&#8243; _builder_version=\u00bb4.25.1&#8243; _module_preset=\u00bbdefault\u00bb global_colors_info=\u00bb{}\u00bb][\/et_pb_column][\/et_pb_row][et_pb_row _builder_version=\u00bb4.27.4&#8243; _module_preset=\u00bbdefault\u00bb global_colors_info=\u00bb{}\u00bb][et_pb_column type=\u00bb4_4&#8243; _builder_version=\u00bb4.27.4&#8243; _module_preset=\u00bbdefault\u00bb global_colors_info=\u00bb{}\u00bb][et_pb_divider color=\u00bb#003B71&#8243; divider_style=\u00bbdotted\u00bb divider_weight=\u00bb3px\u00bb _builder_version=\u00bb4.27.4&#8243; _module_preset=\u00bbdefault\u00bb global_colors_info=\u00bb{}\u00bb][\/et_pb_divider][\/et_pb_column][\/et_pb_row][et_pb_row column_structure=\u00bb1_4,1_2,1_4&#8243; _builder_version=\u00bb4.27.4&#8243; _module_preset=\u00bbdefault\u00bb max_width=\u00bb1120px\u00bb custom_margin=\u00bb||20px||false|false\u00bb custom_padding=\u00bb20px|20px|20px|20px|true|true\u00bb background_color_tablet=\u00bb#F3F1F2&#8243; background_last_edited=\u00bbon|tablet\u00bb background_enable_color_tablet=\u00bbon\u00bb box_shadow_style=\u00bbpreset1&#8243; box_shadow_vertical=\u00bb20px\u00bb box_shadow_blur=\u00bb40px\u00bb box_shadow_color=\u00bbRGBA(255,255,255,0)\u00bb locked=\u00bboff\u00bb global_colors_info=\u00bb{}\u00bb custom_padding__hover_enabled=\u00bboff|desktop\u00bb custom_padding__hover=\u00bb|20px||20px|true|true\u00bb border_radii__hover_enabled=\u00bbon|desktop\u00bb border_radii__hover=\u00bbon|12px|12px|12px|12px\u00bb box_shadow_color__hover_enabled=\u00bbon|desktop\u00bb box_shadow_color__hover=\u00bbrgba(0,0,0,0.07)\u00bb][et_pb_column type=\u00bb1_4&#8243; _builder_version=\u00bb4.27.4&#8243; _module_preset=\u00bbdefault\u00bb custom_css_main_element=\u00bbmargin-bottom: 0 !important;\u00bb global_colors_info=\u00bb{}\u00bb][et_pb_text _builder_version=\u00bb4.27.4&#8243; _module_preset=\u00bbdefault\u00bb header_text_align=\u00bbright\u00bb header_2_text_align=\u00bbright\u00bb header_2_text_align_tablet=\u00bbleft\u00bb header_2_text_align_phone=\u00bbleft\u00bb header_2_text_align_last_edited=\u00bbon|tablet\u00bb global_colors_info=\u00bb{}\u00bb]<\/p>\n<h2>02<\/h2>\n<p>[\/et_pb_text][\/et_pb_column][et_pb_column type=\u00bb1_2&#8243; _builder_version=\u00bb4.25.1&#8243; _module_preset=\u00bbdefault\u00bb global_colors_info=\u00bb{}\u00bb][et_pb_text _builder_version=\u00bb4.27.4&#8243; _module_preset=\u00bbecaa6269-6035-4267-b9c2-769232496134&#8243; text_font=\u00bb\u2013et_global_body_font||||||||\u00bb global_colors_info=\u00bb{}\u00bb]<\/p>\n<h3 class=\"font_2 wixui-rich-text__text\"><span class=\"wixui-rich-text__text\"><span class=\"color_29 wixui-rich-text__text\">C\u00f3mo detectar una sobredosis y administrar naloxona  <\/span><\/span><\/h3>\n<div id=\"comp-lve1swez__item-j9ples3e\" class=\"HcOXKn c9GqVL QxJLC3 lq2cno YQcXTT comp-lve1swez wixui-rich-text\" data-testid=\"richTextElement\" ariaattributes=\"[object Object]\">\n<p class=\"font_8 wixui-rich-text__text\"><span class=\"wixui-rich-text__text\"><span class=\"color_29 wixui-rich-text__text\">2 horas; incluye una caja de naloxona, m\u00e1s a petici\u00f3n<\/span><\/span><\/p>\n<p class=\"font_8 wixui-rich-text__text\"><span class=\"wixui-rich-text__text\"><span class=\"color_29 wixui-rich-text__text\">Repasa las tendencias actuales en materia de drogas y los datos locales y nacionales pertinentes, y aprende a detectar una sobredosis y a administrar naloxona en ambas formas (intramuscular y nasal).<\/span><\/span><\/p>\n<\/div>\n<p>[\/et_pb_text][\/et_pb_column][et_pb_column type=\u00bb1_4&#8243; _builder_version=\u00bb4.25.1&#8243; _module_preset=\u00bbdefault\u00bb global_colors_info=\u00bb{}\u00bb][\/et_pb_column][\/et_pb_row][et_pb_row _builder_version=\u00bb4.27.4&#8243; _module_preset=\u00bbdefault\u00bb global_colors_info=\u00bb{}\u00bb][et_pb_column type=\u00bb4_4&#8243; _builder_version=\u00bb4.27.4&#8243; _module_preset=\u00bbdefault\u00bb global_colors_info=\u00bb{}\u00bb][et_pb_divider color=\u00bb#003B71&#8243; divider_style=\u00bbdotted\u00bb divider_weight=\u00bb3px\u00bb _builder_version=\u00bb4.27.4&#8243; _module_preset=\u00bbdefault\u00bb global_colors_info=\u00bb{}\u00bb][\/et_pb_divider][\/et_pb_column][\/et_pb_row][et_pb_row column_structure=\u00bb1_4,1_2,1_4&#8243; _builder_version=\u00bb4.27.4&#8243; _module_preset=\u00bbdefault\u00bb max_width=\u00bb1120px\u00bb custom_margin=\u00bb||20px||false|false\u00bb custom_padding=\u00bb20px|20px|20px|20px|true|true\u00bb background_color_tablet=\u00bb#F3F1F2&#8243; background_last_edited=\u00bbon|tablet\u00bb background_enable_color_tablet=\u00bbon\u00bb box_shadow_style=\u00bbpreset1&#8243; box_shadow_vertical=\u00bb20px\u00bb box_shadow_blur=\u00bb40px\u00bb box_shadow_color=\u00bbRGBA(255,255,255,0)\u00bb locked=\u00bboff\u00bb global_colors_info=\u00bb{}\u00bb custom_padding__hover_enabled=\u00bboff|desktop\u00bb custom_padding__hover=\u00bb|20px||20px|true|true\u00bb border_radii__hover_enabled=\u00bbon|desktop\u00bb border_radii__hover=\u00bbon|12px|12px|12px|12px\u00bb box_shadow_color__hover_enabled=\u00bbon|desktop\u00bb box_shadow_color__hover=\u00bbrgba(0,0,0,0.07)\u00bb][et_pb_column type=\u00bb1_4&#8243; _builder_version=\u00bb4.27.4&#8243; _module_preset=\u00bbdefault\u00bb custom_css_main_element=\u00bbmargin-bottom: 0 !important;\u00bb global_colors_info=\u00bb{}\u00bb][et_pb_text _builder_version=\u00bb4.27.4&#8243; _module_preset=\u00bbdefault\u00bb header_text_align=\u00bbright\u00bb header_2_text_align=\u00bbright\u00bb header_2_text_align_tablet=\u00bbleft\u00bb header_2_text_align_phone=\u00bbleft\u00bb header_2_text_align_last_edited=\u00bbon|tablet\u00bb global_colors_info=\u00bb{}\u00bb]<\/p>\n<h2>03<\/h2>\n<p>[\/et_pb_text][\/et_pb_column][et_pb_column type=\u00bb1_2&#8243; _builder_version=\u00bb4.25.1&#8243; _module_preset=\u00bbdefault\u00bb global_colors_info=\u00bb{}\u00bb][et_pb_text _builder_version=\u00bb4.27.4&#8243; _module_preset=\u00bbecaa6269-6035-4267-b9c2-769232496134&#8243; text_font=\u00bb\u2013et_global_body_font||||||||\u00bb global_colors_info=\u00bb{}\u00bb]<\/p>\n<h3 class=\"font_2 wixui-rich-text__text\"><span>C\u00f3mo cuidar<\/span><\/h3>\n<div id=\"comp-lve1swez__item-j9ples3e\" class=\"HcOXKn c9GqVL QxJLC3 lq2cno YQcXTT comp-lve1swez wixui-rich-text\" data-testid=\"richTextElement\" ariaattributes=\"[object Object]\">\n<div id=\"comp-lve1swez__item-j9plerjk\" class=\"HcOXKn c9GqVL QxJLC3 lq2cno YQcXTT comp-lve1swez wixui-rich-text\" data-testid=\"richTextElement\" ariaattributes=\"[object Object]\">\n<p class=\"font_2 wixui-rich-text__text\"><span class=\"wixui-rich-text__text\"><span class=\"color_29 wixui-rich-text__text\">Un programa educativo de cuatro horas, basado en un plan de estudios, que ense\u00f1a a los cuidadores adultos (profesores, padres de acogida, miembros de la familia extensa, etc.) a comprender mejor la din\u00e1mica de un sistema familiar afectado por un trastorno por consumo de sustancias, los efectos duraderos de esta experiencia en el desarrollo f\u00edsico y emocional de los ni\u00f1os, y el mejor enfoque para ayudarles a desarrollar todo su potencial. How to Care puede ofrecerse in situ, o como formaci\u00f3n a trav\u00e9s de Internet para organizaciones. <\/span><\/span><\/p>\n<\/div>\n<\/div>\n<p>[\/et_pb_text][\/et_pb_column][et_pb_column type=\u00bb1_4&#8243; _builder_version=\u00bb4.25.1&#8243; _module_preset=\u00bbdefault\u00bb global_colors_info=\u00bb{}\u00bb][\/et_pb_column][\/et_pb_row][et_pb_row _builder_version=\u00bb4.27.4&#8243; _module_preset=\u00bbdefault\u00bb global_colors_info=\u00bb{}\u00bb][et_pb_column type=\u00bb4_4&#8243; _builder_version=\u00bb4.27.4&#8243; _module_preset=\u00bbdefault\u00bb global_colors_info=\u00bb{}\u00bb][et_pb_divider color=\u00bb#003B71&#8243; divider_style=\u00bbdotted\u00bb divider_weight=\u00bb3px\u00bb _builder_version=\u00bb4.27.4&#8243; _module_preset=\u00bbdefault\u00bb global_colors_info=\u00bb{}\u00bb][\/et_pb_divider][\/et_pb_column][\/et_pb_row][et_pb_row column_structure=\u00bb1_4,1_2,1_4&#8243; _builder_version=\u00bb4.27.4&#8243; _module_preset=\u00bbdefault\u00bb max_width=\u00bb1120px\u00bb custom_margin=\u00bb||20px||false|false\u00bb custom_padding=\u00bb20px|20px|20px|20px|true|true\u00bb background_color_tablet=\u00bb#F3F1F2&#8243; background_last_edited=\u00bbon|tablet\u00bb background_enable_color_tablet=\u00bbon\u00bb box_shadow_style=\u00bbpreset1&#8243; box_shadow_vertical=\u00bb20px\u00bb box_shadow_blur=\u00bb40px\u00bb box_shadow_color=\u00bbRGBA(255,255,255,0)\u00bb locked=\u00bboff\u00bb global_colors_info=\u00bb{}\u00bb custom_padding__hover_enabled=\u00bboff|desktop\u00bb custom_padding__hover=\u00bb|20px||20px|true|true\u00bb border_radii__hover_enabled=\u00bbon|desktop\u00bb border_radii__hover=\u00bbon|12px|12px|12px|12px\u00bb box_shadow_color__hover_enabled=\u00bbon|desktop\u00bb box_shadow_color__hover=\u00bbrgba(0,0,0,0.07)\u00bb][et_pb_column type=\u00bb1_4&#8243; _builder_version=\u00bb4.27.4&#8243; _module_preset=\u00bbdefault\u00bb custom_css_main_element=\u00bbmargin-bottom: 0 !important;\u00bb global_colors_info=\u00bb{}\u00bb][et_pb_text _builder_version=\u00bb4.27.4&#8243; _module_preset=\u00bbdefault\u00bb header_text_align=\u00bbright\u00bb header_2_text_align=\u00bbright\u00bb header_2_text_align_tablet=\u00bbleft\u00bb header_2_text_align_phone=\u00bbleft\u00bb header_2_text_align_last_edited=\u00bbon|tablet\u00bb global_colors_info=\u00bb{}\u00bb]<\/p>\n<h2>04<\/h2>\n<p>[\/et_pb_text][\/et_pb_column][et_pb_column type=\u00bb1_2&#8243; _builder_version=\u00bb4.25.1&#8243; _module_preset=\u00bbdefault\u00bb global_colors_info=\u00bb{}\u00bb][et_pb_text _builder_version=\u00bb4.27.4&#8243; _module_preset=\u00bbecaa6269-6035-4267-b9c2-769232496134&#8243; text_font=\u00bb\u2013et_global_body_font||||||||\u00bb global_colors_info=\u00bb{}\u00bb]<\/p>\n<h3 class=\"font_2 wixui-rich-text__text\"><span class=\"wixui-rich-text__text\"><span class=\"color_29 wixui-rich-text__text\">Atenci\u00f3n Informada sobre Traumatismos<\/span><\/span><\/h3>\n<div id=\"comp-lve1swez__item-j9ples3e\" class=\"HcOXKn c9GqVL QxJLC3 lq2cno YQcXTT comp-lve1swez wixui-rich-text\" data-testid=\"richTextElement\" ariaattributes=\"[object Object]\">\n<div id=\"comp-lve1swez__item-j9pleqw5\" class=\"HcOXKn c9GqVL QxJLC3 lq2cno YQcXTT comp-lve1swez wixui-rich-text\" data-testid=\"richTextElement\" ariaattributes=\"[object Object]\">\n<p class=\"font_2 wixui-rich-text__text\"><span class=\"wixui-rich-text__text\"><span class=\"color_29 wixui-rich-text__text\">Las organizaciones necesitan tener una visi\u00f3n completa de la situaci\u00f3n vital de una persona -pasada y presente- para prestar servicios eficaces con una orientaci\u00f3n curativa. La adopci\u00f3n de pr\u00e1cticas informadas por el trauma puede mejorar potencialmente el compromiso, el cumplimiento del tratamiento y los resultados sanitarios, as\u00ed como el bienestar del proveedor y del personal. Tambi\u00e9n puede ayudar a reducir los cuidados evitables y los costes excesivos, tanto para el sector sanitario como para el de los servicios sociales.  <\/span><\/span><\/p>\n<\/div>\n<\/div>\n<p>[\/et_pb_text][\/et_pb_column][et_pb_column type=\u00bb1_4&#8243; _builder_version=\u00bb4.25.1&#8243; _module_preset=\u00bbdefault\u00bb global_colors_info=\u00bb{}\u00bb][\/et_pb_column][\/et_pb_row][et_pb_row _builder_version=\u00bb4.27.4&#8243; _module_preset=\u00bbdefault\u00bb global_colors_info=\u00bb{}\u00bb][et_pb_column type=\u00bb4_4&#8243; _builder_version=\u00bb4.27.4&#8243; _module_preset=\u00bbdefault\u00bb global_colors_info=\u00bb{}\u00bb][et_pb_divider color=\u00bb#003B71&#8243; divider_style=\u00bbdotted\u00bb divider_weight=\u00bb3px\u00bb _builder_version=\u00bb4.27.4&#8243; _module_preset=\u00bbdefault\u00bb global_colors_info=\u00bb{}\u00bb][\/et_pb_divider][\/et_pb_column][\/et_pb_row][et_pb_row column_structure=\u00bb1_4,1_2,1_4&#8243; _builder_version=\u00bb4.27.4&#8243; _module_preset=\u00bbdefault\u00bb max_width=\u00bb1120px\u00bb custom_margin=\u00bb||20px||false|false\u00bb custom_padding=\u00bb20px|20px|20px|20px|true|true\u00bb background_color_tablet=\u00bb#F3F1F2&#8243; background_last_edited=\u00bbon|tablet\u00bb background_enable_color_tablet=\u00bbon\u00bb box_shadow_style=\u00bbpreset1&#8243; box_shadow_vertical=\u00bb20px\u00bb box_shadow_blur=\u00bb40px\u00bb box_shadow_color=\u00bbRGBA(255,255,255,0)\u00bb locked=\u00bboff\u00bb global_colors_info=\u00bb{}\u00bb custom_padding__hover_enabled=\u00bboff|desktop\u00bb custom_padding__hover=\u00bb|20px||20px|true|true\u00bb border_radii__hover_enabled=\u00bbon|desktop\u00bb border_radii__hover=\u00bbon|12px|12px|12px|12px\u00bb box_shadow_color__hover_enabled=\u00bbon|desktop\u00bb box_shadow_color__hover=\u00bbrgba(0,0,0,0.07)\u00bb][et_pb_column type=\u00bb1_4&#8243; _builder_version=\u00bb4.27.4&#8243; _module_preset=\u00bbdefault\u00bb custom_css_main_element=\u00bbmargin-bottom: 0 !important;\u00bb global_colors_info=\u00bb{}\u00bb][et_pb_text _builder_version=\u00bb4.27.4&#8243; _module_preset=\u00bbdefault\u00bb header_text_align=\u00bbright\u00bb header_2_text_align=\u00bbright\u00bb header_2_text_align_tablet=\u00bbleft\u00bb header_2_text_align_phone=\u00bbleft\u00bb header_2_text_align_last_edited=\u00bbon|tablet\u00bb global_colors_info=\u00bb{}\u00bb]<\/p>\n<h2>05<\/h2>\n<p>[\/et_pb_text][\/et_pb_column][et_pb_column type=\u00bb1_2&#8243; _builder_version=\u00bb4.25.1&#8243; _module_preset=\u00bbdefault\u00bb global_colors_info=\u00bb{}\u00bb][et_pb_text _builder_version=\u00bb4.27.4&#8243; _module_preset=\u00bbecaa6269-6035-4267-b9c2-769232496134&#8243; text_font=\u00bb\u2013et_global_body_font||||||||\u00bb global_colors_info=\u00bb{}\u00bb]<\/p>\n<h3 class=\"font_2 wixui-rich-text__text\"><span>QPR \u2013 Formaci\u00f3n en Prevenci\u00f3n del Suicidio  <\/span><\/h3>\n<div id=\"comp-lve1swez__item-j9ples3e\" class=\"HcOXKn c9GqVL QxJLC3 lq2cno YQcXTT comp-lve1swez wixui-rich-text\" data-testid=\"richTextElement\" ariaattributes=\"[object Object]\">\n<div id=\"comp-lve1swez__item-lve1yw8f\" class=\"HcOXKn c9GqVL QxJLC3 lq2cno YQcXTT comp-lve1swez wixui-rich-text\" data-testid=\"richTextElement\" ariaattributes=\"[object Object]\">\n<p class=\"font_2 wixui-rich-text__text\"><span class=\"wixui-rich-text__text\"><span class=\"color_29 wixui-rich-text__text\">Programa educativo de 2 horas dise\u00f1ado para ense\u00f1ar a los \u00abguardianes\u00bb legos y profesionales las se\u00f1ales de advertencia de una crisis suicida y c\u00f3mo responder.<\/span><\/span><\/p>\n<\/div>\n<\/div>\n<p>[\/et_pb_text][\/et_pb_column][et_pb_column type=\u00bb1_4&#8243; _builder_version=\u00bb4.25.1&#8243; _module_preset=\u00bbdefault\u00bb global_colors_info=\u00bb{}\u00bb][\/et_pb_column][\/et_pb_row][\/et_pb_section]<\/p>\n","protected":false},"excerpt":{"rendered":"<p>Para programar una formaci\u00f3n, llame al 816-361-5900.Nuestro equipo de expertos de First Call est\u00e1 disponible para compartir nuestra experiencia basada en la evidencia con su organizaci\u00f3n. P\u00f3ngase en contacto con nosotros a continuaci\u00f3n para hablar sobre los precios y programar una formaci\u00f3n. &nbsp;01MHFA\/YMHFA Primeros Auxilios en Salud Mental (MHFA) es un curso que te ense\u00f1a a identificar, comprender y responder a los signos de las enfermedades mentales y los trastornos por consumo de sustancias. La formaci\u00f3n te proporciona las habilidades que necesitas para tender la mano y proporcionar ayuda y apoyo iniciales a alguien que pueda estar desarrollando un problema de salud mental o de consumo de sustancias, o experimentando una crisis. 02C\u00f3mo detectar una sobredosis y administrar naloxona 2 horas; incluye una caja de naloxona, m\u00e1s a petici\u00f3n Repasa las tendencias actuales en materia de drogas y los datos locales y nacionales pertinentes, y aprende a detectar una sobredosis y a administrar naloxona en ambas formas (intramuscular y nasal). 03C\u00f3mo cuidar Un programa educativo de cuatro horas, basado en un plan de estudios, que ense\u00f1a a los cuidadores adultos (profesores, padres de acogida, miembros de la familia extensa, etc.) a comprender mejor la din\u00e1mica de un sistema familiar afectado [&hellip;]<\/p>\n","protected":false},"author":3,"featured_media":0,"parent":0,"menu_order":0,"comment_status":"closed","ping_status":"closed","template":"","meta":{"_et_pb_use_builder":"on","_et_pb_old_content":"","_et_gb_content_width":"","_price":"","_stock":"","_tribe_ticket_header":"","_tribe_default_ticket_provider":"TEC\\Tickets\\Commerce\\Module","_tribe_ticket_capacity":"0","_ticket_start_date":"","_ticket_end_date":"","_tribe_ticket_show_description":"","_tribe_ticket_show_not_going":false,"_tribe_ticket_use_global_stock":"","_tribe_ticket_global_stock_level":"","_global_stock_mode":"","_global_stock_cap":"","_tribe_rsvp_for_event":"","_tribe_ticket_going_count":"","_tribe_ticket_not_going_count":"","_tribe_tickets_list":"[]","_tribe_ticket_has_attendee_info_fields":false,"footnotes":"","_tec_slr_enabled":"","_tec_slr_layout":""},"class_list":["post-51089","page","type-page","status-publish","hentry"],"ticketed":false,"_links":{"self":[{"href":"https:\/\/www.firstcallkc.org\/es\/wp-json\/wp\/v2\/pages\/51089","targetHints":{"allow":["GET"]}}],"collection":[{"href":"https:\/\/www.firstcallkc.org\/es\/wp-json\/wp\/v2\/pages"}],"about":[{"href":"https:\/\/www.firstcallkc.org\/es\/wp-json\/wp\/v2\/types\/page"}],"author":[{"embeddable":true,"href":"https:\/\/www.firstcallkc.org\/es\/wp-json\/wp\/v2\/users\/3"}],"replies":[{"embeddable":true,"href":"https:\/\/www.firstcallkc.org\/es\/wp-json\/wp\/v2\/comments?post=51089"}],"version-history":[{"count":14,"href":"https:\/\/www.firstcallkc.org\/es\/wp-json\/wp\/v2\/pages\/51089\/revisions"}],"predecessor-version":[{"id":54819,"href":"https:\/\/www.firstcallkc.org\/es\/wp-json\/wp\/v2\/pages\/51089\/revisions\/54819"}],"wp:attachment":[{"href":"https:\/\/www.firstcallkc.org\/es\/wp-json\/wp\/v2\/media?parent=51089"}],"curies":[{"name":"wp","href":"https:\/\/api.w.org\/{rel}","templated":true}]}}