{"id":51111,"date":"2025-03-24T13:48:38","date_gmt":"2025-03-24T18:48:38","guid":{"rendered":"https:\/\/firstcallkc.org\/?page_id=51111"},"modified":"2025-03-24T13:48:38","modified_gmt":"2025-03-24T18:48:38","slug":"beneficios","status":"publish","type":"page","link":"https:\/\/www.firstcallkc.org\/es\/beneficios\/","title":{"rendered":"Beneficios"},"content":{"rendered":"<p>[et_pb_section fb_built=\u00bb1&#8243; _builder_version=\u00bb4.27.4&#8243; _module_preset=\u00bbdefault\u00bb background_color=\u00bb#D3E6F4&#8243; custom_padding=\u00bb||||false|false\u00bb global_colors_info=\u00bb{}\u00bb][et_pb_row _builder_version=\u00bb4.27.4&#8243; _module_preset=\u00bbdefault\u00bb positioning=\u00bbnone\u00bb position_origin_a=\u00bbcenter_left\u00bb custom_margin=\u00bb0px||0px||false|false\u00bb custom_padding=\u00bb0px||||false|false\u00bb animation_style=\u00bbfade\u00bb animation_delay=\u00bb500ms\u00bb animation_speed_curve=\u00bbease\u00bb global_colors_info=\u00bb{}\u00bb][et_pb_column type=\u00bb4_4&#8243; _builder_version=\u00bb4.26.1&#8243; _module_preset=\u00bbdefault\u00bb global_colors_info=\u00bb{}\u00bb][et_pb_text _builder_version=\u00bb4.27.4&#8243; _module_preset=\u00bb91d8e51b-3457-48d8-810d-1c5603cbcc1e\u00bb custom_margin=\u00bb32px||17px||false|false\u00bb global_colors_info=\u00bb{}\u00bb]<\/p>\n<h1>First Call Beneficios<\/h1>\n<p>[\/et_pb_text][\/et_pb_column][\/et_pb_row][\/et_pb_section][et_pb_section fb_built=\u00bb1&#8243; _builder_version=\u00bb4.27.4&#8243; _module_preset=\u00bbdefault\u00bb custom_padding=\u00bb||0px|||\u00bb global_colors_info=\u00bb{}\u00bb][et_pb_row _builder_version=\u00bb4.27.4&#8243; _module_preset=\u00bbdefault\u00bb global_colors_info=\u00bb{}\u00bb][et_pb_column type=\u00bb4_4&#8243; _builder_version=\u00bb4.27.4&#8243; _module_preset=\u00bbdefault\u00bb global_colors_info=\u00bb{}\u00bb][et_pb_text _builder_version=\u00bb4.27.4&#8243; _module_preset=\u00bbdefault\u00bb global_colors_info=\u00bb{}\u00bb]<\/p>\n<section id=\"comp-kyyya15v\" class=\"comp-kyyya15v CohWsy wixui-column-strip\">\n<div data-testid=\"columns\" class=\"V5AUxf\">\n<div id=\"comp-kyyya16g\" class=\"comp-kyyya16g YzqVVZ wixui-column-strip__column\">\n<div data-mesh-id=\"comp-kyyya16ginlineContent\" data-testid=\"inline-content\" class=\"\">\n<div data-mesh-id=\"comp-kyyya16ginlineContent-gridContainer\" data-testid=\"mesh-container-content\">\n<div id=\"comp-kyyya16q1\" class=\"KaEeLN comp-kyyya16q1\">\n<div data-mesh-id=\"comp-kyyya16q1inlineContent\" data-testid=\"inline-content\" class=\"\">\n<div data-mesh-id=\"comp-kyyya16q1inlineContent-gridContainer\" data-testid=\"mesh-container-content\">\n<div id=\"comp-kyyya16x\" class=\"HcOXKn c9GqVL QxJLC3 lq2cno YQcXTT comp-kyyya16x wixui-rich-text\" data-testid=\"richTextElement\" ariaattributes=\"[object Object]\">\n<h2 class=\"font_0 wixui-rich-text__text\" style=\"text-align: center;\"><span class=\"wixui-rich-text__text\">Bienvenido al Empleo Integral @ First Call<\/span><\/h2>\n<\/div>\n<\/div>\n<\/div>\n<\/div>\n<\/div>\n<\/div>\n<\/div>\n<\/div>\n<\/section>\n<p>[\/et_pb_text][\/et_pb_column][\/et_pb_row][\/et_pb_section][et_pb_section fb_built=\u00bb1&#8243; _builder_version=\u00bb4.27.4&#8243; _module_preset=\u00bbdefault\u00bb min_height=\u00bb497.4px\u00bb global_colors_info=\u00bb{}\u00bb][et_pb_row column_structure=\u00bb1_5,3_5,1_5&#8243; _builder_version=\u00bb4.27.4&#8243; _module_preset=\u00bbdefault\u00bb min_height=\u00bb341.9px\u00bb custom_margin=\u00bb-50px||||false|false\u00bb global_colors_info=\u00bb{}\u00bb][et_pb_column type=\u00bb1_5&#8243; _builder_version=\u00bb4.27.4&#8243; _module_preset=\u00bbdefault\u00bb global_colors_info=\u00bb{}\u00bb][\/et_pb_column][et_pb_column type=\u00bb3_5&#8243; _builder_version=\u00bb4.27.4&#8243; _module_preset=\u00bbdefault\u00bb global_colors_info=\u00bb{}\u00bb][et_pb_text _builder_version=\u00bb4.27.4&#8243; _module_preset=\u00bbdefault\u00bb text_font_size=\u00bb20px\u00bb global_colors_info=\u00bb{}\u00bb]<\/p>\n<div id=\"bgLayers_comp-kyyya172\" data-hook=\"bgLayers\" data-motion-part=\"BG_LAYER comp-kyyya172\" class=\"MW5IWV\">\n<h3 id=\"bgMedia_comp-kyyya172\" data-motion-part=\"BG_MEDIA comp-kyyya172\" class=\"VgO9Yg\">First Call proporciona Beneficios para toda la Persona a su equipo.<\/h3>\n<\/div>\n<div data-mesh-id=\"comp-kyyya172inlineContent\" data-testid=\"inline-content\" class=\"\">\n<div data-mesh-id=\"comp-kyyya172inlineContent-gridContainer\" data-testid=\"mesh-container-content\">\n<div id=\"comp-kyyya176\" class=\"HcOXKn c9GqVL QxJLC3 lq2cno YQcXTT comp-kyyya176 wixui-rich-text\" data-testid=\"richTextElement\" ariaattributes=\"[object Object]\">\n<p class=\"font_8 wixui-rich-text__text\"><span class=\"wixui-rich-text__text\">En First Call, reconocemos que un plan de beneficios para empleados completo e integral para nuestro personal es clave para proporcionar a nuestros clientes la atenci\u00f3n y el tratamiento de calidad que necesitan. Nuestro plan de beneficios y ventajas para el personal est\u00e1 dise\u00f1ado para proporcionar herramientas que ayuden a promover la salud, el bienestar, el equilibrio y la seguridad en cada \u00e1mbito de la vida. Ofrecemos un horario h\u00edbrido (en la oficina y trabajo desde casa), as\u00ed como flexibilidad en los horarios para mejorar el equilibrio entre trabajo y vida personal. First Call se enorgullece de ser una empresa con certificaci\u00f3n Gold \u2013   <span> <\/span><a href=\"https:\/\/www.kcchamber.com\/what-we-do\/healthy-kc\" target=\"_blank\" rel=\"noreferrer noopener\" class=\"wixui-rich-text__text\">2020 Bienestar en el Trabajo Empresa KC Saludable.<\/a> <\/span><\/p>\n<p class=\"font_8 wixui-rich-text__text\"><span class=\"wixui-rich-text__text\">Nuestro plan de beneficios se centra en seis \u00e1reas clave: igualdad de oportunidades en el empleo, generoso tiempo libre remunerado, 13 d\u00edas festivos pagados, un paquete de salud y vida para toda la persona financiado por la agencia (que incluye una cobertura del 100% de las primas sanitarias de los empleados y 3 meses de baja por paternidad totalmente pagados), oportunidades de desarrollo personal y de equipo, y pol\u00edticas de seguridad y bienestar del personal definidas por la junta directiva y los l\u00edderes.<\/span><\/p>\n<\/div>\n<\/div>\n<\/div>\n<p>[\/et_pb_text][et_pb_image src=\u00bbhttps:\/\/www.firstcallkc.org\/wp-content\/uploads\/BenefitWholePerson.avif\u00bb title_text=\u00bbPrestaci\u00f3nTotalPersona\u00bb _builder_version=\u00bb4.27.4&#8243; _module_preset=\u00bbdefault\u00bb global_colors_info=\u00bb{}\u00bb][\/et_pb_image][\/et_pb_column][et_pb_column type=\u00bb1_5&#8243; _builder_version=\u00bb4.27.4&#8243; _module_preset=\u00bbdefault\u00bb global_colors_info=\u00bb{}\u00bb][\/et_pb_column][\/et_pb_row][\/et_pb_section][et_pb_section fb_built=\u00bb1&#8243; _builder_version=\u00bb4.27.4&#8243; _module_preset=\u00bbdefault\u00bb background_color=\u00bbgcid-e3b30804-98c5-4528-8663-76f4e5b210ad\u00bb custom_margin=\u00bb0px||0px||false|false\u00bb custom_padding=\u00bb||||false|false\u00bb global_colors_info=\u00bb{%22gcid-e3b30804-98c5-4528-8663-76f4e5b210ad%22:%91%22background_color%22%93}\u00bb][et_pb_row _builder_version=\u00bb4.27.4&#8243; _module_preset=\u00bbdefault\u00bb max_width=\u00bb800px\u00bb custom_padding=\u00bb0px||0px||false|false\u00bb animation_style=\u00bbfade\u00bb animation_delay=\u00bb500ms\u00bb animation_speed_curve=\u00bbease\u00bb global_colors_info=\u00bb{}\u00bb][et_pb_column type=\u00bb4_4&#8243; _builder_version=\u00bb4.26.1&#8243; _module_preset=\u00bbdefault\u00bb global_colors_info=\u00bb{}\u00bb][et_pb_text _builder_version=\u00bb4.27.4&#8243; _module_preset=\u00bbdefault\u00bb header_text_color=\u00bb#003B71&#8243; header_4_font=\u00bbBrandon Grotesque Bold||||||||\u00bb header_4_text_align=\u00bbcenter\u00bb header_4_text_color=\u00bb#003B71&#8243; header_4_font_size=\u00bb32px\u00bb header_4_line_height=\u00bb1.2em\u00bb custom_margin=\u00bb||0px||false|false\u00bb custom_padding=\u00bb||||false|false\u00bb header_4_font_size_tablet=\u00bb24px\u00bb header_4_font_size_phone=\u00bb22px\u00bb header_4_font_size_last_edited=\u00bbon|phone\u00bb global_colors_info=\u00bb{}\u00bb]<\/p>\n<h4>Solicita unirte al equipo de First Call <\/h4>\n<p>[\/et_pb_text][\/et_pb_column][\/et_pb_row][et_pb_row _builder_version=\u00bb4.27.4&#8243; _module_preset=\u00bbdefault\u00bb global_colors_info=\u00bb{}\u00bb][et_pb_column type=\u00bb4_4&#8243; _builder_version=\u00bb4.27.4&#8243; _module_preset=\u00bbdefault\u00bb global_colors_info=\u00bb{}\u00bb][et_pb_button button_url=\u00bbhttps:\/\/www.firstcallkc.org\/es\/empleo\/\u00bb button_text=\u00bbEmpleo\u00bb button_alignment=\u00bbcenter\u00bb _builder_version=\u00bb4.27.4&#8243; _module_preset=\u00bb23b6e5b5-f6d3-4366-a64a-f8aa5ee0621f\u00bb button_font=\u00bb\u2013et_global_heading_font|500||on|||||\u00bb custom_margin=\u00bb0px|20px|20px|20px|false|true\u00bb hover_enabled=\u00bb0&#8243; global_colors_info=\u00bb{}\u00bb sticky_enabled=\u00bb0&#8243;][\/et_pb_button][\/et_pb_column][\/et_pb_row][\/et_pb_section]<\/p>\n","protected":false},"excerpt":{"rendered":"<p>First Call Beneficios Bienvenido al Empleo Integral @ First Call First Call proporciona Beneficios para toda la Persona a su equipo. En First Call, reconocemos que un plan de beneficios para empleados completo e integral para nuestro personal es clave para proporcionar a nuestros clientes la atenci\u00f3n y el tratamiento de calidad que necesitan. Nuestro plan de beneficios y ventajas para el personal est\u00e1 dise\u00f1ado para proporcionar herramientas que ayuden a promover la salud, el bienestar, el equilibrio y la seguridad en cada \u00e1mbito de la vida. Ofrecemos un horario h\u00edbrido (en la oficina y trabajo desde casa), as\u00ed como flexibilidad en los horarios para mejorar el equilibrio entre trabajo y vida personal. First Call se enorgullece de ser una empresa con certificaci\u00f3n Gold \u2013 2020 Bienestar en el Trabajo Empresa KC Saludable. Nuestro plan de beneficios se centra en seis \u00e1reas clave: igualdad de oportunidades en el empleo, generoso tiempo libre remunerado, 13 d\u00edas festivos pagados, un paquete de salud y vida para toda la persona financiado por la agencia (que incluye una cobertura del 100% de las primas sanitarias de los empleados y 3 meses de baja por paternidad totalmente pagados), oportunidades de desarrollo personal y de equipo, [&hellip;]<\/p>\n","protected":false},"author":3,"featured_media":0,"parent":0,"menu_order":0,"comment_status":"closed","ping_status":"closed","template":"","meta":{"_et_pb_use_builder":"on","_et_pb_old_content":"","_et_gb_content_width":"","_price":"","_stock":"","_tribe_ticket_header":"","_tribe_default_ticket_provider":"","_tribe_ticket_capacity":"0","_ticket_start_date":"","_ticket_end_date":"","_tribe_ticket_show_description":"","_tribe_ticket_show_not_going":false,"_tribe_ticket_use_global_stock":"","_tribe_ticket_global_stock_level":"","_global_stock_mode":"","_global_stock_cap":"","_tribe_rsvp_for_event":"","_tribe_ticket_going_count":"","_tribe_ticket_not_going_count":"","_tribe_tickets_list":"[]","_tribe_ticket_has_attendee_info_fields":false,"footnotes":"","_tec_slr_enabled":"","_tec_slr_layout":""},"class_list":["post-51111","page","type-page","status-publish","hentry"],"ticketed":false,"_links":{"self":[{"href":"https:\/\/www.firstcallkc.org\/es\/wp-json\/wp\/v2\/pages\/51111","targetHints":{"allow":["GET"]}}],"collection":[{"href":"https:\/\/www.firstcallkc.org\/es\/wp-json\/wp\/v2\/pages"}],"about":[{"href":"https:\/\/www.firstcallkc.org\/es\/wp-json\/wp\/v2\/types\/page"}],"author":[{"embeddable":true,"href":"https:\/\/www.firstcallkc.org\/es\/wp-json\/wp\/v2\/users\/3"}],"replies":[{"embeddable":true,"href":"https:\/\/www.firstcallkc.org\/es\/wp-json\/wp\/v2\/comments?post=51111"}],"version-history":[{"count":1,"href":"https:\/\/www.firstcallkc.org\/es\/wp-json\/wp\/v2\/pages\/51111\/revisions"}],"predecessor-version":[{"id":51117,"href":"https:\/\/www.firstcallkc.org\/es\/wp-json\/wp\/v2\/pages\/51111\/revisions\/51117"}],"wp:attachment":[{"href":"https:\/\/www.firstcallkc.org\/es\/wp-json\/wp\/v2\/media?parent=51111"}],"curies":[{"name":"wp","href":"https:\/\/api.w.org\/{rel}","templated":true}]}}