{"id":51118,"date":"2025-03-24T13:48:09","date_gmt":"2025-03-24T18:48:09","guid":{"rendered":"https:\/\/firstcallkc.org\/?page_id=51118"},"modified":"2025-03-24T13:48:10","modified_gmt":"2025-03-24T18:48:10","slug":"politica-de-privacidad-de-los-donantes","status":"publish","type":"page","link":"https:\/\/www.firstcallkc.org\/es\/politica-de-privacidad-de-los-donantes\/","title":{"rendered":"Pol\u00edtica de privacidad de los donantes"},"content":{"rendered":"<p>[et_pb_section fb_built=\u00bb1&#8243; _builder_version=\u00bb4.27.4&#8243; _module_preset=\u00bbdefault\u00bb background_color=\u00bb#D3E6F4&#8243; custom_padding=\u00bb||||false|false\u00bb global_colors_info=\u00bb{}\u00bb][et_pb_row _builder_version=\u00bb4.27.4&#8243; _module_preset=\u00bbdefault\u00bb positioning=\u00bbnone\u00bb position_origin_a=\u00bbcenter_left\u00bb custom_margin=\u00bb0px||0px||false|false\u00bb custom_padding=\u00bb0px||||false|false\u00bb animation_style=\u00bbfade\u00bb animation_delay=\u00bb500ms\u00bb animation_speed_curve=\u00bbease\u00bb global_colors_info=\u00bb{}\u00bb][et_pb_column type=\u00bb4_4&#8243; _builder_version=\u00bb4.26.1&#8243; _module_preset=\u00bbdefault\u00bb global_colors_info=\u00bb{}\u00bb][et_pb_text _builder_version=\u00bb4.27.4&#8243; _module_preset=\u00bb91d8e51b-3457-48d8-810d-1c5603cbcc1e\u00bb custom_margin=\u00bb32px||17px||false|false\u00bb global_colors_info=\u00bb{}\u00bb]<\/p>\n<h1>Pol\u00edtica de privacidad de los donantes<\/h1>\n<p>[\/et_pb_text][\/et_pb_column][\/et_pb_row][\/et_pb_section][et_pb_section fb_built=\u00bb1&#8243; _builder_version=\u00bb4.27.4&#8243; _module_preset=\u00bbdefault\u00bb min_height=\u00bb497.4px\u00bb global_colors_info=\u00bb{}\u00bb][et_pb_row column_structure=\u00bb1_5,3_5,1_5&#8243; _builder_version=\u00bb4.27.4&#8243; _module_preset=\u00bbdefault\u00bb min_height=\u00bb341.9px\u00bb custom_margin=\u00bb-50px||||false|false\u00bb global_colors_info=\u00bb{}\u00bb][et_pb_column type=\u00bb1_5&#8243; _builder_version=\u00bb4.27.4&#8243; _module_preset=\u00bbdefault\u00bb global_colors_info=\u00bb{}\u00bb][\/et_pb_column][et_pb_column type=\u00bb3_5&#8243; _builder_version=\u00bb4.27.4&#8243; _module_preset=\u00bbdefault\u00bb global_colors_info=\u00bb{}\u00bb][et_pb_text _builder_version=\u00bb4.27.4&#8243; _module_preset=\u00bbdefault\u00bb text_font_size=\u00bb20px\u00bb global_colors_info=\u00bb{}\u00bb]<\/p>\n<div id=\"bgLayers_comp-kyyya172\" data-hook=\"bgLayers\" data-motion-part=\"BG_LAYER comp-kyyya172\" class=\"MW5IWV\">\n<div id=\"bgLayers_comp-lx0w1cz92\" data-hook=\"bgLayers\" data-motion-part=\"BG_LAYER comp-lx0w1cz92\" class=\"MW5IWV\">\n<div id=\"bgMedia_comp-lx0w1cz92\" data-motion-part=\"BG_MEDIA comp-lx0w1cz92\" class=\"VgO9Yg\"><span style=\"font-size: 20px;\">First Call valora la confianza que sus donantes depositan en la organizaci\u00f3n y se adhiere a las normas m\u00e1s estrictas en la recopilaci\u00f3n, uso y salvaguarda de la informaci\u00f3n de los clientes. Esto incluye toda la informaci\u00f3n personal y sobre donaciones del donante. <\/span><\/div>\n<\/div>\n<div data-mesh-id=\"comp-lx0w1cz92inlineContent\" data-testid=\"inline-content\" class=\"\">\n<div data-mesh-id=\"comp-lx0w1cz92inlineContent-gridContainer\" data-testid=\"mesh-container-content\">\n<div id=\"comp-jfcte2ch\" class=\"HcOXKn SxM0TO QxJLC3 lq2cno YQcXTT comp-jfcte2ch wixui-rich-text\" data-testid=\"richTextElement\" ariaattributes=\"[object Object]\">\n<h6 class=\"font_6 wixui-rich-text__text\"> <\/h6>\n<h6 class=\"font_6 wixui-rich-text__text\"><span class=\"color_19 wixui-rich-text__text\"><span class=\"wixui-rich-text__text\">La informaci\u00f3n que recogemos<\/span><\/span><\/h6>\n<p class=\"font_7 wixui-rich-text__text\">De la mayor\u00eda de los donantes, tenemos acceso a su nombre, direcci\u00f3n, direcci\u00f3n de correo electr\u00f3nico y n\u00fameros de tel\u00e9fono de contacto. De muchos, tambi\u00e9n tenemos informaci\u00f3n sobre cuentas bancarias y\/o tarjetas de cr\u00e9dito.<br class=\"wixui-rich-text__text\">First Call no alquila, intercambia, vende ni comparte ninguna informaci\u00f3n sobre sus donantes. <\/p>\n<h6 class=\"font_6 wixui-rich-text__text\"><span class=\"wixGuard wixui-rich-text__text\"><\/span><\/h6>\n<h6 class=\"font_6 wixui-rich-text__text\"><span class=\"color_19 wixui-rich-text__text\"><span class=\"wixui-rich-text__text\">Acceso a la informaci\u00f3n<\/span><\/span><\/h6>\n<p class=\"font_7 wixui-rich-text__text\">First Call Se proh\u00edbe a los empleados que puedan acceder a la informaci\u00f3n de los donantes para realizar funciones de procesamiento de promesas y\/o administrativas que revelen tu informaci\u00f3n a terceros. Las organizaciones que nos prestan servicios operativos u otros servicios de apoyo tambi\u00e9n deben comprometerse a salvaguardar la informaci\u00f3n de los donantes en estricto cumplimiento de nuestra pol\u00edtica de privacidad. <\/p>\n<p class=\"font_7 wixui-rich-text__text\">\n<h6 class=\"font_6 wixui-rich-text__text\"><span class=\"wixui-rich-text__text\"><span class=\"color_19 wixui-rich-text__text\">\u00bfPor qu\u00e9 recogemos esta informaci\u00f3n?<\/span><\/span><\/h6>\n<p class=\"font_7 wixui-rich-text__text\">Las relaciones de los donantes con First Call son voluntarias y confidenciales. La informaci\u00f3n de los donantes se utiliza para procesar y enviar el acuse de recibo de las donaciones. Tambi\u00e9n se utiliza para proporcionar informaci\u00f3n sobre First Call, promover eventos de recaudaci\u00f3n de fondos en beneficio directo de la misi\u00f3n de First Call y durante dos llamamientos anuales (abril y noviembre). Si un donante se pone en contacto con nosotros para indicarnos que no desea recibir dichas comunicaciones, First Call interrumpir\u00e1 el servicio descrito.   <\/p>\n<p class=\"font_7 wixui-rich-text__text\">\n<h6 class=\"font_6 wixui-rich-text__text\"><span class=\"wixui-rich-text__text\"><span class=\"color_19 wixui-rich-text__text\">Nuestro compromiso con la seguridad de los datos<\/span><\/span><\/h6>\n<p class=\"font_7 wixui-rich-text__text\">Para evitar el acceso no autorizado, mantener la exactitud de los datos y garantizar el uso correcto de la informaci\u00f3n, hemos establecido procedimientos para salvaguardar y asegurar la informaci\u00f3n que recopilamos. Los cortafuegos impiden el acceso de terceros a nuestra base de datos y el acceso interno a la base de datos First Call est\u00e1 restringido a las personas autorizadas.   <\/p>\n<\/div>\n<\/div>\n<\/div>\n<\/div>\n<div data-mesh-id=\"comp-kyyya172inlineContent\" data-testid=\"inline-content\" class=\"\">\n<div data-mesh-id=\"comp-kyyya172inlineContent-gridContainer\" data-testid=\"mesh-container-content\">\n<div id=\"comp-kyyya176\" class=\"HcOXKn c9GqVL QxJLC3 lq2cno YQcXTT comp-kyyya176 wixui-rich-text\" data-testid=\"richTextElement\" ariaattributes=\"[object Object]\"><\/div>\n<\/div>\n<\/div>\n<p>[\/et_pb_text][\/et_pb_column][et_pb_column type=\u00bb1_5&#8243; _builder_version=\u00bb4.27.4&#8243; _module_preset=\u00bbdefault\u00bb global_colors_info=\u00bb{}\u00bb][\/et_pb_column][\/et_pb_row][\/et_pb_section][et_pb_section fb_built=\u00bb1&#8243; _builder_version=\u00bb4.27.4&#8243; _module_preset=\u00bbdefault\u00bb background_color=\u00bbgcid-e3b30804-98c5-4528-8663-76f4e5b210ad\u00bb custom_margin=\u00bb0px||0px||false|false\u00bb custom_padding=\u00bb||||false|false\u00bb global_colors_info=\u00bb{%22gcid-e3b30804-98c5-4528-8663-76f4e5b210ad%22:%91%22background_color%22%93}\u00bb][et_pb_row _builder_version=\u00bb4.27.4&#8243; _module_preset=\u00bbdefault\u00bb max_width=\u00bb800px\u00bb custom_padding=\u00bb0px||0px||false|false\u00bb animation_style=\u00bbfade\u00bb animation_delay=\u00bb500ms\u00bb animation_speed_curve=\u00bbease\u00bb global_colors_info=\u00bb{}\u00bb][et_pb_column type=\u00bb4_4&#8243; _builder_version=\u00bb4.26.1&#8243; _module_preset=\u00bbdefault\u00bb global_colors_info=\u00bb{}\u00bb][et_pb_text _builder_version=\u00bb4.27.4&#8243; _module_preset=\u00bbdefault\u00bb header_text_color=\u00bb#003B71&#8243; header_4_font=\u00bbBrandon Grotesque Bold||||||||\u00bb header_4_text_align=\u00bbcenter\u00bb header_4_text_color=\u00bb#003B71&#8243; header_4_font_size=\u00bb32px\u00bb header_4_line_height=\u00bb1.2em\u00bb custom_margin=\u00bb||0px||false|false\u00bb custom_padding=\u00bb||||false|false\u00bb header_4_font_size_tablet=\u00bb24px\u00bb header_4_font_size_phone=\u00bb22px\u00bb header_4_font_size_last_edited=\u00bbon|phone\u00bb global_colors_info=\u00bb{}\u00bb]<\/p>\n<h4>Colabora con nuestra misi\u00f3n de salvar vidas.<\/h4>\n<p>[\/et_pb_text][\/et_pb_column][\/et_pb_row][et_pb_row _builder_version=\u00bb4.27.4&#8243; _module_preset=\u00bbdefault\u00bb global_colors_info=\u00bb{}\u00bb][et_pb_column type=\u00bb4_4&#8243; _builder_version=\u00bb4.27.4&#8243; _module_preset=\u00bbdefault\u00bb global_colors_info=\u00bb{}\u00bb][et_pb_button button_url=\u00bb\/donate\u00bb button_text=\u00bbDona\u00bb button_alignment=\u00bbcenter\u00bb _builder_version=\u00bb4.27.4&#8243; _module_preset=\u00bb23b6e5b5-f6d3-4366-a64a-f8aa5ee0621f\u00bb button_font=\u00bb\u2013et_global_heading_font|500||on|||||\u00bb custom_margin=\u00bb0px|20px|20px|20px|false|true\u00bb hover_enabled=\u00bb0&#8243; global_colors_info=\u00bb{}\u00bb sticky_enabled=\u00bb0&#8243;][\/et_pb_button][\/et_pb_column][\/et_pb_row][\/et_pb_section]<\/p>\n","protected":false},"excerpt":{"rendered":"<p>Pol\u00edtica de privacidad de los donantes First Call valora la confianza que sus donantes depositan en la organizaci\u00f3n y se adhiere a las normas m\u00e1s estrictas en la recopilaci\u00f3n, uso y salvaguarda de la informaci\u00f3n de los clientes. Esto incluye toda la informaci\u00f3n personal y sobre donaciones del donante. La informaci\u00f3n que recogemos De la mayor\u00eda de los donantes, tenemos acceso a su nombre, direcci\u00f3n, direcci\u00f3n de correo electr\u00f3nico y n\u00fameros de tel\u00e9fono de contacto. De muchos, tambi\u00e9n tenemos informaci\u00f3n sobre cuentas bancarias y\/o tarjetas de cr\u00e9dito.First Call no alquila, intercambia, vende ni comparte ninguna informaci\u00f3n sobre sus donantes. Acceso a la informaci\u00f3n First Call Se proh\u00edbe a los empleados que puedan acceder a la informaci\u00f3n de los donantes para realizar funciones de procesamiento de promesas y\/o administrativas que revelen tu informaci\u00f3n a terceros. Las organizaciones que nos prestan servicios operativos u otros servicios de apoyo tambi\u00e9n deben comprometerse a salvaguardar la informaci\u00f3n de los donantes en estricto cumplimiento de nuestra pol\u00edtica de privacidad. \u00bfPor qu\u00e9 recogemos esta informaci\u00f3n? Las relaciones de los donantes con First Call son voluntarias y confidenciales. La informaci\u00f3n de los donantes se utiliza para procesar y enviar el acuse de recibo de las donaciones. Tambi\u00e9n [&hellip;]<\/p>\n","protected":false},"author":3,"featured_media":0,"parent":0,"menu_order":0,"comment_status":"closed","ping_status":"closed","template":"","meta":{"_et_pb_use_builder":"on","_et_pb_old_content":"","_et_gb_content_width":"","_price":"","_stock":"","_tribe_ticket_header":"","_tribe_default_ticket_provider":"","_tribe_ticket_capacity":"0","_ticket_start_date":"","_ticket_end_date":"","_tribe_ticket_show_description":"","_tribe_ticket_show_not_going":false,"_tribe_ticket_use_global_stock":"","_tribe_ticket_global_stock_level":"","_global_stock_mode":"","_global_stock_cap":"","_tribe_rsvp_for_event":"","_tribe_ticket_going_count":"","_tribe_ticket_not_going_count":"","_tribe_tickets_list":"[]","_tribe_ticket_has_attendee_info_fields":false,"footnotes":"","_tec_slr_enabled":"","_tec_slr_layout":""},"class_list":["post-51118","page","type-page","status-publish","hentry"],"ticketed":false,"_links":{"self":[{"href":"https:\/\/www.firstcallkc.org\/es\/wp-json\/wp\/v2\/pages\/51118","targetHints":{"allow":["GET"]}}],"collection":[{"href":"https:\/\/www.firstcallkc.org\/es\/wp-json\/wp\/v2\/pages"}],"about":[{"href":"https:\/\/www.firstcallkc.org\/es\/wp-json\/wp\/v2\/types\/page"}],"author":[{"embeddable":true,"href":"https:\/\/www.firstcallkc.org\/es\/wp-json\/wp\/v2\/users\/3"}],"replies":[{"embeddable":true,"href":"https:\/\/www.firstcallkc.org\/es\/wp-json\/wp\/v2\/comments?post=51118"}],"version-history":[{"count":1,"href":"https:\/\/www.firstcallkc.org\/es\/wp-json\/wp\/v2\/pages\/51118\/revisions"}],"predecessor-version":[{"id":51121,"href":"https:\/\/www.firstcallkc.org\/es\/wp-json\/wp\/v2\/pages\/51118\/revisions\/51121"}],"wp:attachment":[{"href":"https:\/\/www.firstcallkc.org\/es\/wp-json\/wp\/v2\/media?parent=51118"}],"curies":[{"name":"wp","href":"https:\/\/api.w.org\/{rel}","templated":true}]}}