{"id":53421,"date":"2025-07-14T11:25:56","date_gmt":"2025-07-14T16:25:56","guid":{"rendered":"https:\/\/www.firstcallkc.org\/respondiendo-a-la-llamada\/"},"modified":"2025-10-29T14:27:06","modified_gmt":"2025-10-29T19:27:06","slug":"respondiendo-a-la-llamada","status":"publish","type":"page","link":"https:\/\/www.firstcallkc.org\/es\/respondiendo-a-la-llamada\/","title":{"rendered":"Respondiendo a la llamada"},"content":{"rendered":"<p>[et_pb_section fb_built=\u00bb1&#8243; admin_label=\u00bbSection\u00bb _builder_version=\u00bb4.27.4&#8243; background_color=\u00bb#FFFFFF\u00bb custom_padding=\u00bb0px||0px||true\u00bb global_colors_info=\u00bb{}\u00bb][et_pb_row column_structure=\u00bb1_2,1_2&#8243; use_custom_gutter=\u00bbon\u00bb gutter_width=\u00bb1&#8243; make_equal=\u00bbon\u00bb padding_top_bottom_link_1=\u00bbtrue\u00bb padding_top_bottom_link_2=\u00bbtrue\u00bb padding_left_right_link_1=\u00bbtrue\u00bb padding_left_right_link_2=\u00bbtrue\u00bb module_class=\u00bb et_pb_row_fullwidth\u00bb _builder_version=\u00bb4.27.4&#8243; width=\u00bb100%\u00bb width_tablet=\u00bb100%\u00bb width_phone=\u00bb\u00bb width_last_edited=\u00bbon|desktop\u00bb max_width=\u00bb100%\u00bb max_width_tablet=\u00bb100%\u00bb max_width_phone=\u00bb\u00bb max_width_last_edited=\u00bbon|desktop\u00bb min_height=\u00bb100px\u00bb height=\u00bb399px\u00bb custom_padding=\u00bb0px||0px|\u00bb make_fullwidth=\u00bbon\u00bb global_colors_info=\u00bb{}\u00bb][et_pb_column type=\u00bb1_2&#8243; admin_label=\u00bbColumna\u00bb _builder_version=\u00bb4.27.4&#8243; background_color=\u00bb#003B71&#8243; background_enable_pattern_style=\u00bbon\u00bb background_pattern_style=\u00bbtufted\u00bb background_pattern_color=\u00bbrgba(0,0,0,0.13)\u00bb custom_padding=\u00bb7%|7%|7%|7%\u00bb global_colors_info=\u00bb{}\u00bb custom_padding__hover=\u00bb|||\u00bb][et_pb_text admin_label=\u00bbText\u00bb _builder_version=\u00bb4.27.4&#8243; _module_preset=\u00bb91d8e51b-3457-48d8-810d-1c5603cbcc1e\u00bb header_text_color=\u00bb#FFFFFF\u00bb custom_margin=\u00bb-11px||17px||false|false\u00bb header_font_size_tablet=\u00bb69px\u00bb header_font_size_phone=\u00bb40px\u00bb global_colors_info=\u00bb{}\u00bb]<\/p>\n<h1>Respondiendo a la llamada<\/h1>\n<p>[\/et_pb_text][et_pb_text quote_border_weight=\u00bb0px\u00bb _builder_version=\u00bb4.27.4&#8243; _module_preset=\u00bb9191aef3-cae0-49af-a5a0-5aeb59386bf1&#8243; text_font=\u00bbBrandon Grotesque Medium||||||||\u00bb text_text_color=\u00bbgcid-a619ccf1-db75-42ca-81f1-0f19d5dadeca\u00bb text_font_size=\u00bb36px\u00bb quote_font=\u00bbBrandon Grotesque Medium||||||||\u00bb quote_text_color=\u00bbgcid-a619ccf1-db75-42ca-81f1-0f19d5dadeca\u00bb quote_font_size=\u00bb36px\u00bb module_alignment=\u00bbleft\u00bb custom_padding=\u00bb0px||0px|0px|false|false\u00bb global_colors_info=\u00bb{%22gcid-a619ccf1-db75-42ca-81f1-0f19d5dadeca%22:%91%22quote_text_color%22,%22text_text_color%22%93}\u00bb]<\/p>\n<p>un p\u00f3dcast de First Call<\/p>\n<p>[\/et_pb_text][\/et_pb_column][et_pb_column type=\u00bb1_2&#8243; _builder_version=\u00bb4.27.4&#8243; _module_preset=\u00bbdefault\u00bb global_colors_info=\u00bb{}\u00bb][et_pb_video src=\u00bbhttps:\/\/www.firstcallkc.org\/wp-content\/uploads\/AnsweringTheCallTeaser.mp4&#8243; play_icon_color=\u00bbRGBA(255,255,255,0)\u00bb _builder_version=\u00bb4.27.4&#8243; _module_preset=\u00bbdefault\u00bb width=\u00bb100%\u00bb max_width=\u00bb100%\u00bb min_height=\u00bb355px\u00bb height=\u00bb905px\u00bb max_height=\u00bb621px\u00bb custom_margin=\u00bb||-2033px|||\u00bb custom_padding=\u00bb|0px|0px|||\u00bb global_colors_info=\u00bb{}\u00bb][\/et_pb_video][\/et_pb_column][\/et_pb_row][\/et_pb_section][et_pb_section fb_built=\u00bb1&#8243; admin_label=\u00bbSection\u00bb _builder_version=\u00bb4.27.4&#8243; _module_preset=\u00bbdefault\u00bb min_height=\u00bb342.1px\u00bb custom_margin=\u00bb0px||0px||false|false\u00bb custom_padding=\u00bb||0px|||\u00bb global_colors_info=\u00bb{}\u00bb][et_pb_row _builder_version=\u00bb4.27.4&#8243; _module_preset=\u00bbdefault\u00bb custom_padding=\u00bb0px||0px||false|false\u00bb animation_style=\u00bbfade\u00bb animation_delay=\u00bb500ms\u00bb animation_speed_curve=\u00bbease\u00bb global_colors_info=\u00bb{}\u00bb][et_pb_column type=\u00bb4_4&#8243; _builder_version=\u00bb4.27.4&#8243; _module_preset=\u00bbdefault\u00bb custom_padding=\u00bb||||false|false\u00bb global_colors_info=\u00bb{}\u00bb][et_pb_text quote_border_weight=\u00bb0px\u00bb _builder_version=\u00bb4.27.4&#8243; _module_preset=\u00bb9191aef3-cae0-49af-a5a0-5aeb59386bf1&#8243; text_font=\u00bbBrandon Grotesque Medium||||||||\u00bb text_text_color=\u00bb#003B71&#8243; text_font_size=\u00bb36px\u00bb quote_font=\u00bbBrandon Grotesque Medium||||||||\u00bb quote_text_color=\u00bb#003B71&#8243; quote_font_size=\u00bb36px\u00bb max_width=\u00bb100%\u00bb module_alignment=\u00bbcenter\u00bb text_font_size_tablet=\u00bb34px\u00bb text_font_size_phone=\u00bb28px\u00bb text_font_size_last_edited=\u00bbon|phone\u00bb global_colors_info=\u00bb{}\u00bb]<\/p>\n<p class=\"font_8 wixui-rich-text__text\"><span>Answering the Call es un p\u00f3dcast de First Call que explora el impacto de la adicci\u00f3n en nuestras comunidades, y la esperanza que se encuentra en la recuperaci\u00f3n. A trav\u00e9s de conversaciones honestas con personas, familias y profesionales, rompemos el estigma, compartimos historias impactantes y destacamos el trabajo que se est\u00e1 realizando para acabar con la crisis de adicci\u00f3n. Tanto si est\u00e1s en recuperaci\u00f3n, como si quieres a alguien que tiene problemas o quieres entender mejor el problema, este p\u00f3dcast es tu invitaci\u00f3n a formar parte de la soluci\u00f3n.  <\/span><\/p>\n<p>[\/et_pb_text][\/et_pb_column][\/et_pb_row][\/et_pb_section][et_pb_section fb_built=\u00bb1&#8243; _builder_version=\u00bb4.27.4&#8243; _module_preset=\u00bbdefault\u00bb custom_padding=\u00bb0px||0px|||\u00bb global_colors_info=\u00bb{}\u00bb][et_pb_row _builder_version=\u00bb4.27.4&#8243; _module_preset=\u00bbdefault\u00bb global_colors_info=\u00bb{}\u00bb][et_pb_column type=\u00bb4_4&#8243; _builder_version=\u00bb4.27.4&#8243; _module_preset=\u00bbdefault\u00bb global_colors_info=\u00bb{}\u00bb][et_pb_divider color=\u00bb#003B71&#8243; _builder_version=\u00bb4.27.4&#8243; _module_preset=\u00bbdefault\u00bb global_colors_info=\u00bb{}\u00bb][\/et_pb_divider][\/et_pb_column][\/et_pb_row][\/et_pb_section][et_pb_section fb_built=\u00bb1&#8243; _builder_version=\u00bb4.27.4&#8243; _module_preset=\u00bbdefault\u00bb custom_padding=\u00bb0px||0px|||\u00bb global_colors_info=\u00bb{}\u00bb][et_pb_row _builder_version=\u00bb4.27.4&#8243; _module_preset=\u00bbdefault\u00bb custom_padding=\u00bb||0px|||\u00bb global_colors_info=\u00bb{}\u00bb][et_pb_column type=\u00bb4_4&#8243; _builder_version=\u00bb4.27.4&#8243; _module_preset=\u00bbdefault\u00bb global_colors_info=\u00bb{}\u00bb][et_pb_text _builder_version=\u00bb4.27.4&#8243; _module_preset=\u00bbdefault\u00bb global_colors_info=\u00bb{}\u00bb]<\/p>\n<h1>Escuchar ahora<\/h1>\n<p>[\/et_pb_text][\/et_pb_column][\/et_pb_row][\/et_pb_section][et_pb_section fb_built=\u00bb1&#8243; _builder_version=\u00bb4.27.4&#8243; _module_preset=\u00bbdefault\u00bb custom_padding=\u00bb0px|||||\u00bb global_colors_info=\u00bb{}\u00bb][et_pb_row column_structure=\u00bb1_3,1_3,1_3&#8243; _builder_version=\u00bb4.27.4&#8243; _module_preset=\u00bbdefault\u00bb custom_padding=\u00bb34px|||||\u00bb hover_enabled=\u00bb0&#8243; global_colors_info=\u00bb{}\u00bb sticky_enabled=\u00bb0&#8243;][et_pb_column type=\u00bb1_3&#8243; _builder_version=\u00bb4.27.4&#8243; _module_preset=\u00bbdefault\u00bb global_colors_info=\u00bb{}\u00bb][et_pb_video src=\u00bbhttps:\/\/www.youtube.com\/watch?v=OQ6llhIu3bI&#038;list=PLKZXc0IAbkNzzP4knVqdacSD4nzF86goi&#038;index=2&#8243; _builder_version=\u00bb4.27.4&#8243; _module_preset=\u00bbdefault\u00bb global_colors_info=\u00bb{}\u00bb][\/et_pb_video][et_pb_text _builder_version=\u00bb4.27.4&#8243; _module_preset=\u00bbdefault\u00bb inline_fonts=\u00bbBrandon Grotesque Regular\u00bb global_colors_info=\u00bb{}\u00bb]<\/p>\n<h5>Episodio 1: una llamada al cambio<\/h5>\n<p><span style=\"font-family: 'Brandon Grotesque Regular'; font-weight: normal; font-size: small;\">En nuestro primer episodio, empezamos con una conversaci\u00f3n impactante entre el presentador Bill Brandmeyer y la presidenta y directora ejecutiva de First Call, Emily Hage. Emily comparte la inspiradora historia de First Call, c\u00f3mo hemos crecido a lo largo de los a\u00f1os y la fuerza impulsora detr\u00e1s de nuestra misi\u00f3n para acabar con la crisis de adicci\u00f3n. =<\/span><\/p>\n<p>[\/et_pb_text][\/et_pb_column][et_pb_column type=\u00bb1_3&#8243; _builder_version=\u00bb4.27.4&#8243; _module_preset=\u00bbdefault\u00bb global_colors_info=\u00bb{}\u00bb][et_pb_video src=\u00bbhttps:\/\/www.youtube.com\/watch?v=_yfbGOm0tgQ&#038;list=PLKZXc0IAbkNzzP4knVqdacSD4nzF86goi&#038;index=3&#8243; _builder_version=\u00bb4.27.4&#8243; _module_preset=\u00bbdefault\u00bb min_height=\u00bb163px\u00bb global_colors_info=\u00bb{}\u00bb][\/et_pb_video][et_pb_text _builder_version=\u00bb4.27.4&#8243; _module_preset=\u00bbdefault\u00bb hover_enabled=\u00bb0&#8243; inline_fonts=\u00bbBrandon Grotesque Regular\u00bb global_colors_info=\u00bb{}\u00bb sticky_enabled=\u00bb0&#8243;]<\/p>\n<h5>Episodio 2: c\u00f3mo hablar con tus hijos<\/h5>\n<p><span style=\"font-family: 'Brandon Grotesque Regular'; font-weight: normal; font-size: small;\"><span>Hablar con tus hijos sobre drogas y alcohol no tiene por qu\u00e9 ser inc\u00f3modo, solo tiene que ser honesto. En este episodio, nos acompa\u00f1a Margaux Mueller, directora de prevenci\u00f3n de First Call, para una conversaci\u00f3n que todo padre, cuidador y adulto de confianza necesita escuchar. Margaux comparte consejos pr\u00e1cticos, estrategias apropiadas para cada edad y por qu\u00e9 c\u00f3mo hablas es tan importante como lo que dices. Tanto si tu hijo tiene 8 como 18 a\u00f1os, este episodio te ayudar\u00e1 a iniciar la conversaci\u00f3n y a mantenerla.    <strong>M\u00e1s informaci\u00f3n en: firstcallkc.org\/talk<\/strong><\/span><\/span><\/p>\n<p>[\/et_pb_text][\/et_pb_column][et_pb_column type=\u00bb1_3&#8243; _builder_version=\u00bb4.27.4&#8243; _module_preset=\u00bbdefault\u00bb global_colors_info=\u00bb{}\u00bb][et_pb_video src=\u00bbhttps:\/\/www.youtube.com\/watch?v=Vc9gLhW2zos\u00bb _builder_version=\u00bb4.27.4&#8243; _module_preset=\u00bbdefault\u00bb hover_enabled=\u00bb0&#8243; sticky_enabled=\u00bb0&#8243;][\/et_pb_video][et_pb_text _builder_version=\u00bb4.27.4&#8243; _module_preset=\u00bbdefault\u00bb hover_enabled=\u00bb0&#8243; sticky_enabled=\u00bb0&#8243; inline_fonts=\u00bbBrandon Grotesque Regular\u00bb]<\/p>\n<h5><strong>Episodio 3: de la curiosidad por la sobriedad a la sobriedad total<\/strong><\/h5>\n<p><span style=\"font-size: small; font-family: 'Brandon Grotesque Regular'; font-weight: normal;\">Jenny Platten aport\u00f3 toda su verdad a la sala. Exploramos el movimiento de la curiosidad por la sobriedad, cuestionamos suposiciones con respeto y creamos un espacio seguro para una conversaci\u00f3n honesta. Fue el tipo de intercambio que ayuda a las personas a sentirse vistas, no juzgadas, y las anima a hacerse preguntas m\u00e1s profundas sobre sus propias elecciones.  <\/span><\/p>\n<p>[\/et_pb_text][\/et_pb_column][\/et_pb_row][\/et_pb_section][et_pb_section fb_built=\u00bb1&#8243; _builder_version=\u00bb4.27.4&#8243; _module_preset=\u00bbdefault\u00bb background_color=\u00bb#D3E6F4&#8243; custom_padding=\u00bb30px||30px||true|\u00bb locked=\u00bboff\u00bb global_colors_info=\u00bb{}\u00bb][\/et_pb_section]<\/p>\n","protected":false},"excerpt":{"rendered":"<p>Respondiendo a la llamadaun p\u00f3dcast de First CallAnswering the Call es un p\u00f3dcast de First Call que explora el impacto de la adicci\u00f3n en nuestras comunidades, y la esperanza que se encuentra en la recuperaci\u00f3n. A trav\u00e9s de conversaciones honestas con personas, familias y profesionales, rompemos el estigma, compartimos historias impactantes y destacamos el trabajo que se est\u00e1 realizando para acabar con la crisis de adicci\u00f3n. Tanto si est\u00e1s en recuperaci\u00f3n, como si quieres a alguien que tiene problemas o quieres entender mejor el problema, este p\u00f3dcast es tu invitaci\u00f3n a formar parte de la soluci\u00f3n. Escuchar ahoraEpisodio 1: una llamada al cambio En nuestro primer episodio, empezamos con una conversaci\u00f3n impactante entre el presentador Bill Brandmeyer y la presidenta y directora ejecutiva de First Call, Emily Hage. Emily comparte la inspiradora historia de First Call, c\u00f3mo hemos crecido a lo largo de los a\u00f1os y la fuerza impulsora detr\u00e1s de nuestra misi\u00f3n para acabar con la crisis de adicci\u00f3n. =Episodio 2: c\u00f3mo hablar con tus hijos Hablar con tus hijos sobre drogas y alcohol no tiene por qu\u00e9 ser inc\u00f3modo, solo tiene que ser honesto. En este episodio, nos acompa\u00f1a Margaux Mueller, directora de prevenci\u00f3n de First Call, para [&hellip;]<\/p>\n","protected":false},"author":4,"featured_media":0,"parent":0,"menu_order":0,"comment_status":"closed","ping_status":"closed","template":"","meta":{"_et_pb_use_builder":"on","_et_pb_old_content":"","_et_gb_content_width":"","_price":"","_stock":"","_tribe_ticket_header":"","_tribe_default_ticket_provider":"","_tribe_ticket_capacity":"0","_ticket_start_date":"","_ticket_end_date":"","_tribe_ticket_show_description":"","_tribe_ticket_show_not_going":false,"_tribe_ticket_use_global_stock":"","_tribe_ticket_global_stock_level":"","_global_stock_mode":"","_global_stock_cap":"","_tribe_rsvp_for_event":"","_tribe_ticket_going_count":"","_tribe_ticket_not_going_count":"","_tribe_tickets_list":"[]","_tribe_ticket_has_attendee_info_fields":false,"footnotes":"","_tec_slr_enabled":"","_tec_slr_layout":""},"class_list":["post-53421","page","type-page","status-publish","hentry"],"ticketed":false,"_links":{"self":[{"href":"https:\/\/www.firstcallkc.org\/es\/wp-json\/wp\/v2\/pages\/53421","targetHints":{"allow":["GET"]}}],"collection":[{"href":"https:\/\/www.firstcallkc.org\/es\/wp-json\/wp\/v2\/pages"}],"about":[{"href":"https:\/\/www.firstcallkc.org\/es\/wp-json\/wp\/v2\/types\/page"}],"author":[{"embeddable":true,"href":"https:\/\/www.firstcallkc.org\/es\/wp-json\/wp\/v2\/users\/4"}],"replies":[{"embeddable":true,"href":"https:\/\/www.firstcallkc.org\/es\/wp-json\/wp\/v2\/comments?post=53421"}],"version-history":[{"count":6,"href":"https:\/\/www.firstcallkc.org\/es\/wp-json\/wp\/v2\/pages\/53421\/revisions"}],"predecessor-version":[{"id":54129,"href":"https:\/\/www.firstcallkc.org\/es\/wp-json\/wp\/v2\/pages\/53421\/revisions\/54129"}],"wp:attachment":[{"href":"https:\/\/www.firstcallkc.org\/es\/wp-json\/wp\/v2\/media?parent=53421"}],"curies":[{"name":"wp","href":"https:\/\/api.w.org\/{rel}","templated":true}]}}